
{"id":42935,"date":"2024-04-05T12:21:23","date_gmt":"2024-04-05T12:21:23","guid":{"rendered":"https:\/\/marketac.eu\/membership\/la-asociacion-de-fabricantes-y-distribuidores-aecoc\/"},"modified":"2024-04-05T12:38:12","modified_gmt":"2024-04-05T12:38:12","slug":"la-asociacion-de-fabricantes-y-distribuidores-aecoc","status":"publish","type":"page","link":"https:\/\/marketac.eu\/fr\/membership\/la-asociacion-de-fabricantes-y-distribuidores-aecoc\/","title":{"rendered":"AECOC \u2013 La Asociaci\u00f3n de Fabricantes y Distribuidores"},"content":{"rendered":"\t\t<div data-elementor-type=\"wp-page\" data-elementor-id=\"42935\" class=\"elementor elementor-42935 elementor-42927\" data-elementor-post-type=\"page\">\n\t\t\t\t\t\t<section class=\"elementor-section elementor-top-section elementor-element elementor-element-e57d9bb elementor-section-boxed elementor-section-height-default elementor-section-height-default\" data-id=\"e57d9bb\" data-element_type=\"section\" data-e-type=\"section\">\n\t\t\t\t\t\t<div class=\"elementor-container elementor-column-gap-default\">\n\t\t\t\t\t<div class=\"elementor-column elementor-col-100 elementor-top-column elementor-element elementor-element-37974030\" data-id=\"37974030\" data-element_type=\"column\" data-e-type=\"column\">\n\t\t\t<div class=\"elementor-widget-wrap elementor-element-populated\">\n\t\t\t\t\t\t<div class=\"elementor-element elementor-element-8be73f2 elementor-widget elementor-widget-pix-img\" data-id=\"8be73f2\" data-element_type=\"widget\" data-e-type=\"widget\" data-widget_type=\"pix-img.default\">\n\t\t\t\t<div class=\"elementor-widget-container\">\n\t\t\t\t\t<div id=\"el-8be73f2\" class=\"pix-img-element d-inline-block \" style=\"width:60%;\"><div class=\"pix-img-el     center d-inline-block  w-100 rounded-lg\"  ><img fetchpriority=\"high\" decoding=\"async\" width=\"1098\" height=\"233\" src=\"https:\/\/marketac.eu\/wp-content\/uploads\/2024\/04\/main-logo-1.png\" class=\"pix-img-elem rounded-lg\" alt=\"Image link\" srcset=\"https:\/\/marketac.eu\/wp-content\/uploads\/2024\/04\/main-logo-1.png 1098w, https:\/\/marketac.eu\/wp-content\/uploads\/2024\/04\/main-logo-1-300x64.png 300w, https:\/\/marketac.eu\/wp-content\/uploads\/2024\/04\/main-logo-1-1024x217.png 1024w, https:\/\/marketac.eu\/wp-content\/uploads\/2024\/04\/main-logo-1-768x163.png 768w\" sizes=\"(max-width: 1098px) 100vw, 1098px\" \/><\/div><\/div>\t\t\t\t<\/div>\n\t\t\t\t<\/div>\n\t\t\t\t<div class=\"elementor-element elementor-element-6c49485d elementor-widget elementor-widget-Table\" data-id=\"6c49485d\" data-element_type=\"widget\" data-e-type=\"widget\" data-widget_type=\"Table.default\">\n\t\t\t\t<div class=\"elementor-widget-container\">\n\t\t\t\t\t\t\t<table class=\"tafe-table \">\n\t\t\t<thead  class=\"tafe-table-header\">\n\t\t\t\t<tr>\n\t\t\t\t\t<th class=\"elementor-inline-editing elementor-repeater-item-f7bb1ad\"   ><\/th><th class=\"elementor-inline-editing elementor-repeater-item-d1cf98c\"   >AECOC - La Asociaci\u00f3n de Fabricantes y Distribuidores<\/th>\t\t\t\t<\/tr>\n\t\t\t<\/thead>\n\t\t\t\t\t\t<tbody class=\"tafe-table-body\">\n\t\t\t\t<tr>\n\t\t\t\t\t<\/tr><tr><td data-label=\"\"   class=\"elementor-repeater-item-2b7c7c1 td-content-type-default\" >Personne responsable<\/td><td data-label=\"AECOC - La Asociaci\u00f3n de Fabricantes y Distribuidores\"   class=\"elementor-repeater-item-af50c1d td-content-type-default\" ><strong style=\"color: #3ca7a4\">Seafood Products Officer<\/strong> <\/br>\n\u00c0ngels Segura Uni\u00f3 <\/td><\/tr><tr><td data-label=\"\"   class=\"elementor-repeater-item-4f2f51c td-content-type-default\" >R\u00e9presentant principal<\/td><td data-label=\"AECOC - La Asociaci\u00f3n de Fabricantes y Distribuidores\"   class=\"elementor-repeater-item-2afe712 td-content-type-default\" >\u00c0ngels Segura Uni\u00f3 <\/td><\/tr><tr><td data-label=\"\"   class=\"elementor-repeater-item-eb525f4 td-content-type-default\" >Adresse:<\/td><td data-label=\"AECOC - La Asociaci\u00f3n de Fabricantes y Distribuidores\"   class=\"elementor-repeater-item-f4049b0 td-content-type-default\" >Ronda General Mitre, 10 08017 Barcelona, Spain<\/td><\/tr><tr><td data-label=\"\"   class=\"elementor-repeater-item-52861fe td-content-type-default\" >E-mail:<\/td><td data-label=\"AECOC - La Asociaci\u00f3n de Fabricantes y Distribuidores\"   class=\"elementor-repeater-item-2cb4cfe td-content-type-default\" ><a href=\"mailto:info@aecoc.es\">info@aecoc.es<\/a><\/br><\/td><\/tr><tr><td data-label=\"\"   class=\"elementor-repeater-item-c21700f td-content-type-default\" >Site:<\/td><td data-label=\"AECOC - La Asociaci\u00f3n de Fabricantes y Distribuidores\"   class=\"elementor-repeater-item-cee8042 td-content-type-default\" ><a href=\"http:\/\/aecoc.es\/\" target=\"_blank\" rel=\"noopener\">www.aecoc.es<\/a><\/td>\t\t\t\t<\/tr>\n\t\t\t<\/tbody>\n\t\t<\/table>\n\t\t\n\t\t\t\t\t\t<\/div>\n\t\t\t\t<\/div>\n\t\t\t\t<div class=\"elementor-element elementor-element-6eda6c5a elementor-widget elementor-widget-pix-button\" data-id=\"6eda6c5a\" data-element_type=\"widget\" data-e-type=\"widget\" data-widget_type=\"pix-button.default\">\n\t\t\t\t<div class=\"elementor-widget-container\">\n\t\t\t\t\t<div class=\"d-block w-100 text-center\"><a  href=\"https:\/\/marketac.eu\/fr\/membership\/\" class=\"btn m-0      btn-primary d-inline-flex align-items-center      pix-btn-div btn-md\"     ><svg class=\"pixfort-icon font-weight-bold   mr-2\" width=\"24\" height=\"24\"  data-name=\"Line\/pixfort-icon-arrow-left-circle-1\" viewBox=\"2 2 20 20\"><path fill=\"none\" stroke=\"var(--pf-icon-color)\" stroke-linecap=\"round\" stroke-linejoin=\"round\" stroke-width=\"var(--pf-icon-stroke-width)\" d=\"M12,21 C16.9705627,21 21,16.9705627 21,12 C21,7.02943725 16.9705627,3 12,3 C7.02943725,3 3,7.02943725 3,12 C3,16.9705627 7.02943725,21 12,21 Z M8,12 L17,12 M12,17 L7,12 L12,7\"\/><\/svg><span class=\"font-weight-bold \" >Retour aux membres<\/span><\/a><\/div>\t\t\t\t<\/div>\n\t\t\t\t<\/div>\n\t\t\t\t\t<\/div>\n\t\t<\/div>\n\t\t\t\t\t<\/div>\n\t\t<\/section>\n\t\t\t\t<\/div>\n\t\t","protected":false},"excerpt":{"rendered":"<p>AECOC &#8211; La Asociaci\u00f3n de Fabricantes y Distribuidores Personne responsable Seafood Products Officer \u00c0ngels Segura Uni\u00f3 R\u00e9presentant principal \u00c0ngels Segura Uni\u00f3 Adresse: Ronda General Mitre, 10 08017 Barcelona, Spain E-mail: info@aecoc.es Site: www.aecoc.es Retour aux membres<\/p>\n","protected":false},"author":2,"featured_media":0,"parent":27532,"menu_order":7,"comment_status":"closed","ping_status":"closed","template":"","meta":{"footnotes":""},"class_list":["post-42935","page","type-page","status-publish","hentry"],"_links":{"self":[{"href":"https:\/\/marketac.eu\/fr\/wp-json\/wp\/v2\/pages\/42935","targetHints":{"allow":["GET"]}}],"collection":[{"href":"https:\/\/marketac.eu\/fr\/wp-json\/wp\/v2\/pages"}],"about":[{"href":"https:\/\/marketac.eu\/fr\/wp-json\/wp\/v2\/types\/page"}],"author":[{"embeddable":true,"href":"https:\/\/marketac.eu\/fr\/wp-json\/wp\/v2\/users\/2"}],"replies":[{"embeddable":true,"href":"https:\/\/marketac.eu\/fr\/wp-json\/wp\/v2\/comments?post=42935"}],"version-history":[{"count":5,"href":"https:\/\/marketac.eu\/fr\/wp-json\/wp\/v2\/pages\/42935\/revisions"}],"predecessor-version":[{"id":42957,"href":"https:\/\/marketac.eu\/fr\/wp-json\/wp\/v2\/pages\/42935\/revisions\/42957"}],"up":[{"embeddable":true,"href":"https:\/\/marketac.eu\/fr\/wp-json\/wp\/v2\/pages\/27532"}],"wp:attachment":[{"href":"https:\/\/marketac.eu\/fr\/wp-json\/wp\/v2\/media?parent=42935"}],"curies":[{"name":"wp","href":"https:\/\/api.w.org\/{rel}","templated":true}]}}