
{"id":40289,"date":"2023-10-30T15:20:53","date_gmt":"2023-10-30T15:20:53","guid":{"rendered":"https:\/\/marketac.eu\/membership\/union-du-mareyage-francais-umf\/"},"modified":"2023-10-31T15:38:57","modified_gmt":"2023-10-31T15:38:57","slug":"union-du-mareyage-francais-umf","status":"publish","type":"page","link":"https:\/\/marketac.eu\/fr\/membership\/union-du-mareyage-francais-umf\/","title":{"rendered":"Union du Mareyage Fran\u00e7ais (UMF)"},"content":{"rendered":"\t\t<div data-elementor-type=\"wp-page\" data-elementor-id=\"40289\" class=\"elementor elementor-40289 elementor-40287\" data-elementor-post-type=\"page\">\n\t\t\t\t\t\t<section class=\"elementor-section elementor-top-section elementor-element elementor-element-52a5ffe9 elementor-section-boxed elementor-section-height-default elementor-section-height-default\" data-id=\"52a5ffe9\" data-element_type=\"section\" data-e-type=\"section\">\n\t\t\t\t\t\t<div class=\"elementor-container elementor-column-gap-default\">\n\t\t\t\t\t<div class=\"elementor-column elementor-col-100 elementor-top-column elementor-element elementor-element-1bc04f56\" data-id=\"1bc04f56\" data-element_type=\"column\" data-e-type=\"column\">\n\t\t\t<div class=\"elementor-widget-wrap elementor-element-populated\">\n\t\t\t\t\t\t<section class=\"elementor-section elementor-inner-section elementor-element elementor-element-789488eb bg-white shadow shadow-hover-lg fly-sm rounded-10 overflow-hidden elementor-section-boxed elementor-section-height-default elementor-section-height-default\" data-id=\"789488eb\" data-element_type=\"section\" data-e-type=\"section\" data-settings=\"{&quot;animation&quot;:&quot;none&quot;}\">\n\t\t\t\t\t\t<div class=\"elementor-container elementor-column-gap-default\">\n\t\t\t\t\t<div class=\"elementor-column elementor-col-50 elementor-inner-column elementor-element elementor-element-2d3fd69a\" data-id=\"2d3fd69a\" data-element_type=\"column\" data-e-type=\"column\">\n\t\t\t<div class=\"elementor-widget-wrap elementor-element-populated\">\n\t\t\t\t\t\t<div class=\"elementor-element elementor-element-21a2ccce elementor-widget elementor-widget-image\" data-id=\"21a2ccce\" data-element_type=\"widget\" data-e-type=\"widget\" data-widget_type=\"image.default\">\n\t\t\t\t<div class=\"elementor-widget-container\">\n\t\t\t\t\t\t\t\t\t\t\t\t\t\t\t<img decoding=\"async\" width=\"142\" height=\"116\" src=\"https:\/\/marketac.eu\/wp-content\/uploads\/2023\/10\/logo-1-1.jpg\" class=\"attachment-large size-large wp-image-40296\" alt=\"\" \/>\t\t\t\t\t\t\t\t\t\t\t\t\t\t\t<\/div>\n\t\t\t\t<\/div>\n\t\t\t\t\t<\/div>\n\t\t<\/div>\n\t\t\t\t<div class=\"elementor-column elementor-col-50 elementor-inner-column elementor-element elementor-element-66c1aaec\" data-id=\"66c1aaec\" data-element_type=\"column\" data-e-type=\"column\">\n\t\t\t<div class=\"elementor-widget-wrap elementor-element-populated\">\n\t\t\t\t\t\t<div class=\"elementor-element elementor-element-bb12465 elementor-widget elementor-widget-pix-sliding-text\" data-id=\"bb12465\" data-element_type=\"widget\" data-e-type=\"widget\" data-widget_type=\"pix-sliding-text.default\">\n\t\t\t\t<div class=\"elementor-widget-container\">\n\t\t\t\t\t<div id=\"el-bb12465\" class=\"mb-3 text-center \"><div class=\"d-inline-block\" style=\"max-width:700px;\"><h5 class=\"mb-32 pix-sliding-headline-2 animate-in font-weight-bold secondary-font \" data-anim-type=\"pix-sliding-text\" pix-anim-delay=\"500\" data-class=\"secondary-font text-gray-8\" style=\"\"><span class=\"slide-in-container \"><span class=\"pix-sliding-item secondary-font text-gray-8\" style=\"transition-delay: 0ms;\">Union&#32;<\/span><\/span> <span class=\"slide-in-container \"><span class=\"pix-sliding-item secondary-font text-gray-8\" style=\"transition-delay: 150ms;\">du&#32;<\/span><\/span> <span class=\"slide-in-container \"><span class=\"pix-sliding-item secondary-font text-gray-8\" style=\"transition-delay: 300ms;\">Mareyage&#32;<\/span><\/span> <span class=\"slide-in-container \"><span class=\"pix-sliding-item secondary-font text-gray-8\" style=\"transition-delay: 450ms;\">Fran\u00e7ais&#32;<\/span><\/span> <span class=\"slide-in-container \"><span class=\"pix-sliding-item secondary-font text-gray-8\" style=\"transition-delay: 600ms;\">(UMF)&#32;<\/span><\/span> <\/h5><\/div><\/div>\t\t\t\t<\/div>\n\t\t\t\t<\/div>\n\t\t\t\t\t<\/div>\n\t\t<\/div>\n\t\t\t\t\t<\/div>\n\t\t<\/section>\n\t\t\t\t\t<\/div>\n\t\t<\/div>\n\t\t\t\t\t<\/div>\n\t\t<\/section>\n\t\t\t\t<section class=\"elementor-section elementor-top-section elementor-element elementor-element-3c7cfd01 elementor-section-boxed elementor-section-height-default elementor-section-height-default\" data-id=\"3c7cfd01\" data-element_type=\"section\" data-e-type=\"section\">\n\t\t\t\t\t\t<div class=\"elementor-container elementor-column-gap-default\">\n\t\t\t\t\t<div class=\"elementor-column elementor-col-100 elementor-top-column elementor-element elementor-element-7a4b4920\" data-id=\"7a4b4920\" data-element_type=\"column\" data-e-type=\"column\">\n\t\t\t<div class=\"elementor-widget-wrap elementor-element-populated\">\n\t\t\t\t\t\t<div class=\"elementor-element elementor-element-2716991b elementor-widget elementor-widget-Table\" data-id=\"2716991b\" data-element_type=\"widget\" data-e-type=\"widget\" data-widget_type=\"Table.default\">\n\t\t\t\t<div class=\"elementor-widget-container\">\n\t\t\t\t\t\t\t<table class=\"tafe-table \">\n\t\t\t<thead  class=\"tafe-table-header\">\n\t\t\t\t<tr>\n\t\t\t\t\t<th class=\"elementor-inline-editing elementor-repeater-item-f7bb1ad\"   >Information<\/th><th class=\"elementor-inline-editing elementor-repeater-item-d1cf98c\"   >Des d\u00e9tails<\/th>\t\t\t\t<\/tr>\n\t\t\t<\/thead>\n\t\t\t\t\t\t<tbody class=\"tafe-table-body\">\n\t\t\t\t<tr>\n\t\t\t\t\t<\/tr><tr><td data-label=\"Information\"   class=\"elementor-repeater-item-2b7c7c1 td-content-type-default\" >Personne responsable<\/td><td data-label=\"Des d\u00e9tails\"   class=\"elementor-repeater-item-af50c1d td-content-type-default\" ><strong style=\"color: #3ca7a4\">Secr\u00e9taire g\u00e9n\u00e9ral:<\/strong> <\/br>\nPeter Samson<\/td><\/tr><tr><td data-label=\"Information\"   class=\"elementor-repeater-item-4f2f51c td-content-type-default\" >R\u00e9presentant principal<\/td><td data-label=\"Des d\u00e9tails\"   class=\"elementor-repeater-item-2afe712 td-content-type-default\" >Peter Samson<\/td><\/tr><tr><td data-label=\"Information\"   class=\"elementor-repeater-item-eb525f4 td-content-type-default\" >Adresse:<\/td><td data-label=\"Des d\u00e9tails\"   class=\"elementor-repeater-item-f4049b0 td-content-type-default\" >212 Avenue du Maine 75014, Paris, France<\/td><\/tr><tr><td data-label=\"Information\"   class=\"elementor-repeater-item-52861fe td-content-type-default\" >E-mail:<\/td><td data-label=\"Des d\u00e9tails\"   class=\"elementor-repeater-item-2cb4cfe td-content-type-default\" ><a href=\"mailto:contact@mareyeurs.org\">contact@mareyeurs.org <\/a><\/br><\/td><\/tr><tr><td data-label=\"Information\"   class=\"elementor-repeater-item-c21700f td-content-type-default\" >Site:<\/td><td data-label=\"Des d\u00e9tails\"   class=\"elementor-repeater-item-cee8042 td-content-type-default\" ><a href=\"https:\/\/www.mareyeurs.org\/\" rel=\"noopener\" target=\"_blank\">https:\/\/www.mareyeurs.org\/<\/a><\/br>\n<\/td>\t\t\t\t<\/tr>\n\t\t\t<\/tbody>\n\t\t<\/table>\n\t\t\n\t\t\t\t\t\t<\/div>\n\t\t\t\t<\/div>\n\t\t\t\t<div class=\"elementor-element elementor-element-94052b5 elementor-widget elementor-widget-pix-button\" data-id=\"94052b5\" data-element_type=\"widget\" data-e-type=\"widget\" data-widget_type=\"pix-button.default\">\n\t\t\t\t<div class=\"elementor-widget-container\">\n\t\t\t\t\t<div class=\"d-block w-100 text-center\"><a  href=\"https:\/\/marketac.eu\/fr\/membership\/\" class=\"btn m-0      btn-primary d-inline-flex align-items-center      pix-btn-div btn-md\"     ><svg class=\"pixfort-icon font-weight-bold   mr-2\" width=\"24\" height=\"24\"  data-name=\"Line\/pixfort-icon-arrow-left-circle-1\" viewBox=\"2 2 20 20\"><path fill=\"none\" stroke=\"var(--pf-icon-color)\" stroke-linecap=\"round\" stroke-linejoin=\"round\" stroke-width=\"var(--pf-icon-stroke-width)\" d=\"M12,21 C16.9705627,21 21,16.9705627 21,12 C21,7.02943725 16.9705627,3 12,3 C7.02943725,3 3,7.02943725 3,12 C3,16.9705627 7.02943725,21 12,21 Z M8,12 L17,12 M12,17 L7,12 L12,7\"\/><\/svg><span class=\"font-weight-bold \" >Retour aux membres<\/span><\/a><\/div>\t\t\t\t<\/div>\n\t\t\t\t<\/div>\n\t\t\t\t\t<\/div>\n\t\t<\/div>\n\t\t\t\t\t<\/div>\n\t\t<\/section>\n\t\t\t\t<\/div>\n\t\t","protected":false},"excerpt":{"rendered":"<p>Union&#32; du&#32; Mareyage&#32; Fran\u00e7ais&#32; (UMF)&#32; Information Des d\u00e9tails Personne responsable Secr\u00e9taire g\u00e9n\u00e9ral: Peter Samson R\u00e9presentant principal Peter Samson Adresse: 212 Avenue du Maine 75014, Paris, France E-mail: contact@mareyeurs.org Site: https:\/\/www.mareyeurs.org\/ Retour aux membres<\/p>\n","protected":false},"author":2,"featured_media":0,"parent":27532,"menu_order":0,"comment_status":"closed","ping_status":"closed","template":"","meta":{"footnotes":""},"class_list":["post-40289","page","type-page","status-publish","hentry"],"_links":{"self":[{"href":"https:\/\/marketac.eu\/fr\/wp-json\/wp\/v2\/pages\/40289","targetHints":{"allow":["GET"]}}],"collection":[{"href":"https:\/\/marketac.eu\/fr\/wp-json\/wp\/v2\/pages"}],"about":[{"href":"https:\/\/marketac.eu\/fr\/wp-json\/wp\/v2\/types\/page"}],"author":[{"embeddable":true,"href":"https:\/\/marketac.eu\/fr\/wp-json\/wp\/v2\/users\/2"}],"replies":[{"embeddable":true,"href":"https:\/\/marketac.eu\/fr\/wp-json\/wp\/v2\/comments?post=40289"}],"version-history":[{"count":12,"href":"https:\/\/marketac.eu\/fr\/wp-json\/wp\/v2\/pages\/40289\/revisions"}],"predecessor-version":[{"id":40350,"href":"https:\/\/marketac.eu\/fr\/wp-json\/wp\/v2\/pages\/40289\/revisions\/40350"}],"up":[{"embeddable":true,"href":"https:\/\/marketac.eu\/fr\/wp-json\/wp\/v2\/pages\/27532"}],"wp:attachment":[{"href":"https:\/\/marketac.eu\/fr\/wp-json\/wp\/v2\/media?parent=40289"}],"curies":[{"name":"wp","href":"https:\/\/api.w.org\/{rel}","templated":true}]}}