
{"id":29291,"date":"2021-10-28T14:02:37","date_gmt":"2021-10-28T14:02:37","guid":{"rendered":"https:\/\/marketac.eu\/membership\/oppc-3\/"},"modified":"2022-01-08T19:25:45","modified_gmt":"2022-01-08T19:25:45","slug":"oppc-3","status":"publish","type":"page","link":"https:\/\/marketac.eu\/fr\/membership\/oppc-3\/","title":{"rendered":"OPPC-3 &#8211; Organizaci\u00f3n de Productores de Buques Congeladores de Merl\u00facidos, Cefal\u00f3podos y Especies Varias"},"content":{"rendered":"\t\t<div data-elementor-type=\"wp-page\" data-elementor-id=\"29291\" class=\"elementor elementor-29291 elementor-20740\" data-elementor-post-type=\"page\">\n\t\t\t\t\t\t<section class=\"elementor-section elementor-top-section elementor-element elementor-element-574ecd16 elementor-section-boxed elementor-section-height-default elementor-section-height-default\" data-id=\"574ecd16\" data-element_type=\"section\" data-e-type=\"section\" data-settings=\"{&quot;pix_scale_in&quot;:&quot;none&quot;}\">\n\t\t\t\t\t\t<div class=\"elementor-container elementor-column-gap-default\">\n\t\t\t\t\t<div class=\"elementor-column elementor-col-100 elementor-top-column elementor-element elementor-element-1a15249c\" data-id=\"1a15249c\" data-element_type=\"column\" data-e-type=\"column\" data-settings=\"{&quot;pix_scale_in&quot;:&quot;none&quot;}\">\n\t\t\t<div class=\"elementor-widget-wrap elementor-element-populated\">\n\t\t\t\t\t\t<section class=\"elementor-section elementor-inner-section elementor-element elementor-element-76999c8e bg-white shadow shadow-hover-lg fly-sm rounded-10 overflow-hidden elementor-section-boxed elementor-section-height-default elementor-section-height-default\" data-id=\"76999c8e\" data-element_type=\"section\" data-e-type=\"section\" data-settings=\"{&quot;animation&quot;:&quot;none&quot;,&quot;pix_scale_in&quot;:&quot;none&quot;}\">\n\t\t\t\t\t\t<div class=\"elementor-container elementor-column-gap-default\">\n\t\t\t\t\t<div class=\"elementor-column elementor-col-100 elementor-inner-column elementor-element elementor-element-1883b539\" data-id=\"1883b539\" data-element_type=\"column\" data-e-type=\"column\" data-settings=\"{&quot;pix_scale_in&quot;:&quot;none&quot;}\">\n\t\t\t<div class=\"elementor-widget-wrap elementor-element-populated\">\n\t\t\t\t\t\t<div class=\"elementor-element elementor-element-bb0ef73 elementor-widget elementor-widget-image\" data-id=\"bb0ef73\" data-element_type=\"widget\" data-e-type=\"widget\" data-widget_type=\"image.default\">\n\t\t\t\t<div class=\"elementor-widget-container\">\n\t\t\t\t\t\t\t\t\t\t\t\t\t\t\t<img decoding=\"async\" width=\"96\" height=\"127\" src=\"https:\/\/marketac.eu\/wp-content\/uploads\/2021\/10\/oppc.jpg\" class=\"attachment-large size-large wp-image-24117\" alt=\"\" \/>\t\t\t\t\t\t\t\t\t\t\t\t\t\t\t<\/div>\n\t\t\t\t<\/div>\n\t\t\t\t\t<\/div>\n\t\t<\/div>\n\t\t\t\t\t<\/div>\n\t\t<\/section>\n\t\t\t\t\t<\/div>\n\t\t<\/div>\n\t\t\t\t\t<\/div>\n\t\t<\/section>\n\t\t\t\t<section class=\"elementor-section elementor-top-section elementor-element elementor-element-2b4688b elementor-section-boxed elementor-section-height-default elementor-section-height-default\" data-id=\"2b4688b\" data-element_type=\"section\" data-e-type=\"section\" data-settings=\"{&quot;pix_scale_in&quot;:&quot;none&quot;}\">\n\t\t\t\t\t\t<div class=\"elementor-container elementor-column-gap-default\">\n\t\t\t\t\t<div class=\"elementor-column elementor-col-100 elementor-top-column elementor-element elementor-element-09299ab\" data-id=\"09299ab\" data-element_type=\"column\" data-e-type=\"column\" data-settings=\"{&quot;pix_scale_in&quot;:&quot;none&quot;}\">\n\t\t\t<div class=\"elementor-widget-wrap elementor-element-populated\">\n\t\t\t\t\t\t<div class=\"elementor-element elementor-element-96ca4d6 elementor-widget elementor-widget-Table\" data-id=\"96ca4d6\" data-element_type=\"widget\" data-e-type=\"widget\" data-widget_type=\"Table.default\">\n\t\t\t\t<div class=\"elementor-widget-container\">\n\t\t\t\t\t\t\t<table class=\"tafe-table \">\n\t\t\t<thead  class=\"tafe-table-header\">\n\t\t\t\t<tr>\n\t\t\t\t\t<th class=\"elementor-inline-editing elementor-repeater-item-f7bb1ad\"   ><\/th><th class=\"elementor-inline-editing elementor-repeater-item-d1cf98c\"   >OPPC-3 - Organizaci\u00f3n de Productores de Buques Congeladores de Merl\u00facidos, Cefal\u00f3podos y Especies Varias<\/th>\t\t\t\t<\/tr>\n\t\t\t<\/thead>\n\t\t\t\t\t\t<tbody class=\"tafe-table-body\">\n\t\t\t\t<tr>\n\t\t\t\t\t<\/tr><tr><td data-label=\"\"   class=\"elementor-repeater-item-2b7c7c1 td-content-type-default\" >Personne responsable<\/td><td data-label=\"OPPC-3 - Organizaci\u00f3n de Productores de Buques Congeladores de Merl\u00facidos, Cefal\u00f3podos y Especies Varias\"   class=\"elementor-repeater-item-af50c1d td-content-type-default\" ><strong style=\"color: #3ca7a4\">Directeur adjoint:<\/strong> <\/br>\nEdelmiro Ulla Alonso<\/td><\/tr><tr><td data-label=\"\"   class=\"elementor-repeater-item-4f2f51c td-content-type-default\" >R\u00e9presentant principal<\/td><td data-label=\"OPPC-3 - Organizaci\u00f3n de Productores de Buques Congeladores de Merl\u00facidos, Cefal\u00f3podos y Especies Varias\"   class=\"elementor-repeater-item-2afe712 td-content-type-default\" >Jos\u00e9 A. Suarez-Llanos<\/td><\/tr><tr><td data-label=\"\"   class=\"elementor-repeater-item-eb525f4 td-content-type-default\" >Adresse:<\/td><td data-label=\"OPPC-3 - Organizaci\u00f3n de Productores de Buques Congeladores de Merl\u00facidos, Cefal\u00f3podos y Especies Varias\"   class=\"elementor-repeater-item-f4049b0 td-content-type-default\" >Puerto Pesquero, Edificio Ramiro, Gordejuela 36202-Vigo Pontevedra, Spain<\/td><\/tr><tr><td data-label=\"\"   class=\"elementor-repeater-item-52861fe td-content-type-default\" >E-mail:<\/td><td data-label=\"OPPC-3 - Organizaci\u00f3n de Productores de Buques Congeladores de Merl\u00facidos, Cefal\u00f3podos y Especies Varias\"   class=\"elementor-repeater-item-2cb4cfe td-content-type-default\" ><a href=\"mailto:arvi@arvi.org\">arvi@arvi.org<\/a><\/td><\/tr><tr><td data-label=\"\"   class=\"elementor-repeater-item-c21700f td-content-type-default\" >Site:<\/td><td data-label=\"OPPC-3 - Organizaci\u00f3n de Productores de Buques Congeladores de Merl\u00facidos, Cefal\u00f3podos y Especies Varias\"   class=\"elementor-repeater-item-cee8042 td-content-type-default\" ><a href=\"https:\/\/www.oppc3.com\/\" target=\"_blank\" rel=\"noopener\">www.oppc3.com<\/a><\/td>\t\t\t\t<\/tr>\n\t\t\t<\/tbody>\n\t\t<\/table>\n\t\t\n\t\t\t\t\t\t<\/div>\n\t\t\t\t<\/div>\n\t\t\t\t<div class=\"elementor-element elementor-element-c7b862b elementor-widget elementor-widget-pix-button\" data-id=\"c7b862b\" data-element_type=\"widget\" data-e-type=\"widget\" data-widget_type=\"pix-button.default\">\n\t\t\t\t<div class=\"elementor-widget-container\">\n\t\t\t\t\t<div class=\"d-block w-100 text-center\"><a  href=\"https:\/\/marketac.eu\/fr\/membership\/\" class=\"btn m-0      btn-primary d-inline-flex align-items-center      pix-btn-div btn-md\"     ><svg class=\"pixfort-icon font-weight-bold   mr-2\" width=\"24\" height=\"24\"  data-name=\"Line\/pixfort-icon-arrow-left-circle-1\" viewBox=\"2 2 20 20\"><path fill=\"none\" stroke=\"var(--pf-icon-color)\" stroke-linecap=\"round\" stroke-linejoin=\"round\" stroke-width=\"var(--pf-icon-stroke-width)\" d=\"M12,21 C16.9705627,21 21,16.9705627 21,12 C21,7.02943725 16.9705627,3 12,3 C7.02943725,3 3,7.02943725 3,12 C3,16.9705627 7.02943725,21 12,21 Z M8,12 L17,12 M12,17 L7,12 L12,7\"\/><\/svg><span class=\"font-weight-bold \" >Retour aux membres<\/span><\/a><\/div>\t\t\t\t<\/div>\n\t\t\t\t<\/div>\n\t\t\t\t\t<\/div>\n\t\t<\/div>\n\t\t\t\t\t<\/div>\n\t\t<\/section>\n\t\t\t\t<\/div>\n\t\t","protected":false},"excerpt":{"rendered":"<p>OPPC-3 &#8211; Organizaci\u00f3n de Productores de Buques Congeladores de Merl\u00facidos, Cefal\u00f3podos y Especies Varias Personne responsable Directeur adjoint: Edelmiro Ulla Alonso R\u00e9presentant principal Jos\u00e9 A. Suarez-Llanos Adresse: Puerto Pesquero, Edificio Ramiro, Gordejuela 36202-Vigo Pontevedra, Spain E-mail: arvi@arvi.org Site: www.oppc3.com Retour&#8230;<\/p>\n","protected":false},"author":1,"featured_media":0,"parent":27532,"menu_order":7,"comment_status":"closed","ping_status":"closed","template":"","meta":{"footnotes":""},"class_list":["post-29291","page","type-page","status-publish","hentry"],"_links":{"self":[{"href":"https:\/\/marketac.eu\/fr\/wp-json\/wp\/v2\/pages\/29291","targetHints":{"allow":["GET"]}}],"collection":[{"href":"https:\/\/marketac.eu\/fr\/wp-json\/wp\/v2\/pages"}],"about":[{"href":"https:\/\/marketac.eu\/fr\/wp-json\/wp\/v2\/types\/page"}],"author":[{"embeddable":true,"href":"https:\/\/marketac.eu\/fr\/wp-json\/wp\/v2\/users\/1"}],"replies":[{"embeddable":true,"href":"https:\/\/marketac.eu\/fr\/wp-json\/wp\/v2\/comments?post=29291"}],"version-history":[{"count":3,"href":"https:\/\/marketac.eu\/fr\/wp-json\/wp\/v2\/pages\/29291\/revisions"}],"predecessor-version":[{"id":29320,"href":"https:\/\/marketac.eu\/fr\/wp-json\/wp\/v2\/pages\/29291\/revisions\/29320"}],"up":[{"embeddable":true,"href":"https:\/\/marketac.eu\/fr\/wp-json\/wp\/v2\/pages\/27532"}],"wp:attachment":[{"href":"https:\/\/marketac.eu\/fr\/wp-json\/wp\/v2\/media?parent=29291"}],"curies":[{"name":"wp","href":"https:\/\/api.w.org\/{rel}","templated":true}]}}