
{"id":29287,"date":"2021-10-28T14:17:36","date_gmt":"2021-10-28T14:17:36","guid":{"rendered":"https:\/\/marketac.eu\/membership\/opp72\/"},"modified":"2022-01-08T19:19:31","modified_gmt":"2022-01-08T19:19:31","slug":"opp72","status":"publish","type":"page","link":"https:\/\/marketac.eu\/fr\/membership\/opp72\/","title":{"rendered":"OPP72 &#8211; Organizaci\u00f3n Productores Pesqueros Artesanales Lonja de Conil"},"content":{"rendered":"\t\t<div data-elementor-type=\"wp-page\" data-elementor-id=\"29287\" class=\"elementor elementor-29287 elementor-20768\" data-elementor-post-type=\"page\">\n\t\t\t\t\t\t<section class=\"elementor-section elementor-top-section elementor-element elementor-element-574ecd16 elementor-section-boxed elementor-section-height-default elementor-section-height-default\" data-id=\"574ecd16\" data-element_type=\"section\" data-e-type=\"section\">\n\t\t\t\t\t\t<div class=\"elementor-container elementor-column-gap-default\">\n\t\t\t\t\t<div class=\"elementor-column elementor-col-100 elementor-top-column elementor-element elementor-element-1a15249c\" data-id=\"1a15249c\" data-element_type=\"column\" data-e-type=\"column\">\n\t\t\t<div class=\"elementor-widget-wrap elementor-element-populated\">\n\t\t\t\t\t\t<section class=\"elementor-section elementor-inner-section elementor-element elementor-element-76999c8e bg-white shadow shadow-hover-lg fly-sm rounded-10 overflow-hidden elementor-section-boxed elementor-section-height-default elementor-section-height-default\" data-id=\"76999c8e\" data-element_type=\"section\" data-e-type=\"section\" data-settings=\"{&quot;animation&quot;:&quot;none&quot;}\">\n\t\t\t\t\t\t<div class=\"elementor-container elementor-column-gap-default\">\n\t\t\t\t\t<div class=\"elementor-column elementor-col-100 elementor-inner-column elementor-element elementor-element-1883b539\" data-id=\"1883b539\" data-element_type=\"column\" data-e-type=\"column\">\n\t\t\t<div class=\"elementor-widget-wrap elementor-element-populated\">\n\t\t\t\t\t\t<div class=\"elementor-element elementor-element-bb0ef73 elementor-widget elementor-widget-image\" data-id=\"bb0ef73\" data-element_type=\"widget\" data-e-type=\"widget\" data-widget_type=\"image.default\">\n\t\t\t\t<div class=\"elementor-widget-container\">\n\t\t\t\t\t\t\t\t\t\t\t\t\t\t\t<img decoding=\"async\" width=\"222\" height=\"80\" src=\"https:\/\/marketac.eu\/wp-content\/uploads\/2021\/10\/opp72.png\" class=\"attachment-large size-large wp-image-24121\" alt=\"\" \/>\t\t\t\t\t\t\t\t\t\t\t\t\t\t\t<\/div>\n\t\t\t\t<\/div>\n\t\t\t\t\t<\/div>\n\t\t<\/div>\n\t\t\t\t\t<\/div>\n\t\t<\/section>\n\t\t\t\t\t<\/div>\n\t\t<\/div>\n\t\t\t\t\t<\/div>\n\t\t<\/section>\n\t\t\t\t<section class=\"elementor-section elementor-top-section elementor-element elementor-element-ff8a7c3 elementor-section-boxed elementor-section-height-default elementor-section-height-default\" data-id=\"ff8a7c3\" data-element_type=\"section\" data-e-type=\"section\">\n\t\t\t\t\t\t<div class=\"elementor-container elementor-column-gap-default\">\n\t\t\t\t\t<div class=\"elementor-column elementor-col-100 elementor-top-column elementor-element elementor-element-bd5ebb2\" data-id=\"bd5ebb2\" data-element_type=\"column\" data-e-type=\"column\">\n\t\t\t<div class=\"elementor-widget-wrap elementor-element-populated\">\n\t\t\t\t\t\t<div class=\"elementor-element elementor-element-5a7a903 elementor-widget elementor-widget-Table\" data-id=\"5a7a903\" data-element_type=\"widget\" data-e-type=\"widget\" data-widget_type=\"Table.default\">\n\t\t\t\t<div class=\"elementor-widget-container\">\n\t\t\t\t\t\t\t<table class=\"tafe-table \">\n\t\t\t<thead  class=\"tafe-table-header\">\n\t\t\t\t<tr>\n\t\t\t\t\t<th class=\"elementor-inline-editing elementor-repeater-item-f7bb1ad\"   ><\/th><th class=\"elementor-inline-editing elementor-repeater-item-d1cf98c\"   >OPP72 - Organizaci\u00f3n Productores Pesqueros Artesanales Lonja de Conil <\/th>\t\t\t\t<\/tr>\n\t\t\t<\/thead>\n\t\t\t\t\t\t<tbody class=\"tafe-table-body\">\n\t\t\t\t<tr>\n\t\t\t\t\t<\/tr><tr><td data-label=\"\"   class=\"elementor-repeater-item-2b7c7c1 td-content-type-default\" >Personne responsable<\/td><td data-label=\"OPP72 - Organizaci\u00f3n Productores Pesqueros Artesanales Lonja de Conil\"   class=\"elementor-repeater-item-af50c1d td-content-type-default\" ><strong style=\"color: #3ca7a4\">Secr\u00e9taire g\u00e9n\u00e9ral:<\/strong> <\/br>\nNicolas Fern\u00e1ndez Mu\u00f1oz<\/td><\/tr><tr><td data-label=\"\"   class=\"elementor-repeater-item-4f2f51c td-content-type-default\" >R\u00e9presentant principal<\/td><td data-label=\"OPP72 - Organizaci\u00f3n Productores Pesqueros Artesanales Lonja de Conil\"   class=\"elementor-repeater-item-2afe712 td-content-type-default\" >Nicolas Fern\u00e1ndez Mu\u00f1oz<\/td><\/tr><tr><td data-label=\"\"   class=\"elementor-repeater-item-eb525f4 td-content-type-default\" >Adresse:<\/td><td data-label=\"OPP72 - Organizaci\u00f3n Productores Pesqueros Artesanales Lonja de Conil\"   class=\"elementor-repeater-item-f4049b0 td-content-type-default\" >C\/Puerta de Cadiz n\u00ba 5, 11140 Conil de la Frontera \u2013 C\u00e1diz, Spain<\/td><\/tr><tr><td data-label=\"\"   class=\"elementor-repeater-item-52861fe td-content-type-default\" >E-mail:<\/td><td data-label=\"OPP72 - Organizaci\u00f3n Productores Pesqueros Artesanales Lonja de Conil\"   class=\"elementor-repeater-item-2cb4cfe td-content-type-default\" ><a href=\"mailto:gerenteopp72@gmail.com\">gerenteopp72@gmail.com<\/a><\/td><\/tr><tr><td data-label=\"\"   class=\"elementor-repeater-item-c21700f td-content-type-default\" >Site:<\/td><td data-label=\"OPP72 - Organizaci\u00f3n Productores Pesqueros Artesanales Lonja de Conil\"   class=\"elementor-repeater-item-cee8042 td-content-type-default\" ><a href=\"https:\/\/pescadodeconil.com\/\/\" target=\"_blank\" rel=\"noopener\">www.pescadodeconil.com<\/a><\/td>\t\t\t\t<\/tr>\n\t\t\t<\/tbody>\n\t\t<\/table>\n\t\t\n\t\t\t\t\t\t<\/div>\n\t\t\t\t<\/div>\n\t\t\t\t<div class=\"elementor-element elementor-element-594d5f7 elementor-widget elementor-widget-pix-button\" data-id=\"594d5f7\" data-element_type=\"widget\" data-e-type=\"widget\" data-widget_type=\"pix-button.default\">\n\t\t\t\t<div class=\"elementor-widget-container\">\n\t\t\t\t\t<div class=\"d-block w-100 text-center\"><a  href=\"https:\/\/marketac.eu\/fr\/membership\/\" class=\"btn m-0      btn-primary d-inline-flex align-items-center      pix-btn-div btn-md\"     ><svg class=\"pixfort-icon font-weight-bold   mr-2\" width=\"24\" height=\"24\"  data-name=\"Line\/pixfort-icon-arrow-left-circle-1\" viewBox=\"2 2 20 20\"><path fill=\"none\" stroke=\"var(--pf-icon-color)\" stroke-linecap=\"round\" stroke-linejoin=\"round\" stroke-width=\"var(--pf-icon-stroke-width)\" d=\"M12,21 C16.9705627,21 21,16.9705627 21,12 C21,7.02943725 16.9705627,3 12,3 C7.02943725,3 3,7.02943725 3,12 C3,16.9705627 7.02943725,21 12,21 Z M8,12 L17,12 M12,17 L7,12 L12,7\"\/><\/svg><span class=\"font-weight-bold \" >Retour aux membres<\/span><\/a><\/div>\t\t\t\t<\/div>\n\t\t\t\t<\/div>\n\t\t\t\t\t<\/div>\n\t\t<\/div>\n\t\t\t\t\t<\/div>\n\t\t<\/section>\n\t\t\t\t<\/div>\n\t\t","protected":false},"excerpt":{"rendered":"<p>OPP72 &#8211; Organizaci\u00f3n Productores Pesqueros Artesanales Lonja de Conil Personne responsable Secr\u00e9taire g\u00e9n\u00e9ral: Nicolas Fern\u00e1ndez Mu\u00f1oz R\u00e9presentant principal Nicolas Fern\u00e1ndez Mu\u00f1oz Adresse: C\/Puerta de Cadiz n\u00ba 5, 11140 Conil de la Frontera \u2013 C\u00e1diz, Spain E-mail: gerenteopp72@gmail.com Site: www.pescadodeconil.com Retour&#8230;<\/p>\n","protected":false},"author":1,"featured_media":0,"parent":27532,"menu_order":7,"comment_status":"closed","ping_status":"closed","template":"","meta":{"footnotes":""},"class_list":["post-29287","page","type-page","status-publish","hentry"],"_links":{"self":[{"href":"https:\/\/marketac.eu\/fr\/wp-json\/wp\/v2\/pages\/29287","targetHints":{"allow":["GET"]}}],"collection":[{"href":"https:\/\/marketac.eu\/fr\/wp-json\/wp\/v2\/pages"}],"about":[{"href":"https:\/\/marketac.eu\/fr\/wp-json\/wp\/v2\/types\/page"}],"author":[{"embeddable":true,"href":"https:\/\/marketac.eu\/fr\/wp-json\/wp\/v2\/users\/1"}],"replies":[{"embeddable":true,"href":"https:\/\/marketac.eu\/fr\/wp-json\/wp\/v2\/comments?post=29287"}],"version-history":[{"count":3,"href":"https:\/\/marketac.eu\/fr\/wp-json\/wp\/v2\/pages\/29287\/revisions"}],"predecessor-version":[{"id":29308,"href":"https:\/\/marketac.eu\/fr\/wp-json\/wp\/v2\/pages\/29287\/revisions\/29308"}],"up":[{"embeddable":true,"href":"https:\/\/marketac.eu\/fr\/wp-json\/wp\/v2\/pages\/27532"}],"wp:attachment":[{"href":"https:\/\/marketac.eu\/fr\/wp-json\/wp\/v2\/media?parent=29287"}],"curies":[{"name":"wp","href":"https:\/\/api.w.org\/{rel}","templated":true}]}}