
{"id":29075,"date":"2021-10-28T13:03:18","date_gmt":"2021-10-28T13:03:18","guid":{"rendered":"https:\/\/marketac.eu\/membership\/avocano\/"},"modified":"2022-01-08T19:46:12","modified_gmt":"2022-01-08T19:46:12","slug":"avocano","status":"publish","type":"page","link":"https:\/\/marketac.eu\/fr\/membership\/avocano\/","title":{"rendered":"AVOCANO &#8211; Asociaci\u00f3n de Volanteros del Cant\u00e1brico Noroeste"},"content":{"rendered":"\t\t<div data-elementor-type=\"wp-page\" data-elementor-id=\"29075\" class=\"elementor elementor-29075\" data-elementor-post-type=\"page\">\n\t\t\t\t\t\t<section class=\"elementor-section elementor-top-section elementor-element elementor-element-ea553d7 elementor-section-boxed elementor-section-height-default elementor-section-height-default\" data-id=\"ea553d7\" data-element_type=\"section\" data-e-type=\"section\">\n\t\t\t\t\t\t<div class=\"elementor-container elementor-column-gap-default\">\n\t\t\t\t\t<div class=\"elementor-column elementor-col-100 elementor-top-column elementor-element elementor-element-78dcf6b\" data-id=\"78dcf6b\" data-element_type=\"column\" data-e-type=\"column\">\n\t\t\t<div class=\"elementor-widget-wrap elementor-element-populated\">\n\t\t\t\t\t\t<div class=\"elementor-element elementor-element-b7a3da4 elementor-widget elementor-widget-Table\" data-id=\"b7a3da4\" data-element_type=\"widget\" data-e-type=\"widget\" data-widget_type=\"Table.default\">\n\t\t\t\t<div class=\"elementor-widget-container\">\n\t\t\t\t\t\t\t<table class=\"tafe-table \">\n\t\t\t<thead  class=\"tafe-table-header\">\n\t\t\t\t<tr>\n\t\t\t\t\t<th class=\"elementor-inline-editing elementor-repeater-item-f7bb1ad\"   ><\/th><th class=\"elementor-inline-editing elementor-repeater-item-d1cf98c\"   >APROMAR \u2013 Asociaci\u00f3n Empresarial de Acuicultura de Espa\u00f1a<\/th>\t\t\t\t<\/tr>\n\t\t\t<\/thead>\n\t\t\t\t\t\t<tbody class=\"tafe-table-body\">\n\t\t\t\t<tr>\n\t\t\t\t\t<\/tr><tr><td data-label=\"\"   class=\"elementor-repeater-item-2b7c7c1 td-content-type-default\" >Personne responsable<\/td><td data-label=\"APROMAR \u2013 Asociaci\u00f3n Empresarial de Acuicultura de Espa\u00f1a\"   class=\"elementor-repeater-item-af50c1d td-content-type-default\" ><strong style=\"color: #3ca7a4\">Secr\u00e9taire g\u00e9n\u00e9ral:<\/strong> <\/br>\nSantiago Folgar Guti\u00e9rrez<\/td><\/tr><tr><td data-label=\"\"   class=\"elementor-repeater-item-4f2f51c td-content-type-default\" >R\u00e9presentant principal<\/td><td data-label=\"APROMAR \u2013 Asociaci\u00f3n Empresarial de Acuicultura de Espa\u00f1a\"   class=\"elementor-repeater-item-2afe712 td-content-type-default\" >Santiago Folgar Guti\u00e9rrez<\/td><\/tr><tr><td data-label=\"\"   class=\"elementor-repeater-item-eb525f4 td-content-type-default\" >Adresse:<\/td><td data-label=\"APROMAR \u2013 Asociaci\u00f3n Empresarial de Acuicultura de Espa\u00f1a\"   class=\"elementor-repeater-item-f4049b0 td-content-type-default\" >Calle Marqu\u00e9s de Argud\u00edn n\u00ba 24, 33125 San Juan de la Arena, Asturias, Spain<\/td><\/tr><tr><td data-label=\"\"   class=\"elementor-repeater-item-52861fe td-content-type-default\" >E-mail:<\/td><td data-label=\"APROMAR \u2013 Asociaci\u00f3n Empresarial de Acuicultura de Espa\u00f1a\"   class=\"elementor-repeater-item-2cb4cfe td-content-type-default\" ><a href=\"mailto:sfavocano@hotmail.com\">sfavocano@hotmail.com<\/a><\/td><\/tr><tr><td data-label=\"\"   class=\"elementor-repeater-item-c21700f td-content-type-default\" >Site:<\/td><td data-label=\"APROMAR \u2013 Asociaci\u00f3n Empresarial de Acuicultura de Espa\u00f1a\"   class=\"elementor-repeater-item-cee8042 td-content-type-default\" ><a href=\"https:\/\/avocano.wixsite.com\/avocano\" target=\"_blank\" rel=\"noopener\">www.avocano.wixsite.com<\/a><\/td>\t\t\t\t<\/tr>\n\t\t\t<\/tbody>\n\t\t<\/table>\n\t\t\n\t\t\t\t\t\t<\/div>\n\t\t\t\t<\/div>\n\t\t\t\t<div class=\"elementor-element elementor-element-ed3d024 elementor-widget elementor-widget-pix-button\" data-id=\"ed3d024\" data-element_type=\"widget\" data-e-type=\"widget\" data-widget_type=\"pix-button.default\">\n\t\t\t\t<div class=\"elementor-widget-container\">\n\t\t\t\t\t<div class=\"d-block w-100 text-center\"><a  href=\"https:\/\/marketac.eu\/fr\/membership\/\" class=\"btn m-0      btn-primary d-inline-flex align-items-center      pix-btn-div btn-md\"     ><svg class=\"pixfort-icon font-weight-bold   mr-2\" width=\"24\" height=\"24\"  data-name=\"Line\/pixfort-icon-arrow-left-circle-1\" viewBox=\"2 2 20 20\"><path fill=\"none\" stroke=\"var(--pf-icon-color)\" stroke-linecap=\"round\" stroke-linejoin=\"round\" stroke-width=\"var(--pf-icon-stroke-width)\" d=\"M12,21 C16.9705627,21 21,16.9705627 21,12 C21,7.02943725 16.9705627,3 12,3 C7.02943725,3 3,7.02943725 3,12 C3,16.9705627 7.02943725,21 12,21 Z M8,12 L17,12 M12,17 L7,12 L12,7\"\/><\/svg><span class=\"font-weight-bold \" >Retour aux membres<\/span><\/a><\/div>\t\t\t\t<\/div>\n\t\t\t\t<\/div>\n\t\t\t\t\t<\/div>\n\t\t<\/div>\n\t\t\t\t\t<\/div>\n\t\t<\/section>\n\t\t\t\t<\/div>\n\t\t","protected":false},"excerpt":{"rendered":"<p>APROMAR \u2013 Asociaci\u00f3n Empresarial de Acuicultura de Espa\u00f1a Personne responsable Secr\u00e9taire g\u00e9n\u00e9ral: Santiago Folgar Guti\u00e9rrez R\u00e9presentant principal Santiago Folgar Guti\u00e9rrez Adresse: Calle Marqu\u00e9s de Argud\u00edn n\u00ba 24, 33125 San Juan de la Arena, Asturias, Spain E-mail: sfavocano@hotmail.com Site: www.avocano.wixsite.com Retour&#8230;<\/p>\n","protected":false},"author":1,"featured_media":0,"parent":27532,"menu_order":7,"comment_status":"closed","ping_status":"closed","template":"","meta":{"footnotes":""},"class_list":["post-29075","page","type-page","status-publish","hentry"],"_links":{"self":[{"href":"https:\/\/marketac.eu\/fr\/wp-json\/wp\/v2\/pages\/29075","targetHints":{"allow":["GET"]}}],"collection":[{"href":"https:\/\/marketac.eu\/fr\/wp-json\/wp\/v2\/pages"}],"about":[{"href":"https:\/\/marketac.eu\/fr\/wp-json\/wp\/v2\/types\/page"}],"author":[{"embeddable":true,"href":"https:\/\/marketac.eu\/fr\/wp-json\/wp\/v2\/users\/1"}],"replies":[{"embeddable":true,"href":"https:\/\/marketac.eu\/fr\/wp-json\/wp\/v2\/comments?post=29075"}],"version-history":[{"count":12,"href":"https:\/\/marketac.eu\/fr\/wp-json\/wp\/v2\/pages\/29075\/revisions"}],"predecessor-version":[{"id":29372,"href":"https:\/\/marketac.eu\/fr\/wp-json\/wp\/v2\/pages\/29075\/revisions\/29372"}],"up":[{"embeddable":true,"href":"https:\/\/marketac.eu\/fr\/wp-json\/wp\/v2\/pages\/27532"}],"wp:attachment":[{"href":"https:\/\/marketac.eu\/fr\/wp-json\/wp\/v2\/media?parent=29075"}],"curies":[{"name":"wp","href":"https:\/\/api.w.org\/{rel}","templated":true}]}}