
{"id":28949,"date":"2021-09-23T22:33:07","date_gmt":"2021-09-23T22:33:07","guid":{"rendered":"https:\/\/marketac.eu\/cookie-policy\/"},"modified":"2022-01-06T17:43:03","modified_gmt":"2022-01-06T17:43:03","slug":"cookie-policy","status":"publish","type":"page","link":"https:\/\/marketac.eu\/fr\/cookie-policy\/","title":{"rendered":"Politique de cookie"},"content":{"rendered":"\t\t<div data-elementor-type=\"wp-page\" data-elementor-id=\"28949\" class=\"elementor elementor-28949 elementor-14724\" data-elementor-post-type=\"page\">\n\t\t\t\t\t\t<section class=\"elementor-section elementor-top-section elementor-element elementor-element-48fe9ac6 elementor-section-boxed elementor-section-height-default elementor-section-height-default\" data-id=\"48fe9ac6\" data-element_type=\"section\" data-e-type=\"section\">\n\t\t\t\t\t\t<div class=\"elementor-container elementor-column-gap-default\">\n\t\t\t\t\t<div class=\"elementor-column elementor-col-100 elementor-top-column elementor-element elementor-element-6c2da88e\" data-id=\"6c2da88e\" data-element_type=\"column\" data-e-type=\"column\">\n\t\t\t<div class=\"elementor-widget-wrap elementor-element-populated\">\n\t\t\t\t\t\t<div class=\"elementor-element elementor-element-167e6539 elementor-widget elementor-widget-pix-badge\" data-id=\"167e6539\" data-element_type=\"widget\" data-e-type=\"widget\" data-widget_type=\"pix-badge.default\">\n\t\t\t\t<div class=\"elementor-widget-container\">\n\t\t\t\t\t<div class=\"pix-element-div w-100 text-center\"><span class=\"pix-badge-element h6 d-inline-flex mr-1 \"  ><span class=\"badge font-weight-bold  bg-secondary  \" style=\" \"><span class=\"text-white\" style=\"\">Conseil consultatif pour les march\u00e9s<\/span><\/span><\/span><\/div>\t\t\t\t<\/div>\n\t\t\t\t<\/div>\n\t\t\t\t<div class=\"elementor-element elementor-element-7d6e9220 elementor-widget elementor-widget-pix-sliding-text\" data-id=\"7d6e9220\" data-element_type=\"widget\" data-e-type=\"widget\" data-settings=\"{&quot;_animation&quot;:&quot;none&quot;}\" data-widget_type=\"pix-sliding-text.default\">\n\t\t\t\t<div class=\"elementor-widget-container\">\n\t\t\t\t\t<div id=\"el-7d6e9220\" class=\"mb-3 text-center \"><div class=\"d-inline-block\" style=\"max-width:600px;\"><h3 class=\"mb-32 pix-sliding-headline-2 animate-in font-weight-bold secondary-font \" data-anim-type=\"pix-sliding-text\" pix-anim-delay=\"500\" data-class=\"secondary-font text-gradient-primary\" style=\"\"><span class=\"slide-in-container \"><span class=\"pix-sliding-item secondary-font text-gradient-primary\" style=\"transition-delay: 0ms;\">Politique&#32;<\/span><\/span> <span class=\"slide-in-container \"><span class=\"pix-sliding-item secondary-font text-gradient-primary\" style=\"transition-delay: 150ms;\">de&#32;<\/span><\/span> <span class=\"slide-in-container \"><span class=\"pix-sliding-item secondary-font text-gradient-primary\" style=\"transition-delay: 300ms;\">cookie&#32;<\/span><\/span> <\/h3><\/div><\/div>\t\t\t\t<\/div>\n\t\t\t\t<\/div>\n\t\t\t\t<div class=\"elementor-element elementor-element-7ba87b4f elementor-widget elementor-widget-pix-text\" data-id=\"7ba87b4f\" data-element_type=\"widget\" data-e-type=\"widget\" data-widget_type=\"pix-text.default\">\n\t\t\t\t<div class=\"elementor-widget-container\">\n\t\t\t\t\t<div class=\"pix-el-text w-100 text-center \" ><div class=\"d-inline-block\" style=\"max-width:600px;\"><p class=\"text-18 resp-option text-body-default text-center \" >Lisez attentivement notre politique de cookie<\/p><\/div><\/div>\t\t\t\t<\/div>\n\t\t\t\t<\/div>\n\t\t\t\t\t<\/div>\n\t\t<\/div>\n\t\t\t\t\t<\/div>\n\t\t<\/section>\n\t\t\t\t<section class=\"elementor-section elementor-top-section elementor-element elementor-element-fb89e2a elementor-section-stretched elementor-section-boxed elementor-section-height-default elementor-section-height-default\" data-id=\"fb89e2a\" data-element_type=\"section\" data-e-type=\"section\" data-settings=\"{&quot;stretch_section&quot;:&quot;section-stretched&quot;,&quot;background_background&quot;:&quot;classic&quot;}\">\n\t\t\t\t\t\t<div class=\"elementor-container elementor-column-gap-default\">\n\t\t\t\t\t<div class=\"elementor-column elementor-col-100 elementor-top-column elementor-element elementor-element-f65f7fb\" data-id=\"f65f7fb\" data-element_type=\"column\" data-e-type=\"column\">\n\t\t\t<div class=\"elementor-widget-wrap elementor-element-populated\">\n\t\t\t\t\t\t<div class=\"elementor-element elementor-element-f7bc8ce elementor-widget elementor-widget-pix-text\" data-id=\"f7bc8ce\" data-element_type=\"widget\" data-e-type=\"widget\" data-widget_type=\"pix-text.default\">\n\t\t\t\t<div class=\"elementor-widget-container\">\n\t\t\t\t\t<div class=\"pix-el-text w-100 text-left \" ><p class=\"text-18 resp-option text-gray-6 text-left \" >Notre site web Marketac.eu (le \"Site internet\") utilise une technologie connue sous le nom de cookies afin de capturer des informations concernant l'utilisation faite du Site internet. Nous vous informons que nous utilisons des cookies afin de faciliter votre navigation sur notre Site internet, de vous identifier parmi les autres utilisateurs, de vous fournir une meilleure exp\u00e9rience dans son utilisation, ou d'identifier des probl\u00e8mes afin d'am\u00e9liorer notre Site internet.<br><br>\n\nEn outre, si vous y consentez, nous utiliserons des cookies qui nous permettront d'obtenir davantage d'informations sur vos pr\u00e9f\u00e9rences et de personnaliser notre site internet en fonction de vos int\u00e9r\u00eats individuels. L'objectif de cette politique en mati\u00e8re de cookies est de vous informer de mani\u00e8re claire et concise sur les cookies utilis\u00e9s sur notre Site Internet (la \" Politique en mati\u00e8re de cookies \").\n\n<br><br>Nous vous informons que ce document est compl\u00e9t\u00e9 par les mentions l\u00e9gales, la politique de confidentialit\u00e9 et les conditions g\u00e9n\u00e9rales de contrat, qui constituent dans leur ensemble les textes juridiques r\u00e9gissant le Site internet. Si vous souhaitez recevoir de plus amples informations sur les cookies que nous utilisons sur le Site internet, vous pouvez envoyer un courrier \u00e9lectronique \u00e0 l'adresse suivante : secretary@marketac.eu.<\/p><\/div>\t\t\t\t<\/div>\n\t\t\t\t<\/div>\n\t\t\t\t<div class=\"elementor-element elementor-element-3fbef37 elementor-invisible elementor-widget elementor-widget-pix-badge\" data-id=\"3fbef37\" data-element_type=\"widget\" data-e-type=\"widget\" data-widget_type=\"pix-badge.default\">\n\t\t\t\t<div class=\"elementor-widget-container\">\n\t\t\t\t\t<span class=\"pix-badge-element h5 d-inline-flex mr-1 animate-in\" data-anim-type=\"fade-in-left\" data-anim-delay=\"600\"><span class=\"badge font-weight-bold shadow bg-primary  pix-px-10\" style=\" \"><span class=\"text-white\" style=\"\">QUE SONT LES COOKIES?<\/span><\/span><\/span>\t\t\t\t<\/div>\n\t\t\t\t<\/div>\n\t\t\t\t<div class=\"elementor-element elementor-element-9ef1aea elementor-widget elementor-widget-pix-text\" data-id=\"9ef1aea\" data-element_type=\"widget\" data-e-type=\"widget\" data-widget_type=\"pix-text.default\">\n\t\t\t\t<div class=\"elementor-widget-container\">\n\t\t\t\t\t<div class=\"pix-el-text w-100 text-left \" ><p class=\"text-18 resp-option text-gray-6 text-left \" >Un cookie est un fichier qui est t\u00e9l\u00e9charg\u00e9 sur votre ordinateur afin de stocker des donn\u00e9es qui peuvent \u00eatre mises \u00e0 jour et r\u00e9cup\u00e9r\u00e9es par l'entit\u00e9 responsable de son installation. Les informations recueillies \u00e0 l'aide des cookies peuvent inclure la date et l'heure des visites sur le Sites internet, les produits consult\u00e9s, les pages visit\u00e9es, le temps pass\u00e9 sur notre Site internet et les sites internet visit\u00e9s imm\u00e9diatement avant et apr\u00e8s. En utilisant ces informations, nous pouvons cibler et ajuster les services de la mani\u00e8re la plus efficace afin de vous offrir une meilleure exp\u00e9rience en tant qu'utilisateur.<\/p><\/div>\t\t\t\t<\/div>\n\t\t\t\t<\/div>\n\t\t\t\t<div class=\"elementor-element elementor-element-83d7f84 elementor-invisible elementor-widget elementor-widget-pix-badge\" data-id=\"83d7f84\" data-element_type=\"widget\" data-e-type=\"widget\" data-widget_type=\"pix-badge.default\">\n\t\t\t\t<div class=\"elementor-widget-container\">\n\t\t\t\t\t<span class=\"pix-badge-element h5 d-inline-flex mr-1 animate-in\" data-anim-type=\"fade-in-left\" data-anim-delay=\"600\"><span class=\"badge font-weight-bold shadow bg-primary  pix-px-10\" style=\" \"><span class=\"text-white\" style=\"\">TYPES ET OBJECTIFS DES COOKIES<\/span><\/span><\/span>\t\t\t\t<\/div>\n\t\t\t\t<\/div>\n\t\t\t\t<div class=\"elementor-element elementor-element-c63db1b elementor-widget elementor-widget-pix-text\" data-id=\"c63db1b\" data-element_type=\"widget\" data-e-type=\"widget\" data-widget_type=\"pix-text.default\">\n\t\t\t\t<div class=\"elementor-widget-container\">\n\t\t\t\t\t<div class=\"pix-el-text w-100 text-left \" ><p class=\"text-18 resp-option text-gray-6 text-left \" >Les cookies peuvent \u00eatre class\u00e9s en plusieurs cat\u00e9gories en fonction de leurs caract\u00e9ristiques. Notre Site internet utilise les cookies qui sont d\u00e9crits comme suit:<br><br>\n\n<b>Cookies propres<\/b><br><br>\n\nIl s'agit de cookies qui sont envoy\u00e9s \u00e0 votre ordinateur et g\u00e9r\u00e9s exclusivement par nous-m\u00eames afin d'am\u00e9liorer le fonctionnement du Site internet. Les informations que nous recueillons sont utilis\u00e9es pour am\u00e9liorer la qualit\u00e9 de notre service et votre exp\u00e9rience en tant qu'utilisateur.<br><br>\n\n<b>Cookies de tiers<\/b><br><br>\n\nSi vous interagissez avec le contenu du Site internet, des cookies tiers peuvent \u00e9galement \u00eatre install\u00e9s. Les cookies tiers sont ceux install\u00e9s par un domaine autre que notre Site internet. Nous ne pouvons pas acc\u00e9der aux donn\u00e9es stock\u00e9es sur les cookies d'autres sites internet lorsque vous naviguez sur lesdits sites internet. Sur notre Site internet, nous utilisons \u00e9galement le syst\u00e8me de mesure d'audience Google Analytics, un outil d'analyse web de Google qui nous permet de savoir comment les utilisateurs interagissent avec notre Site internet.<br><br>\n\n<b>\"Cookies \"analytiques<\/b><br><br>\n\nIl s'agit de cookies qui, avec les fichiers journaux de notre serveur, nous permettent de conna\u00eetre le nombre total d'utilisateurs qui visitent notre Site internet et les parties les plus populaires. Ainsi, nous sommes en mesure d'obtenir des informations qui peuvent nous aider \u00e0 am\u00e9liorer la navigation et \u00e0 fournir un meilleur service aux utilisateurs et aux clients. Ces types de cookies nous permettent d'am\u00e9liorer la convivialit\u00e9 et l'exp\u00e9rience lors de l'utilisation de notre Site internet.<br><br>\n\n<b>Cookies de personnalisation<\/b><br><br>\n\nIls permettent \u00e0 l'utilisateur d'acc\u00e9der aux services avec certaines caract\u00e9ristiques pr\u00e9d\u00e9finies de nature g\u00e9n\u00e9rale en fonction d'une s\u00e9rie de crit\u00e8res sur le terminal de l'utilisateur, comme la configuration de la langue lors de la cr\u00e9ation de son compte.<br><br>\n\n<b>Cookies de session<\/b><br><br>\n\nCes types de cookies recueillent et stockent des donn\u00e9es uniquement pendant que l'utilisateur visite le site Web, comme la liste des produits qui composent sa commande. Vous trouverez ci-dessous une liste des cookies que vous pouvez trouver sur notre Site internet et une br\u00e8ve description de leur objectif. En naviguant et en restant sur notre Site Internet, vous consentez \u00e0 l'utilisation des cookies mentionn\u00e9s ci-dessus, aux p\u00e9riodes d\u00e9taill\u00e9es et aux conditions contenues dans la pr\u00e9sente Politique en mati\u00e8re de cookies.<\/p><\/div>\t\t\t\t<\/div>\n\t\t\t\t<\/div>\n\t\t\t\t<div class=\"elementor-element elementor-element-4f14cc1 elementor-invisible elementor-widget elementor-widget-pix-badge\" data-id=\"4f14cc1\" data-element_type=\"widget\" data-e-type=\"widget\" data-widget_type=\"pix-badge.default\">\n\t\t\t\t<div class=\"elementor-widget-container\">\n\t\t\t\t\t<span class=\"pix-badge-element h5 d-inline-flex mr-1 animate-in\" data-anim-type=\"fade-in-left\" data-anim-delay=\"600\"><span class=\"badge font-weight-bold shadow bg-primary  pix-px-10\" style=\" \"><span class=\"text-white\" style=\"\">D\u00c9SACTIVER ET BLOQUER LES COOKIES<\/span><\/span><\/span>\t\t\t\t<\/div>\n\t\t\t\t<\/div>\n\t\t\t\t<div class=\"elementor-element elementor-element-2fe4674 elementor-widget elementor-widget-pix-text\" data-id=\"2fe4674\" data-element_type=\"widget\" data-e-type=\"widget\" data-widget_type=\"pix-text.default\">\n\t\t\t\t<div class=\"elementor-widget-container\">\n\t\t\t\t\t<div class=\"pix-el-text w-100 text-left \" ><p class=\"text-18 resp-option text-gray-6 text-left \" >Dans tous les cas, nous vous informons que, \u00e9tant donn\u00e9 que les cookies ne sont pas n\u00e9cessaires pour l'utilisation de notre Site internet, vous pouvez les bloquer ou les d\u00e9sactiver en activant la configuration de votre navigateur qui vous permettra de refuser l'installation de tous les cookies ou de certains d'entre eux. La majorit\u00e9 des navigateurs avertissent de la pr\u00e9sence de cookies ou les refusent automatiquement. S'ils sont rejet\u00e9s, vous pourrez continuer \u00e0 utiliser notre Site internet, bien que l'utilisation de certains de ses services puisse \u00eatre limit\u00e9e et que, par cons\u00e9quent, votre exp\u00e9rience sur notre Site internet soit moins satisfaisante.<\/p><\/div>\t\t\t\t<\/div>\n\t\t\t\t<\/div>\n\t\t\t\t<div class=\"elementor-element elementor-element-5e0b647 elementor-invisible elementor-widget elementor-widget-pix-badge\" data-id=\"5e0b647\" data-element_type=\"widget\" data-e-type=\"widget\" data-widget_type=\"pix-badge.default\">\n\t\t\t\t<div class=\"elementor-widget-container\">\n\t\t\t\t\t<span class=\"pix-badge-element h5 d-inline-flex mr-1 animate-in\" data-anim-type=\"fade-in-left\" data-anim-delay=\"600\"><span class=\"badge font-weight-bold shadow bg-primary  pix-px-10\" style=\" \"><span class=\"text-white\" style=\"\">RETIRER MON CONSENTEMENT<\/span><\/span><\/span>\t\t\t\t<\/div>\n\t\t\t\t<\/div>\n\t\t\t\t<div class=\"elementor-element elementor-element-4fd1827 elementor-widget elementor-widget-pix-text\" data-id=\"4fd1827\" data-element_type=\"widget\" data-e-type=\"widget\" data-widget_type=\"pix-text.default\">\n\t\t\t\t<div class=\"elementor-widget-container\">\n\t\t\t\t\t<div class=\"pix-el-text w-100 text-left \" ><p class=\"text-18 resp-option text-gray-6 text-left \" >Si, \u00e0 tout moment, vous souhaitez retirer votre consentement concernant la pr\u00e9sente Politique en mati\u00e8re de cookies, vous devez supprimer les cookies stock\u00e9s sur votre ordinateur en utilisant les param\u00e8tres et les configurations de votre navigateur Internet.<\/p><\/div>\t\t\t\t<\/div>\n\t\t\t\t<\/div>\n\t\t\t\t<div class=\"elementor-element elementor-element-d5be678 elementor-invisible elementor-widget elementor-widget-pix-badge\" data-id=\"d5be678\" data-element_type=\"widget\" data-e-type=\"widget\" data-widget_type=\"pix-badge.default\">\n\t\t\t\t<div class=\"elementor-widget-container\">\n\t\t\t\t\t<span class=\"pix-badge-element h5 d-inline-flex mr-1 animate-in\" data-anim-type=\"fade-in-left\" data-anim-delay=\"600\"><span class=\"badge font-weight-bold shadow bg-primary  pix-px-10\" style=\" \"><span class=\"text-white\" style=\"\">MODIFIER LA CONFIGURATION ET LES PARAM\u00c8TRES DES COOKIES<\/span><\/span><\/span>\t\t\t\t<\/div>\n\t\t\t\t<\/div>\n\t\t\t\t<div class=\"elementor-element elementor-element-35f3695 elementor-widget elementor-widget-pix-text\" data-id=\"35f3695\" data-element_type=\"widget\" data-e-type=\"widget\" data-widget_type=\"pix-text.default\">\n\t\t\t\t<div class=\"elementor-widget-container\">\n\t\t\t\t\t<div class=\"pix-el-text w-100 text-left \" ><p class=\"text-18 resp-option text-gray-6 text-left \" >\u00c0 moins que vous n'ayez modifi\u00e9 les param\u00e8tres de votre navigateur, notre syst\u00e8me cr\u00e9era des cookies chaque fois que vous visiterez notre Site Internet. Veuillez garder \u00e0 l'esprit que tous les navigateurs Internet permettent de modifier les param\u00e8tres. Pour plus d'informations sur la mani\u00e8re de modifier les param\u00e8tres de vos cookies sur les navigateurs suivants, nous avons fourni le lien correspondant:<br>\nChrome: <br>https:\/\/support.google.com\/chrome\/answer\/95647?hl=en\n<br>Explorer: <br>https:\/\/support.microsoft.com\/en-us\/help\/17442\/windows-internet-explorer-delete-manage-cookies\n<br>Firefox:<br> https:\/\/support.mozilla.org\/en-US\/kb\/cookies-information-websites-store-on-your-computer<\/p><\/div>\t\t\t\t<\/div>\n\t\t\t\t<\/div>\n\t\t\t\t<div class=\"elementor-element elementor-element-e2baa40 elementor-invisible elementor-widget elementor-widget-pix-badge\" data-id=\"e2baa40\" data-element_type=\"widget\" data-e-type=\"widget\" data-widget_type=\"pix-badge.default\">\n\t\t\t\t<div class=\"elementor-widget-container\">\n\t\t\t\t\t<span class=\"pix-badge-element h5 d-inline-flex mr-1 animate-in\" data-anim-type=\"fade-in-left\" data-anim-delay=\"600\"><span class=\"badge font-weight-bold shadow bg-primary  pix-px-10\" style=\" \"><span class=\"text-white\" style=\"\">MODIFICATIONS DE LA POLITIQUE EN MATI\u00c8RE DE COOKIES<\/span><\/span><\/span>\t\t\t\t<\/div>\n\t\t\t\t<\/div>\n\t\t\t\t<div class=\"elementor-element elementor-element-894858b elementor-widget elementor-widget-pix-text\" data-id=\"894858b\" data-element_type=\"widget\" data-e-type=\"widget\" data-widget_type=\"pix-text.default\">\n\t\t\t\t<div class=\"elementor-widget-container\">\n\t\t\t\t\t<div class=\"pix-el-text w-100 text-left \" ><p class=\"text-18 resp-option text-gray-6 text-left \" >Il est possible que nous mettions \u00e0 jour la politique en mati\u00e8re de cookies de notre Site internet ; par cons\u00e9quent, nous vous recommandons de consulter cette politique chaque fois que vous acc\u00e9dez \u00e0 notre Site internet afin d'\u00eatre correctement inform\u00e9 sur la mani\u00e8re et la raison pour laquelle nous utilisons des cookies.<\/p><\/div>\t\t\t\t<\/div>\n\t\t\t\t<\/div>\n\t\t\t\t\t<\/div>\n\t\t<\/div>\n\t\t\t\t\t<\/div>\n\t\t<\/section>\n\t\t\t\t<\/div>\n\t\t","protected":false},"excerpt":{"rendered":"<p>Conseil consultatif pour les march\u00e9s Politique de cookie Lisez attentivement notre politique de cookie Notre site web Marketac.eu (le \u00ab\u00a0Site internet\u00a0\u00bb) utilise une technologie connue sous le nom de cookies afin de capturer des informations concernant l&rsquo;utilisation faite du Site&#8230;<\/p>\n","protected":false},"author":1,"featured_media":0,"parent":0,"menu_order":5,"comment_status":"closed","ping_status":"closed","template":"","meta":{"footnotes":""},"class_list":["post-28949","page","type-page","status-publish","hentry"],"_links":{"self":[{"href":"https:\/\/marketac.eu\/fr\/wp-json\/wp\/v2\/pages\/28949","targetHints":{"allow":["GET"]}}],"collection":[{"href":"https:\/\/marketac.eu\/fr\/wp-json\/wp\/v2\/pages"}],"about":[{"href":"https:\/\/marketac.eu\/fr\/wp-json\/wp\/v2\/types\/page"}],"author":[{"embeddable":true,"href":"https:\/\/marketac.eu\/fr\/wp-json\/wp\/v2\/users\/1"}],"replies":[{"embeddable":true,"href":"https:\/\/marketac.eu\/fr\/wp-json\/wp\/v2\/comments?post=28949"}],"version-history":[{"count":7,"href":"https:\/\/marketac.eu\/fr\/wp-json\/wp\/v2\/pages\/28949\/revisions"}],"predecessor-version":[{"id":28965,"href":"https:\/\/marketac.eu\/fr\/wp-json\/wp\/v2\/pages\/28949\/revisions\/28965"}],"wp:attachment":[{"href":"https:\/\/marketac.eu\/fr\/wp-json\/wp\/v2\/media?parent=28949"}],"curies":[{"name":"wp","href":"https:\/\/api.w.org\/{rel}","templated":true}]}}