
{"id":28948,"date":"2021-09-23T22:23:39","date_gmt":"2021-09-23T22:23:39","guid":{"rendered":"https:\/\/marketac.eu\/privacy-policy\/"},"modified":"2022-01-06T17:39:08","modified_gmt":"2022-01-06T17:39:08","slug":"privacy-policy","status":"publish","type":"page","link":"https:\/\/marketac.eu\/fr\/privacy-policy\/","title":{"rendered":"Politique de confidentialit\u00e9"},"content":{"rendered":"\t\t<div data-elementor-type=\"wp-page\" data-elementor-id=\"28948\" class=\"elementor elementor-28948 elementor-14709\" data-elementor-post-type=\"page\">\n\t\t\t\t\t\t<section class=\"elementor-section elementor-top-section elementor-element elementor-element-48fe9ac6 elementor-section-boxed elementor-section-height-default elementor-section-height-default\" data-id=\"48fe9ac6\" data-element_type=\"section\" data-e-type=\"section\">\n\t\t\t\t\t\t<div class=\"elementor-container elementor-column-gap-default\">\n\t\t\t\t\t<div class=\"elementor-column elementor-col-100 elementor-top-column elementor-element elementor-element-6c2da88e\" data-id=\"6c2da88e\" data-element_type=\"column\" data-e-type=\"column\">\n\t\t\t<div class=\"elementor-widget-wrap elementor-element-populated\">\n\t\t\t\t\t\t<div class=\"elementor-element elementor-element-167e6539 elementor-widget elementor-widget-pix-badge\" data-id=\"167e6539\" data-element_type=\"widget\" data-e-type=\"widget\" data-widget_type=\"pix-badge.default\">\n\t\t\t\t<div class=\"elementor-widget-container\">\n\t\t\t\t\t<div class=\"pix-element-div w-100 text-center\"><span class=\"pix-badge-element h6 d-inline-flex mr-1 \"  ><span class=\"badge font-weight-bold  bg-secondary  \" style=\" \"><span class=\"text-white\" style=\"\">Conseil consultatif pour les march\u00e9s<\/span><\/span><\/span><\/div>\t\t\t\t<\/div>\n\t\t\t\t<\/div>\n\t\t\t\t<div class=\"elementor-element elementor-element-7d6e9220 elementor-widget elementor-widget-pix-sliding-text\" data-id=\"7d6e9220\" data-element_type=\"widget\" data-e-type=\"widget\" data-settings=\"{&quot;_animation&quot;:&quot;none&quot;}\" data-widget_type=\"pix-sliding-text.default\">\n\t\t\t\t<div class=\"elementor-widget-container\">\n\t\t\t\t\t<div id=\"el-7d6e9220\" class=\"mb-3 text-center \"><div class=\"d-inline-block\" style=\"max-width:600px;\"><h3 class=\"mb-32 pix-sliding-headline-2 animate-in font-weight-bold secondary-font \" data-anim-type=\"pix-sliding-text\" pix-anim-delay=\"500\" data-class=\"secondary-font text-gradient-primary\" style=\"\"><span class=\"slide-in-container \"><span class=\"pix-sliding-item secondary-font text-gradient-primary\" style=\"transition-delay: 0ms;\">Politique&#32;<\/span><\/span> <span class=\"slide-in-container \"><span class=\"pix-sliding-item secondary-font text-gradient-primary\" style=\"transition-delay: 150ms;\">de&#32;<\/span><\/span> <span class=\"slide-in-container \"><span class=\"pix-sliding-item secondary-font text-gradient-primary\" style=\"transition-delay: 300ms;\">confidentialit\u00e9&#32;<\/span><\/span> <\/h3><\/div><\/div>\t\t\t\t<\/div>\n\t\t\t\t<\/div>\n\t\t\t\t<div class=\"elementor-element elementor-element-7ba87b4f elementor-widget elementor-widget-pix-text\" data-id=\"7ba87b4f\" data-element_type=\"widget\" data-e-type=\"widget\" data-widget_type=\"pix-text.default\">\n\t\t\t\t<div class=\"elementor-widget-container\">\n\t\t\t\t\t<div class=\"pix-el-text w-100 text-center \" ><div class=\"d-inline-block\" style=\"max-width:600px;\"><p class=\"text-18 resp-option text-body-default text-center \" >Lisez attentivement notre politique de confidentialit\u00e9<\/p><\/div><\/div>\t\t\t\t<\/div>\n\t\t\t\t<\/div>\n\t\t\t\t\t<\/div>\n\t\t<\/div>\n\t\t\t\t\t<\/div>\n\t\t<\/section>\n\t\t\t\t<section class=\"elementor-section elementor-top-section elementor-element elementor-element-88669fb elementor-section-stretched elementor-section-boxed elementor-section-height-default elementor-section-height-default\" data-id=\"88669fb\" data-element_type=\"section\" data-e-type=\"section\" data-settings=\"{&quot;stretch_section&quot;:&quot;section-stretched&quot;,&quot;background_background&quot;:&quot;classic&quot;}\">\n\t\t\t\t\t\t<div class=\"elementor-container elementor-column-gap-default\">\n\t\t\t\t\t<div class=\"elementor-column elementor-col-100 elementor-top-column elementor-element elementor-element-b33b1e5\" data-id=\"b33b1e5\" data-element_type=\"column\" data-e-type=\"column\">\n\t\t\t<div class=\"elementor-widget-wrap elementor-element-populated\">\n\t\t\t\t\t\t<div class=\"elementor-element elementor-element-5c3126a elementor-invisible elementor-widget elementor-widget-pix-badge\" data-id=\"5c3126a\" data-element_type=\"widget\" data-e-type=\"widget\" data-widget_type=\"pix-badge.default\">\n\t\t\t\t<div class=\"elementor-widget-container\">\n\t\t\t\t\t<span class=\"pix-badge-element h5 d-inline-flex mr-1 animate-in\" data-anim-type=\"fade-in-left\" data-anim-delay=\"600\"><span class=\"badge font-weight-bold shadow bg-primary  pix-px-10\" style=\" \"><span class=\"text-white\" style=\"\">Collecte et utilisation des donn\u00e9es<\/span><\/span><\/span>\t\t\t\t<\/div>\n\t\t\t\t<\/div>\n\t\t\t\t<div class=\"elementor-element elementor-element-9d30f86 elementor-widget elementor-widget-pix-text\" data-id=\"9d30f86\" data-element_type=\"widget\" data-e-type=\"widget\" data-widget_type=\"pix-text.default\">\n\t\t\t\t<div class=\"elementor-widget-container\">\n\t\t\t\t\t<div class=\"pix-el-text w-100 text-left \" ><p class=\"text-18 resp-option text-gray-6 text-left \" >MAC recueille les donn\u00e9es personnelles que vous lui fournissez afin de vous proposer diff\u00e9rents services tels que des bulletins d'information et des informations sur les \u00e9v\u00e9nements. Les donn\u00e9es sont collect\u00e9es sur la base des int\u00e9r\u00eats l\u00e9gitimes du MAC \u00e0 vous tenir inform\u00e9 des activit\u00e9s du MAC et\/ou sur la base du contrat \u00e9tabli entre vous et MAC (le contrat d'association).\n\n<br><br>\n\nMAC s'efforce de limiter la quantit\u00e9 d'informations personnelles recueillies \u00e0 l'appui de l'objectif vis\u00e9 par la collecte. Les informations personnelles recueillies pourraient \u00eatre utilis\u00e9es pour vous contacter par courriel, par t\u00e9l\u00e9phone ou par courrier.<\/p><\/div>\t\t\t\t<\/div>\n\t\t\t\t<\/div>\n\t\t\t\t<div class=\"elementor-element elementor-element-8894536 elementor-invisible elementor-widget elementor-widget-pix-badge\" data-id=\"8894536\" data-element_type=\"widget\" data-e-type=\"widget\" data-widget_type=\"pix-badge.default\">\n\t\t\t\t<div class=\"elementor-widget-container\">\n\t\t\t\t\t<span class=\"pix-badge-element h5 d-inline-flex mr-1 animate-in\" data-anim-type=\"fade-in-left\" data-anim-delay=\"600\"><span class=\"badge font-weight-bold shadow bg-primary  pix-px-10\" style=\" \"><span class=\"text-white\" style=\"\">Cookies<\/span><\/span><\/span>\t\t\t\t<\/div>\n\t\t\t\t<\/div>\n\t\t\t\t<div class=\"elementor-element elementor-element-dd7751c elementor-widget elementor-widget-pix-text\" data-id=\"dd7751c\" data-element_type=\"widget\" data-e-type=\"widget\" data-widget_type=\"pix-text.default\">\n\t\t\t\t<div class=\"elementor-widget-container\">\n\t\t\t\t\t<div class=\"pix-el-text w-100 text-left \" ><p class=\"text-18 resp-option text-gray-6 text-left \" >Le site Web du MAC utilise des cookies - de petits fichiers texte qui sont plac\u00e9s sur votre machine pour aider le site \u00e0 offrir une meilleure exp\u00e9rience \u00e0 l\u2019utilisateur. En g\u00e9n\u00e9ral, les cookies sont utilis\u00e9s pour conserver les pr\u00e9f\u00e9rences des utilisateurs et fournir des donn\u00e9es de suivi anonymes \u00e0 des applications tierces comme Google Analytics. Ces informations ne vous identifieront pas personnellement ; il s'agit de donn\u00e9es statistiques sur nos visiteurs et leur utilisation de notre site. Ces donn\u00e9es statistiques ne permettent pas d'identifier quelque d\u00e9tail personnel que ce soit.<br><br>\n\nDe la m\u00eame mani\u00e8re que ci-dessus, nous pouvons recueillir des informations sur votre utilisation g\u00e9n\u00e9rale d'Internet en utilisant un fichier cookie. Lorsqu'ils sont utilis\u00e9s, ces cookies sont t\u00e9l\u00e9charg\u00e9s automatiquement sur votre ordinateur. Ce fichier cookie est stock\u00e9 sur le disque dur de votre ordinateur car les cookies contiennent des informations qui sont transf\u00e9r\u00e9es sur le disque dur de votre ordinateur. Ils nous aident \u00e0 am\u00e9liorer notre site web et le service que nous vous fournissons.<br><br>\n\nEn r\u00e8gle g\u00e9n\u00e9rale, les cookies am\u00e9liorent votre exp\u00e9rience de navigation. Toutefois, vous pouvez pr\u00e9f\u00e9rer d\u00e9sactiver les cookies sur ce site et sur d'autres. La mani\u00e8re la plus efficace de le faire est de d\u00e9sactiver les cookies dans votre navigateur. Nous vous conseillons de consulter la section Aide de votre navigateur ou de jeter un coup d'\u0153il au site Web \" About Cookies \" qui offre des conseils pour tous les navigateurs modernes. MAC s'efforce de limiter la quantit\u00e9 d'informations personnelles recueillies \u00e0 l'objectif vis\u00e9 par la collecte. \n\nLes informations personnelles recueillies pourraient \u00eatre utilis\u00e9es pour vous contacter par courrier \u00e9lectronique, par t\u00e9l\u00e9phone ou par courrier.<\/p><\/div>\t\t\t\t<\/div>\n\t\t\t\t<\/div>\n\t\t\t\t<div class=\"elementor-element elementor-element-3a7945e elementor-invisible elementor-widget elementor-widget-pix-badge\" data-id=\"3a7945e\" data-element_type=\"widget\" data-e-type=\"widget\" data-widget_type=\"pix-badge.default\">\n\t\t\t\t<div class=\"elementor-widget-container\">\n\t\t\t\t\t<span class=\"pix-badge-element h5 d-inline-flex mr-1 animate-in\" data-anim-type=\"fade-in-left\" data-anim-delay=\"600\"><span class=\"badge font-weight-bold shadow bg-primary  pix-px-10\" style=\" \"><span class=\"text-white\" style=\"\">Transfert de donn\u00e9es<\/span><\/span><\/span>\t\t\t\t<\/div>\n\t\t\t\t<\/div>\n\t\t\t\t<div class=\"elementor-element elementor-element-d58835a elementor-widget elementor-widget-pix-text\" data-id=\"d58835a\" data-element_type=\"widget\" data-e-type=\"widget\" data-widget_type=\"pix-text.default\">\n\t\t\t\t<div class=\"elementor-widget-container\">\n\t\t\t\t\t<div class=\"pix-el-text w-100 text-left \" ><p class=\"text-18 resp-option text-gray-6 text-left \" >MAC n'utilisera pas, ne partagera pas, ne louera pas et ne vendra pas vos informations \u00e0 qui que ce soit, sauf dans les cas d\u00e9crits dans la pr\u00e9sente politique de confidentialit\u00e9. Aucune donn\u00e9e n'est stock\u00e9e ou transf\u00e9r\u00e9e en dehors de l'Europe. \u00c0 des fins d'audit, nous pouvons montrer aux donateurs les listes de participants obtenues lors d'\u00e9v\u00e9nements, dans le seul but de v\u00e9rifier que les \u00e9v\u00e9nements financ\u00e9s ont bien eu lieu.<\/p><\/div>\t\t\t\t<\/div>\n\t\t\t\t<\/div>\n\t\t\t\t<div class=\"elementor-element elementor-element-861bf16 elementor-invisible elementor-widget elementor-widget-pix-badge\" data-id=\"861bf16\" data-element_type=\"widget\" data-e-type=\"widget\" data-widget_type=\"pix-badge.default\">\n\t\t\t\t<div class=\"elementor-widget-container\">\n\t\t\t\t\t<span class=\"pix-badge-element h5 d-inline-flex mr-1 animate-in\" data-anim-type=\"fade-in-left\" data-anim-delay=\"600\"><span class=\"badge font-weight-bold shadow bg-primary  pix-px-10\" style=\" \"><span class=\"text-white\" style=\"\">Prestataires de services<\/span><\/span><\/span>\t\t\t\t<\/div>\n\t\t\t\t<\/div>\n\t\t\t\t<div class=\"elementor-element elementor-element-32c2e24 elementor-widget elementor-widget-pix-text\" data-id=\"32c2e24\" data-element_type=\"widget\" data-e-type=\"widget\" data-widget_type=\"pix-text.default\">\n\t\t\t\t<div class=\"elementor-widget-container\">\n\t\t\t\t\t<div class=\"pix-el-text w-100 text-left \" ><p class=\"text-18 resp-option text-gray-6 text-left \" >MAC peut \u00eatre amen\u00e9e \u00e0 faire appel \u00e0 des soci\u00e9t\u00e9s et des personnes tierces pour les raisons suivantes:\n<ul>\n \t<li>Pour faciliter notre service<\/li>\n \t<li>Pour fournir le service en notre nom<\/li>\n \t<li>Pour fournir des services li\u00e9s au service<\/li>\n \t<li>Pour nous aider \u00e0 analyser la fa\u00e7on dont notre service est utilis\u00e9<\/li>\n \t<li>Ces prestataires de services comprennent : Microsoft, Mailchimp, Dropbox, etc. Nous ne choisissons que des soci\u00e9t\u00e9s tierces qui sont conformes au RGDP.<\/li>\n<\/ul><\/p><\/div>\t\t\t\t<\/div>\n\t\t\t\t<\/div>\n\t\t\t\t<div class=\"elementor-element elementor-element-317c374 elementor-invisible elementor-widget elementor-widget-pix-badge\" data-id=\"317c374\" data-element_type=\"widget\" data-e-type=\"widget\" data-widget_type=\"pix-badge.default\">\n\t\t\t\t<div class=\"elementor-widget-container\">\n\t\t\t\t\t<span class=\"pix-badge-element h5 d-inline-flex mr-1 animate-in\" data-anim-type=\"fade-in-left\" data-anim-delay=\"600\"><span class=\"badge font-weight-bold shadow bg-primary  pix-px-10\" style=\" \"><span class=\"text-white\" style=\"\">Contr\u00f4le de vos informations personnelles<\/span><\/span><\/span>\t\t\t\t<\/div>\n\t\t\t\t<\/div>\n\t\t\t\t<div class=\"elementor-element elementor-element-ee6c8e4 elementor-widget elementor-widget-pix-text\" data-id=\"ee6c8e4\" data-element_type=\"widget\" data-e-type=\"widget\" data-widget_type=\"pix-text.default\">\n\t\t\t\t<div class=\"elementor-widget-container\">\n\t\t\t\t\t<div class=\"pix-el-text w-100 text-left \" ><p class=\"text-18 resp-option text-gray-6 text-left \" >Vos informations personnelles sont enti\u00e8rement accessibles en contactant MAC. Nous pouvons \u00e9galement transf\u00e9rer les donn\u00e9es collect\u00e9es en vertu du contrat d'association \u00e0 une autre association (portabilit\u00e9 des donn\u00e9es).<br><br>\n\nSi vous pensez que les informations que nous d\u00e9tenons \u00e0 votre sujet sont incorrectes ou incompl\u00e8tes, veuillez nous \u00e9crire ou nous envoyer un courriel dans les meilleurs d\u00e9lais \u00e0 l'adresse : secretary@marketac.eu. Nous corrigerons rapidement toute information jug\u00e9e incorrecte.  Si vous souhaitez \u00eatre compl\u00e8tement retir\u00e9 de notre base de donn\u00e9es ou si vous souhaitez une restriction du traitement de vos donn\u00e9es, veuillez envoyer un courriel \u00e0 secretary@marketac.eu ou utiliser le bouton de d\u00e9sabonnement qui peut \u00eatre contenu dans la communication.<br><br>\n\nSi vous \u00eates membre de l'association, sachez que le fait que vous demandiez \u00e0 \u00eatre supprim\u00e9 de notre base de donn\u00e9es ou \u00e0 limiter notre acc\u00e8s \u00e0 vos donn\u00e9es, nous emp\u00eache de vous convoquer aux r\u00e9unions ou autres activit\u00e9s de l'association.\n<br><br>\nSi vous craignez que nous n'ayons pas respect\u00e9 vos droits l\u00e9gaux ou les lois applicables en mati\u00e8re de protection de la vie priv\u00e9e, vous pouvez contacter la CPP (Commission de la protection de la vie priv\u00e9e www.privacycommission.be) (qui est le r\u00e9gulateur responsable de la protection des donn\u00e9es en Belgique, o\u00f9 se trouve MAC). Par ailleurs, si vous \u00eates situ\u00e9 en dehors de la Belgique, vous pouvez contacter votre autorit\u00e9 locale de protection des donn\u00e9es.<\/p><\/div>\t\t\t\t<\/div>\n\t\t\t\t<\/div>\n\t\t\t\t<div class=\"elementor-element elementor-element-6c4dfdd elementor-invisible elementor-widget elementor-widget-pix-badge\" data-id=\"6c4dfdd\" data-element_type=\"widget\" data-e-type=\"widget\" data-widget_type=\"pix-badge.default\">\n\t\t\t\t<div class=\"elementor-widget-container\">\n\t\t\t\t\t<span class=\"pix-badge-element h5 d-inline-flex mr-1 animate-in\" data-anim-type=\"fade-in-left\" data-anim-delay=\"600\"><span class=\"badge font-weight-bold shadow bg-primary  pix-px-10\" style=\" \"><span class=\"text-white\" style=\"\">P\u00e9riode de stockage<\/span><\/span><\/span>\t\t\t\t<\/div>\n\t\t\t\t<\/div>\n\t\t\t\t<div class=\"elementor-element elementor-element-d1a3678 elementor-widget elementor-widget-pix-text\" data-id=\"d1a3678\" data-element_type=\"widget\" data-e-type=\"widget\" data-widget_type=\"pix-text.default\">\n\t\t\t\t<div class=\"elementor-widget-container\">\n\t\t\t\t\t<div class=\"pix-el-text w-100 text-left \" ><p class=\"text-18 resp-option text-gray-6 text-left \" >MAC conservera vos informations aussi longtemps que vous utiliserez nos services ou que vous serez membre de notre r\u00e9seau.<\/p><\/div>\t\t\t\t<\/div>\n\t\t\t\t<\/div>\n\t\t\t\t<div class=\"elementor-element elementor-element-19ae30d elementor-invisible elementor-widget elementor-widget-pix-badge\" data-id=\"19ae30d\" data-element_type=\"widget\" data-e-type=\"widget\" data-widget_type=\"pix-badge.default\">\n\t\t\t\t<div class=\"elementor-widget-container\">\n\t\t\t\t\t<span class=\"pix-badge-element h5 d-inline-flex mr-1 animate-in\" data-anim-type=\"fade-in-left\" data-anim-delay=\"600\"><span class=\"badge font-weight-bold shadow bg-primary  pix-px-10\" style=\" \"><span class=\"text-white\" style=\"\">Protection de la vie priv\u00e9e des enfants<\/span><\/span><\/span>\t\t\t\t<\/div>\n\t\t\t\t<\/div>\n\t\t\t\t<div class=\"elementor-element elementor-element-00756d6 elementor-widget elementor-widget-pix-text\" data-id=\"00756d6\" data-element_type=\"widget\" data-e-type=\"widget\" data-widget_type=\"pix-text.default\">\n\t\t\t\t<div class=\"elementor-widget-container\">\n\t\t\t\t\t<div class=\"pix-el-text w-100 text-left \" ><p class=\"text-18 resp-option text-gray-6 text-left \" >Nos services ne s'adressent pas aux personnes \u00e2g\u00e9es de moins de 16 ans. Nous ne recueillons pas sciemment d'informations personnelles identifiables aupr\u00e8s d'enfants de moins de 16 ans. Si nous d\u00e9couvrons qu'un enfant de moins de 16 ans nous a fourni des informations personnelles, nous les supprimons imm\u00e9diatement de nos serveurs. Si vous \u00eates un parent ou un tuteur et que vous savez que votre enfant nous a fourni des informations personnelles, veuillez nous contacter afin que nous puissions prendre les mesures n\u00e9cessaires.<\/p><\/div>\t\t\t\t<\/div>\n\t\t\t\t<\/div>\n\t\t\t\t<div class=\"elementor-element elementor-element-97ef6ac elementor-invisible elementor-widget elementor-widget-pix-badge\" data-id=\"97ef6ac\" data-element_type=\"widget\" data-e-type=\"widget\" data-widget_type=\"pix-badge.default\">\n\t\t\t\t<div class=\"elementor-widget-container\">\n\t\t\t\t\t<span class=\"pix-badge-element h5 d-inline-flex mr-1 animate-in\" data-anim-type=\"fade-in-left\" data-anim-delay=\"600\"><span class=\"badge font-weight-bold shadow bg-primary  pix-px-10\" style=\" \"><span class=\"text-white\" style=\"\">S\u00e9curit\u00e9<\/span><\/span><\/span>\t\t\t\t<\/div>\n\t\t\t\t<\/div>\n\t\t\t\t<div class=\"elementor-element elementor-element-8a7f39b elementor-widget elementor-widget-pix-text\" data-id=\"8a7f39b\" data-element_type=\"widget\" data-e-type=\"widget\" data-widget_type=\"pix-text.default\">\n\t\t\t\t<div class=\"elementor-widget-container\">\n\t\t\t\t\t<div class=\"pix-el-text w-100 text-left \" ><p class=\"text-18 resp-option text-gray-6 text-left \" >Nous prenons des pr\u00e9cautions pour prot\u00e9ger vos informations, tant en ligne que hors ligne. Seuls les employ\u00e9s qui ont besoin de ces informations pour effectuer des actions sp\u00e9cifiques ont acc\u00e8s aux informations personnelles identifiables. Les ordinateurs\/serveurs sur lesquels nous stockons les informations personnelles identifiables sont prot\u00e9g\u00e9s et conserv\u00e9s dans un environnement s\u00e9curis\u00e9.<\/p><\/div>\t\t\t\t<\/div>\n\t\t\t\t<\/div>\n\t\t\t\t<div class=\"elementor-element elementor-element-c4d7c37 elementor-invisible elementor-widget elementor-widget-pix-badge\" data-id=\"c4d7c37\" data-element_type=\"widget\" data-e-type=\"widget\" data-widget_type=\"pix-badge.default\">\n\t\t\t\t<div class=\"elementor-widget-container\">\n\t\t\t\t\t<span class=\"pix-badge-element h5 d-inline-flex mr-1 animate-in\" data-anim-type=\"fade-in-left\" data-anim-delay=\"600\"><span class=\"badge font-weight-bold shadow bg-primary  pix-px-10\" style=\" \"><span class=\"text-white\" style=\"\">Donn\u00e9es relatives aux candidats<\/span><\/span><\/span>\t\t\t\t<\/div>\n\t\t\t\t<\/div>\n\t\t\t\t<div class=\"elementor-element elementor-element-745e80b elementor-widget elementor-widget-pix-text\" data-id=\"745e80b\" data-element_type=\"widget\" data-e-type=\"widget\" data-widget_type=\"pix-text.default\">\n\t\t\t\t<div class=\"elementor-widget-container\">\n\t\t\t\t\t<div class=\"pix-el-text w-100 text-left \" ><p class=\"text-18 resp-option text-gray-6 text-left \" >MAC s'engage \u00e0 prot\u00e9ger la confidentialit\u00e9 et les donn\u00e9es personnelles des candidats \u00e0 un emploi.<\/p><\/div>\t\t\t\t<\/div>\n\t\t\t\t<\/div>\n\t\t\t\t<div class=\"elementor-element elementor-element-604aa25 elementor-invisible elementor-widget elementor-widget-pix-badge\" data-id=\"604aa25\" data-element_type=\"widget\" data-e-type=\"widget\" data-widget_type=\"pix-badge.default\">\n\t\t\t\t<div class=\"elementor-widget-container\">\n\t\t\t\t\t<span class=\"pix-badge-element h5 d-inline-flex mr-1 animate-in\" data-anim-type=\"fade-in-left\" data-anim-delay=\"600\"><span class=\"badge font-weight-bold shadow bg-primary  pix-px-10\" style=\" \"><span class=\"text-white\" style=\"\">MAC s'engage \u00e0 prot\u00e9ger la confidentialit\u00e9 et les donn\u00e9es personnelles des candidats \u00e0 un emploi.<\/span><\/span><\/span>\t\t\t\t<\/div>\n\t\t\t\t<\/div>\n\t\t\t\t<div class=\"elementor-element elementor-element-aec9ff9 elementor-widget elementor-widget-pix-text\" data-id=\"aec9ff9\" data-element_type=\"widget\" data-e-type=\"widget\" data-widget_type=\"pix-text.default\">\n\t\t\t\t<div class=\"elementor-widget-container\">\n\t\t\t\t\t<div class=\"pix-el-text w-100 text-left \" ><p class=\"text-18 resp-option text-gray-6 text-left \" >La pr\u00e9sente politique est mise \u00e0 jour de temps \u00e0 autre. La derni\u00e8re version est disponible sur cette page. Nous vous conseillons de consulter r\u00e9guli\u00e8rement cette page pour prendre connaissance des \u00e9ventuelles modifications. Ces modifications entrent en vigueur imm\u00e9diatement, apr\u00e8s leur publication sur cette page<br><br>\nSi vous avez des questions sur cette politique, veuillez envoyer un courriel \u00e0 <strong>secretary@marketac.eu.<strong><\/p><\/div>\t\t\t\t<\/div>\n\t\t\t\t<\/div>\n\t\t\t\t<div class=\"elementor-element elementor-element-71e2af5 elementor-widget elementor-widget-pix-text\" data-id=\"71e2af5\" data-element_type=\"widget\" data-e-type=\"widget\" data-widget_type=\"pix-text.default\">\n\t\t\t\t<div class=\"elementor-widget-container\">\n\t\t\t\t\t<div class=\"pix-el-text w-100 text-left \" ><p class=\"text-18 resp-option text-gray-6 text-left \" ><\/p><\/div>\t\t\t\t<\/div>\n\t\t\t\t<\/div>\n\t\t\t\t\t<\/div>\n\t\t<\/div>\n\t\t\t\t\t<\/div>\n\t\t<\/section>\n\t\t\t\t<\/div>\n\t\t","protected":false},"excerpt":{"rendered":"<p>Conseil consultatif pour les march\u00e9s Politique de confidentialit\u00e9 Lisez attentivement notre politique de confidentialit\u00e9 Collecte et utilisation des donn\u00e9es MAC recueille les donn\u00e9es personnelles que vous lui fournissez afin de vous proposer diff\u00e9rents services tels que des bulletins d&rsquo;information et&#8230;<\/p>\n","protected":false},"author":1,"featured_media":0,"parent":0,"menu_order":13,"comment_status":"closed","ping_status":"closed","template":"","meta":{"footnotes":""},"class_list":["post-28948","page","type-page","status-publish","hentry"],"_links":{"self":[{"href":"https:\/\/marketac.eu\/fr\/wp-json\/wp\/v2\/pages\/28948","targetHints":{"allow":["GET"]}}],"collection":[{"href":"https:\/\/marketac.eu\/fr\/wp-json\/wp\/v2\/pages"}],"about":[{"href":"https:\/\/marketac.eu\/fr\/wp-json\/wp\/v2\/types\/page"}],"author":[{"embeddable":true,"href":"https:\/\/marketac.eu\/fr\/wp-json\/wp\/v2\/users\/1"}],"replies":[{"embeddable":true,"href":"https:\/\/marketac.eu\/fr\/wp-json\/wp\/v2\/comments?post=28948"}],"version-history":[{"count":7,"href":"https:\/\/marketac.eu\/fr\/wp-json\/wp\/v2\/pages\/28948\/revisions"}],"predecessor-version":[{"id":28962,"href":"https:\/\/marketac.eu\/fr\/wp-json\/wp\/v2\/pages\/28948\/revisions\/28962"}],"wp:attachment":[{"href":"https:\/\/marketac.eu\/fr\/wp-json\/wp\/v2\/media?parent=28948"}],"curies":[{"name":"wp","href":"https:\/\/api.w.org\/{rel}","templated":true}]}}