
{"id":27523,"date":"2021-09-23T19:15:43","date_gmt":"2021-09-23T19:15:43","guid":{"rendered":"https:\/\/marketac.eu\/how-to-become-a-member\/"},"modified":"2024-11-28T10:48:08","modified_gmt":"2024-11-28T10:48:08","slug":"how-to-become-a-member","status":"publish","type":"page","link":"https:\/\/marketac.eu\/fr\/how-to-become-a-member\/","title":{"rendered":"Comment devenir membre"},"content":{"rendered":"\t\t<div data-elementor-type=\"wp-page\" data-elementor-id=\"27523\" class=\"elementor elementor-27523 elementor-14588\" data-elementor-post-type=\"page\">\n\t\t\t\t\t\t<section class=\"elementor-section elementor-top-section elementor-element elementor-element-4cd2fa4c elementor-section-boxed elementor-section-height-default elementor-section-height-default\" data-id=\"4cd2fa4c\" data-element_type=\"section\" data-e-type=\"section\" data-settings=\"{&quot;background_background&quot;:&quot;classic&quot;}\">\n\t\t\t\t\t\t\t<div class=\"elementor-background-overlay\"><\/div>\n\t\t\t\t\t\t\t<div class=\"elementor-container elementor-column-gap-default\">\n\t\t\t\t\t<div class=\"elementor-column elementor-col-50 elementor-top-column elementor-element elementor-element-1415f995\" data-id=\"1415f995\" data-element_type=\"column\" data-e-type=\"column\">\n\t\t\t<div class=\"elementor-widget-wrap elementor-element-populated\">\n\t\t\t\t\t\t<div class=\"elementor-element elementor-element-6880165c elementor-invisible elementor-widget elementor-widget-pix-badge\" data-id=\"6880165c\" data-element_type=\"widget\" data-e-type=\"widget\" data-widget_type=\"pix-badge.default\">\n\t\t\t\t<div class=\"elementor-widget-container\">\n\t\t\t\t\t<div class=\"pix-element-div w-100 text-center\"><span class=\"pix-badge-element h5 d-inline-flex mr-1 animate-in\" data-anim-type=\"fade-in-left\" data-anim-delay=\"600\"><span class=\"badge font-weight-bold  bg-primary  \" style=\" \"><span class=\"text-white\" style=\"\">Composition<\/span><\/span><\/span><\/div>\t\t\t\t<\/div>\n\t\t\t\t<\/div>\n\t\t\t\t<div class=\"elementor-element elementor-element-1a506c0c elementor-invisible elementor-widget elementor-widget-pix-text\" data-id=\"1a506c0c\" data-element_type=\"widget\" data-e-type=\"widget\" data-widget_type=\"pix-text.default\">\n\t\t\t\t<div class=\"elementor-widget-container\">\n\t\t\t\t\t<div class=\"pix-el-text w-100 text-left \" ><div class=\"d-inline-block\" style=\"max-width:600px;\"><p class=\"text-20 resp-option text-body-default text-left \" ><span class=\"text-body-default animate-in d-inline-block\" data-anim-delay=\"1000\" data-anim-type=\"fade-in-up\">Comme pr\u00e9vu dans l\u2019article 45 de la Politique commune de la p\u00eache, le conseil consultatif des march\u00e9s est compos\u00e9 d\u2019:<\/span><\/p><\/div><\/div>\t\t\t\t<\/div>\n\t\t\t\t<\/div>\n\t\t\t\t<div class=\"elementor-element elementor-element-1ffcd55 elementor-invisible elementor-widget elementor-widget-pix-feature\" data-id=\"1ffcd55\" data-element_type=\"widget\" data-e-type=\"widget\" data-widget_type=\"pix-feature.default\">\n\t\t\t\t<div class=\"elementor-widget-container\">\n\t\t\t\t\t<div id=\"pix-feature-1ffcd55\" class=\"pix-feature-el media \"><div class=\"pix-feature-icon pix-feature-icon-outer mr-3 mw-100 d-flex text-gradient-primary animate-in\" data-anim-type=\"fade-in-up\" data-anim-delay=\"400\" style=\"font-size:1px;width:1px;aspect-ratio:1\/1 !important;position:relative;line-height:1px;text-align:center;\"><svg class=\"pixfort-icon \" width=\"24\" height=\"24\"  data-name=\"Duotone\/pixfort-icon-arrow-right-double-1\" viewBox=\"2 2 20 20\"><g fill=\"none\" fill-rule=\"evenodd\"><path fill=\"var(--pf-icon-color)\" fill-opacity=\".25\" d=\"M6.29289322,6.29289322 C6.68341751,5.90236893 7.31658249,5.90236893 7.70710678,6.29289322 L12.7071068,11.2928932 C13.0976311,11.6834175 13.0976311,12.3165825 12.7071068,12.7071068 L7.70710678,17.7071068 C7.31658249,18.0976311 6.68341751,18.0976311 6.29289322,17.7071068 C5.90236893,17.3165825 5.90236893,16.6834175 6.29289322,16.2928932 L10.585,12 L6.29289322,7.70710678 C5.93240926,7.34662282 5.90467972,6.77939176 6.20970461,6.38710056 L6.29289322,6.29289322 Z\"\/><path fill=\"var(--pf-icon-color)\" d=\"M11.2928932,6.29289322 C11.6834175,5.90236893 12.3165825,5.90236893 12.7071068,6.29289322 L17.7071068,11.2928932 C18.0976311,11.6834175 18.0976311,12.3165825 17.7071068,12.7071068 L12.7071068,17.7071068 C12.3165825,18.0976311 11.6834175,18.0976311 11.2928932,17.7071068 C10.9023689,17.3165825 10.9023689,16.6834175 11.2928932,16.2928932 L15.585,12 L11.2928932,7.70710678 C10.9324093,7.34662282 10.9046797,6.77939176 11.2097046,6.38710056 L11.2928932,6.29289322 Z\"\/><\/g><\/svg><\/div><div class=\"media-body text-custom\"><h6 class=\"pix-feature-title font-weight-bold   text-gradient-primary animate-in \" style=\"\" data-anim-type=\"fade-in-up\" data-anim-delay=\"500\"><\/h6><div class=\"pix-feature-content text-body-default text-18     animate-in\" style=\"\" data-anim-type=\"fade-in-up\" data-anim-delay=\"600\">Organisations repr\u00e9sentant les p\u00eacheurs, d\u2019op\u00e9rateurs aquacoles, et repr\u00e9sentants des secteurs de la transformation et de la commercialisation.<\/div><\/div><\/div>\t\t\t\t<\/div>\n\t\t\t\t<\/div>\n\t\t\t\t<div class=\"elementor-element elementor-element-cef6941 elementor-invisible elementor-widget elementor-widget-pix-feature\" data-id=\"cef6941\" data-element_type=\"widget\" data-e-type=\"widget\" data-widget_type=\"pix-feature.default\">\n\t\t\t\t<div class=\"elementor-widget-container\">\n\t\t\t\t\t<div id=\"cef6941\" class=\"pix-feature-el media \"><div class=\"pix-feature-icon pix-feature-icon-outer mr-3 mw-100 d-flex text-gradient-primary animate-in\" data-anim-type=\"fade-in-up\" data-anim-delay=\"400\" style=\"font-size:1px;width:1px;aspect-ratio:1\/1 !important;position:relative;line-height:1px;text-align:center;\"><svg class=\"pixfort-icon \" width=\"24\" height=\"24\"  data-name=\"Duotone\/pixfort-icon-arrow-right-double-1\" viewBox=\"2 2 20 20\"><g fill=\"none\" fill-rule=\"evenodd\"><path fill=\"var(--pf-icon-color)\" fill-opacity=\".25\" d=\"M6.29289322,6.29289322 C6.68341751,5.90236893 7.31658249,5.90236893 7.70710678,6.29289322 L12.7071068,11.2928932 C13.0976311,11.6834175 13.0976311,12.3165825 12.7071068,12.7071068 L7.70710678,17.7071068 C7.31658249,18.0976311 6.68341751,18.0976311 6.29289322,17.7071068 C5.90236893,17.3165825 5.90236893,16.6834175 6.29289322,16.2928932 L10.585,12 L6.29289322,7.70710678 C5.93240926,7.34662282 5.90467972,6.77939176 6.20970461,6.38710056 L6.29289322,6.29289322 Z\"\/><path fill=\"var(--pf-icon-color)\" d=\"M11.2928932,6.29289322 C11.6834175,5.90236893 12.3165825,5.90236893 12.7071068,6.29289322 L17.7071068,11.2928932 C18.0976311,11.6834175 18.0976311,12.3165825 17.7071068,12.7071068 L12.7071068,17.7071068 C12.3165825,18.0976311 11.6834175,18.0976311 11.2928932,17.7071068 C10.9023689,17.3165825 10.9023689,16.6834175 11.2928932,16.2928932 L15.585,12 L11.2928932,7.70710678 C10.9324093,7.34662282 10.9046797,6.77939176 11.2097046,6.38710056 L11.2928932,6.29289322 Z\"\/><\/g><\/svg><\/div><div class=\"media-body text-custom\"><h6 class=\"pix-feature-title font-weight-bold   text-gradient-primary animate-in \" style=\"\" data-anim-type=\"fade-in-up\" data-anim-delay=\"500\"><\/h6><div class=\"pix-feature-content text-body-default text-18     animate-in\" style=\"\" data-anim-type=\"fade-in-up\" data-anim-delay=\"600\">Autres groupes d\u2019int\u00e9r\u00eat concern\u00e9s par la PCP (ex. : organisations environnementales et groupes de consommateurs).<\/div><\/div><\/div>\t\t\t\t<\/div>\n\t\t\t\t<\/div>\n\t\t\t\t<div class=\"elementor-element elementor-element-1c83174 elementor-widget elementor-widget-pix-button\" data-id=\"1c83174\" data-element_type=\"widget\" data-e-type=\"widget\" data-widget_type=\"pix-button.default\">\n\t\t\t\t<div class=\"elementor-widget-container\">\n\t\t\t\t\t<a  href=\"https:\/\/marketac.eu\/wp-content\/uploads\/2024\/11\/MAC_Application_Form_Membership_FR.docx\" class=\"btn m-0     shadow-lg shadow-hover-lg text-body-default btn-white d-inline-flex align-items-center pix-hover-item     secondary-font  animate-in btn-md\" target=\"_blank\" rel=\"noopener\"  data-anim-type=\"fade-in-up\" data-anim-delay=\"600\" ><svg class=\"pixfort-icon font-weight-bold  pix-hover-left  mr-2\" width=\"24\" height=\"24\"  data-name=\"Line\/pixfort-icon-arrow-bottom-circle-1\" viewBox=\"2 2 20 20\"><path fill=\"none\" stroke=\"var(--pf-icon-color)\" stroke-linecap=\"round\" stroke-linejoin=\"round\" stroke-width=\"var(--pf-icon-stroke-width)\" d=\"M12,21 C16.9705627,21 21,16.9705627 21,12 C21,7.02943725 16.9705627,3 12,3 C7.02943725,3 3,7.02943725 3,12 C3,16.9705627 7.02943725,21 12,21 Z M12,16 L12,7 M7,12 L12,17 L17,12\"\/><\/svg><span class=\"font-weight-bold \" >Formulaire d\u2019adh\u00e9sion du MAC \u2013 Membres (2024)<\/span><\/a>\t\t\t\t<\/div>\n\t\t\t\t<\/div>\n\t\t\t\t\t<\/div>\n\t\t<\/div>\n\t\t\t\t<div class=\"elementor-column elementor-col-50 elementor-top-column elementor-element elementor-element-3b0a344e\" data-id=\"3b0a344e\" data-element_type=\"column\" data-e-type=\"column\">\n\t\t\t<div class=\"elementor-widget-wrap elementor-element-populated\">\n\t\t\t\t\t\t<div class=\"elementor-element elementor-element-79f4e0f2 elementor-invisible elementor-widget elementor-widget-pix-badge\" data-id=\"79f4e0f2\" data-element_type=\"widget\" data-e-type=\"widget\" data-widget_type=\"pix-badge.default\">\n\t\t\t\t<div class=\"elementor-widget-container\">\n\t\t\t\t\t<div class=\"pix-element-div w-100 text-center\"><span class=\"pix-badge-element h5 d-inline-flex mr-1 animate-in\" data-anim-type=\"fade-in-left\" data-anim-delay=\"600\"><span class=\"badge font-weight-bold  bg-primary  \" style=\" \"><span class=\"text-white\" style=\"\">Proc\u00e9dure<\/span><\/span><\/span><\/div>\t\t\t\t<\/div>\n\t\t\t\t<\/div>\n\t\t\t\t<section class=\"elementor-section elementor-inner-section elementor-element elementor-element-5f45495f bg-white shadow-lg shadow-hover-lg fly-sm rounded-10 overflow-hidden elementor-section-boxed elementor-section-height-default elementor-section-height-default\" data-id=\"5f45495f\" data-element_type=\"section\" data-e-type=\"section\">\n\t\t\t\t\t\t<div class=\"elementor-container elementor-column-gap-default\">\n\t\t\t\t\t<div class=\"elementor-column elementor-col-100 elementor-inner-column elementor-element elementor-element-1b520fea\" data-id=\"1b520fea\" data-element_type=\"column\" data-e-type=\"column\">\n\t\t\t<div class=\"elementor-widget-wrap elementor-element-populated\">\n\t\t\t\t\t\t<div class=\"elementor-element elementor-element-6a6c5f41 elementor-invisible elementor-widget elementor-widget-pix-feature\" data-id=\"6a6c5f41\" data-element_type=\"widget\" data-e-type=\"widget\" data-widget_type=\"pix-feature.default\">\n\t\t\t\t<div class=\"elementor-widget-container\">\n\t\t\t\t\t<div id=\"pix-feature-6a6c5f41\" class=\"pix-feature-el media \"><div class=\"pix-feature-icon pix-feature-icon-outer mr-3 mw-100 d-flex text-gradient-primary animate-in\" data-anim-type=\"fade-in-up\" data-anim-delay=\"400\" style=\"font-size:1px;width:1px;aspect-ratio:1\/1 !important;position:relative;line-height:1px;text-align:center;\"><svg class=\"pixfort-icon \" width=\"24\" height=\"24\"  data-name=\"Duotone\/pixfort-icon-double-check-1\" viewBox=\"2 2 20 20\"><g fill=\"none\" fill-rule=\"evenodd\"><path fill=\"var(--pf-icon-color)\" fill-opacity=\".25\" d=\"M20.2928932,7.29289322 C20.6834175,6.90236893 21.3165825,6.90236893 21.7071068,7.29289322 C22.0976311,7.68341751 22.0976311,8.31658249 21.7071068,8.70710678 L13.2071068,17.2071068 C12.8165825,17.5976311 12.1834175,17.5976311 11.7928932,17.2071068 L7.29289322,12.7071068 C6.90236893,12.3165825 6.90236893,11.6834175 7.29289322,11.2928932 C7.68341751,10.9023689 8.31658249,10.9023689 8.70710678,11.2928932 L12.5,15.085 L20.2928932,7.29289322 Z\"\/><path fill=\"var(--pf-icon-color)\" d=\"M15.2928932,7.29289322 C15.6834175,6.90236893 16.3165825,6.90236893 16.7071068,7.29289322 C17.0976311,7.68341751 17.0976311,8.31658249 16.7071068,8.70710678 L8.20710678,17.2071068 C7.81658249,17.5976311 7.18341751,17.5976311 6.79289322,17.2071068 L2.29289322,12.7071068 C1.90236893,12.3165825 1.90236893,11.6834175 2.29289322,11.2928932 C2.68341751,10.9023689 3.31658249,10.9023689 3.70710678,11.2928932 L7.5,15.085 L15.2928932,7.29289322 Z\"\/><\/g><\/svg><\/div><div class=\"media-body text-custom\"><h6 class=\"pix-feature-title font-weight-bold   text-gradient-primary animate-in \" style=\"\" data-anim-type=\"fade-in-up\" data-anim-delay=\"500\"><\/h6><div class=\"pix-feature-content text-body-default text-18     animate-in\" style=\"\" data-anim-type=\"fade-in-up\" data-anim-delay=\"600\">Le Secr\u00e9tariat envoie une lettre officielle aux autorit\u00e9s des \u00c9tats membres o\u00f9 l\u2019organisation est bas\u00e9e demandant leur accord.<\/div><\/div><\/div>\t\t\t\t<\/div>\n\t\t\t\t<\/div>\n\t\t\t\t<div class=\"elementor-element elementor-element-da4bcec elementor-invisible elementor-widget elementor-widget-pix-feature\" data-id=\"da4bcec\" data-element_type=\"widget\" data-e-type=\"widget\" data-widget_type=\"pix-feature.default\">\n\t\t\t\t<div class=\"elementor-widget-container\">\n\t\t\t\t\t<div id=\"da4bcec\" class=\"pix-feature-el media \"><div class=\"pix-feature-icon pix-feature-icon-outer mr-3 mw-100 d-flex text-gradient-primary animate-in\" data-anim-type=\"fade-in-up\" data-anim-delay=\"400\" style=\"font-size:1px;width:1px;aspect-ratio:1\/1 !important;position:relative;line-height:1px;text-align:center;\"><svg class=\"pixfort-icon \" width=\"24\" height=\"24\"  data-name=\"Duotone\/pixfort-icon-double-check-1\" viewBox=\"2 2 20 20\"><g fill=\"none\" fill-rule=\"evenodd\"><path fill=\"var(--pf-icon-color)\" fill-opacity=\".25\" d=\"M20.2928932,7.29289322 C20.6834175,6.90236893 21.3165825,6.90236893 21.7071068,7.29289322 C22.0976311,7.68341751 22.0976311,8.31658249 21.7071068,8.70710678 L13.2071068,17.2071068 C12.8165825,17.5976311 12.1834175,17.5976311 11.7928932,17.2071068 L7.29289322,12.7071068 C6.90236893,12.3165825 6.90236893,11.6834175 7.29289322,11.2928932 C7.68341751,10.9023689 8.31658249,10.9023689 8.70710678,11.2928932 L12.5,15.085 L20.2928932,7.29289322 Z\"\/><path fill=\"var(--pf-icon-color)\" d=\"M15.2928932,7.29289322 C15.6834175,6.90236893 16.3165825,6.90236893 16.7071068,7.29289322 C17.0976311,7.68341751 17.0976311,8.31658249 16.7071068,8.70710678 L8.20710678,17.2071068 C7.81658249,17.5976311 7.18341751,17.5976311 6.79289322,17.2071068 L2.29289322,12.7071068 C1.90236893,12.3165825 1.90236893,11.6834175 2.29289322,11.2928932 C2.68341751,10.9023689 3.31658249,10.9023689 3.70710678,11.2928932 L7.5,15.085 L15.2928932,7.29289322 Z\"\/><\/g><\/svg><\/div><div class=\"media-body text-custom\"><h6 class=\"pix-feature-title font-weight-bold   text-gradient-primary animate-in \" style=\"\" data-anim-type=\"fade-in-up\" data-anim-delay=\"500\"><\/h6><div class=\"pix-feature-content text-body-default text-18     animate-in\" style=\"\" data-anim-type=\"fade-in-up\" data-anim-delay=\"600\">Il est demand\u00e9 au Comit\u00e9 ex\u00e9cutif d\u2019approuver et l\u2019Assembl\u00e9e g\u00e9n\u00e9rale est inform\u00e9e.<\/div><\/div><\/div>\t\t\t\t<\/div>\n\t\t\t\t<\/div>\n\t\t\t\t<div class=\"elementor-element elementor-element-1e208ca elementor-invisible elementor-widget elementor-widget-pix-feature\" data-id=\"1e208ca\" data-element_type=\"widget\" data-e-type=\"widget\" data-widget_type=\"pix-feature.default\">\n\t\t\t\t<div class=\"elementor-widget-container\">\n\t\t\t\t\t<div id=\"pix-feature-1e208ca\" class=\"pix-feature-el media \"><div class=\"pix-feature-icon pix-feature-icon-outer mr-3 mw-100 d-flex text-gradient-primary animate-in\" data-anim-type=\"fade-in-up\" data-anim-delay=\"400\" style=\"font-size:1px;width:1px;aspect-ratio:1\/1 !important;position:relative;line-height:1px;text-align:center;\"><svg class=\"pixfort-icon \" width=\"24\" height=\"24\"  data-name=\"Duotone\/pixfort-icon-double-check-1\" viewBox=\"2 2 20 20\"><g fill=\"none\" fill-rule=\"evenodd\"><path fill=\"var(--pf-icon-color)\" fill-opacity=\".25\" d=\"M20.2928932,7.29289322 C20.6834175,6.90236893 21.3165825,6.90236893 21.7071068,7.29289322 C22.0976311,7.68341751 22.0976311,8.31658249 21.7071068,8.70710678 L13.2071068,17.2071068 C12.8165825,17.5976311 12.1834175,17.5976311 11.7928932,17.2071068 L7.29289322,12.7071068 C6.90236893,12.3165825 6.90236893,11.6834175 7.29289322,11.2928932 C7.68341751,10.9023689 8.31658249,10.9023689 8.70710678,11.2928932 L12.5,15.085 L20.2928932,7.29289322 Z\"\/><path fill=\"var(--pf-icon-color)\" d=\"M15.2928932,7.29289322 C15.6834175,6.90236893 16.3165825,6.90236893 16.7071068,7.29289322 C17.0976311,7.68341751 17.0976311,8.31658249 16.7071068,8.70710678 L8.20710678,17.2071068 C7.81658249,17.5976311 7.18341751,17.5976311 6.79289322,17.2071068 L2.29289322,12.7071068 C1.90236893,12.3165825 1.90236893,11.6834175 2.29289322,11.2928932 C2.68341751,10.9023689 3.31658249,10.9023689 3.70710678,11.2928932 L7.5,15.085 L15.2928932,7.29289322 Z\"\/><\/g><\/svg><\/div><div class=\"media-body text-custom\"><h6 class=\"pix-feature-title font-weight-bold   text-gradient-primary animate-in \" style=\"\" data-anim-type=\"fade-in-up\" data-anim-delay=\"500\"><\/h6><div class=\"pix-feature-content text-body-default text-18     animate-in\" style=\"\" data-anim-type=\"fade-in-up\" data-anim-delay=\"600\">Les membres doivent payer une cotisation annuelle de 200 euros par participer \u00e0 l\u2019Assembl\u00e9e g\u00e9n\u00e9rale. La cotisation pour participer aux groupes de travail est de 300 euros. La cotisation pour \u00eatre membre du Comit\u00e9 ex\u00e9cutif est de 400 euros.<\/div><\/div><\/div>\t\t\t\t<\/div>\n\t\t\t\t<\/div>\n\t\t\t\t\t<\/div>\n\t\t<\/div>\n\t\t\t\t\t<\/div>\n\t\t<\/section>\n\t\t\t\t\t<\/div>\n\t\t<\/div>\n\t\t\t\t\t<\/div>\n\t\t<\/section>\n\t\t\t\t<\/div>\n\t\t","protected":false},"excerpt":{"rendered":"<p>Composition Comme pr\u00e9vu dans l\u2019article 45 de la Politique commune de la p\u00eache, le conseil consultatif des march\u00e9s est compos\u00e9 d\u2019: Organisations repr\u00e9sentant les p\u00eacheurs, d\u2019op\u00e9rateurs aquacoles, et repr\u00e9sentants des secteurs de la transformation et de la commercialisation. Autres groupes&#8230;<\/p>\n","protected":false},"author":1,"featured_media":0,"parent":0,"menu_order":9,"comment_status":"closed","ping_status":"closed","template":"","meta":{"footnotes":""},"class_list":["post-27523","page","type-page","status-publish","hentry"],"_links":{"self":[{"href":"https:\/\/marketac.eu\/fr\/wp-json\/wp\/v2\/pages\/27523","targetHints":{"allow":["GET"]}}],"collection":[{"href":"https:\/\/marketac.eu\/fr\/wp-json\/wp\/v2\/pages"}],"about":[{"href":"https:\/\/marketac.eu\/fr\/wp-json\/wp\/v2\/types\/page"}],"author":[{"embeddable":true,"href":"https:\/\/marketac.eu\/fr\/wp-json\/wp\/v2\/users\/1"}],"replies":[{"embeddable":true,"href":"https:\/\/marketac.eu\/fr\/wp-json\/wp\/v2\/comments?post=27523"}],"version-history":[{"count":10,"href":"https:\/\/marketac.eu\/fr\/wp-json\/wp\/v2\/pages\/27523\/revisions"}],"predecessor-version":[{"id":45351,"href":"https:\/\/marketac.eu\/fr\/wp-json\/wp\/v2\/pages\/27523\/revisions\/45351"}],"wp:attachment":[{"href":"https:\/\/marketac.eu\/fr\/wp-json\/wp\/v2\/media?parent=27523"}],"curies":[{"name":"wp","href":"https:\/\/api.w.org\/{rel}","templated":true}]}}