
{"id":43278,"date":"2024-05-03T14:12:14","date_gmt":"2024-05-03T14:12:14","guid":{"rendered":"https:\/\/marketac.eu\/membership\/asc-aquaculture-stewardship-council\/"},"modified":"2024-05-03T14:18:12","modified_gmt":"2024-05-03T14:18:12","slug":"asc-aquaculture-stewardship-council","status":"publish","type":"page","link":"https:\/\/marketac.eu\/es\/membership\/asc-aquaculture-stewardship-council\/","title":{"rendered":"ASC \u2013 Aquaculture Stewardship Council"},"content":{"rendered":"\t\t<div data-elementor-type=\"wp-page\" data-elementor-id=\"43278\" class=\"elementor elementor-43278 elementor-43268\" data-elementor-post-type=\"page\">\n\t\t\t\t\t\t<section class=\"elementor-section elementor-top-section elementor-element elementor-element-371ca6b1 elementor-section-boxed elementor-section-height-default elementor-section-height-default\" data-id=\"371ca6b1\" data-element_type=\"section\" data-e-type=\"section\">\n\t\t\t\t\t\t<div class=\"elementor-container elementor-column-gap-default\">\n\t\t\t\t\t<div class=\"elementor-column elementor-col-100 elementor-top-column elementor-element elementor-element-3c5e9d98\" data-id=\"3c5e9d98\" data-element_type=\"column\" data-e-type=\"column\">\n\t\t\t<div class=\"elementor-widget-wrap elementor-element-populated\">\n\t\t\t\t\t\t<div class=\"elementor-element elementor-element-5d7216f elementor-widget elementor-widget-pix-img\" data-id=\"5d7216f\" data-element_type=\"widget\" data-e-type=\"widget\" data-widget_type=\"pix-img.default\">\n\t\t\t\t<div class=\"elementor-widget-container\">\n\t\t\t\t\t<div id=\"el-5d7216f\" class=\"pix-img-element d-inline-block \" style=\"width:50%;\"><div class=\"pix-img-el     center d-inline-block  w-100 rounded-lg\"  ><img fetchpriority=\"high\" decoding=\"async\" width=\"581\" height=\"387\" src=\"https:\/\/marketac.eu\/wp-content\/uploads\/2024\/05\/ASC-logo-final-3_0-1.png\" class=\"pix-img-elem rounded-lg\" alt=\"Image link\" srcset=\"https:\/\/marketac.eu\/wp-content\/uploads\/2024\/05\/ASC-logo-final-3_0-1.png 581w, https:\/\/marketac.eu\/wp-content\/uploads\/2024\/05\/ASC-logo-final-3_0-1-300x200.png 300w, https:\/\/marketac.eu\/wp-content\/uploads\/2024\/05\/ASC-logo-final-3_0-1-391x260.png 391w\" sizes=\"(max-width: 581px) 100vw, 581px\" \/><\/div><\/div>\t\t\t\t<\/div>\n\t\t\t\t<\/div>\n\t\t\t\t<div class=\"elementor-element elementor-element-42cc2aff elementor-widget elementor-widget-Table\" data-id=\"42cc2aff\" data-element_type=\"widget\" data-e-type=\"widget\" data-widget_type=\"Table.default\">\n\t\t\t\t<div class=\"elementor-widget-container\">\n\t\t\t\t\t\t\t<table class=\"tafe-table \">\n\t\t\t<thead  class=\"tafe-table-header\">\n\t\t\t\t<tr>\n\t\t\t\t\t<th class=\"elementor-inline-editing elementor-repeater-item-f7bb1ad\"   ><\/th><th class=\"elementor-inline-editing elementor-repeater-item-d1cf98c\"   >ASC - Aquaculture Stewardship Council<\/th>\t\t\t\t<\/tr>\n\t\t\t<\/thead>\n\t\t\t\t\t\t<tbody class=\"tafe-table-body\">\n\t\t\t\t<tr>\n\t\t\t\t\t<\/tr><tr><td data-label=\"\"   class=\"elementor-repeater-item-2b7c7c1 td-content-type-default\" >Persona responsable<\/td><td data-label=\"ASC - Aquaculture Stewardship Council\"   class=\"elementor-repeater-item-af50c1d td-content-type-default\" ><strong style=\"color: #3ca7a4\">Director de Investigaci\u00f3n e Insight<\/strong> <\/br>\nBertrand Charron <\/td><\/tr><tr><td data-label=\"\"   class=\"elementor-repeater-item-4f2f51c td-content-type-default\" >Representante principal:<\/td><td data-label=\"ASC - Aquaculture Stewardship Council\"   class=\"elementor-repeater-item-2afe712 td-content-type-default\" >Alessandro Manghisi <\/td><\/tr><tr><td data-label=\"\"   class=\"elementor-repeater-item-eb525f4 td-content-type-default\" >Direcci\u00f3n:<\/td><td data-label=\"ASC - Aquaculture Stewardship Council\"   class=\"elementor-repeater-item-f4049b0 td-content-type-default\" >Daalseplein 101, Utrecht, 3511 SX, Netherlands<\/td><\/tr><tr><td data-label=\"\"   class=\"elementor-repeater-item-52861fe td-content-type-default\" >Correo eletr\u00f3nico:<\/td><td data-label=\"ASC - Aquaculture Stewardship Council\"   class=\"elementor-repeater-item-2cb4cfe td-content-type-default\" ><\/td><\/tr><tr><td data-label=\"\"   class=\"elementor-repeater-item-c21700f td-content-type-default\" >Sitio web:<\/td><td data-label=\"ASC - Aquaculture Stewardship Council\"   class=\"elementor-repeater-item-cee8042 td-content-type-default\" ><a href=\"http:\/\/asc-aqua.org\/\" target=\"_blank\" rel=\"noopener\">www.asc-aqua.org<\/a><\/td>\t\t\t\t<\/tr>\n\t\t\t<\/tbody>\n\t\t<\/table>\n\t\t\n\t\t\t\t\t\t<\/div>\n\t\t\t\t<\/div>\n\t\t\t\t<div class=\"elementor-element elementor-element-2749926 elementor-widget elementor-widget-pix-button\" data-id=\"2749926\" data-element_type=\"widget\" data-e-type=\"widget\" data-widget_type=\"pix-button.default\">\n\t\t\t\t<div class=\"elementor-widget-container\">\n\t\t\t\t\t<div class=\"d-block w-100 text-center\"><a  href=\"https:\/\/marketac.eu\/es\/membership\/\" class=\"btn m-0      btn-primary d-inline-flex align-items-center      pix-btn-div btn-md\"     ><svg class=\"pixfort-icon font-weight-bold   mr-2\" width=\"24\" height=\"24\"  data-name=\"Line\/pixfort-icon-arrow-left-circle-1\" viewBox=\"2 2 20 20\"><path fill=\"none\" stroke=\"var(--pf-icon-color)\" stroke-linecap=\"round\" stroke-linejoin=\"round\" stroke-width=\"var(--pf-icon-stroke-width)\" d=\"M12,21 C16.9705627,21 21,16.9705627 21,12 C21,7.02943725 16.9705627,3 12,3 C7.02943725,3 3,7.02943725 3,12 C3,16.9705627 7.02943725,21 12,21 Z M8,12 L17,12 M12,17 L7,12 L12,7\"\/><\/svg><span class=\"font-weight-bold \" >Volver a miembros<\/span><\/a><\/div>\t\t\t\t<\/div>\n\t\t\t\t<\/div>\n\t\t\t\t\t<\/div>\n\t\t<\/div>\n\t\t\t\t\t<\/div>\n\t\t<\/section>\n\t\t\t\t<\/div>\n\t\t","protected":false},"excerpt":{"rendered":"<p>ASC &#8211; Aquaculture Stewardship Council Persona responsable Director de Investigaci\u00f3n e Insight Bertrand Charron Representante principal: Alessandro Manghisi Direcci\u00f3n: Daalseplein 101, Utrecht, 3511 SX, Netherlands Correo eletr\u00f3nico: Sitio web: www.asc-aqua.org Volver a miembros<\/p>\n","protected":false},"author":2,"featured_media":0,"parent":24377,"menu_order":7,"comment_status":"closed","ping_status":"closed","template":"","meta":{"footnotes":""},"class_list":["post-43278","page","type-page","status-publish","hentry"],"_links":{"self":[{"href":"https:\/\/marketac.eu\/es\/wp-json\/wp\/v2\/pages\/43278","targetHints":{"allow":["GET"]}}],"collection":[{"href":"https:\/\/marketac.eu\/es\/wp-json\/wp\/v2\/pages"}],"about":[{"href":"https:\/\/marketac.eu\/es\/wp-json\/wp\/v2\/types\/page"}],"author":[{"embeddable":true,"href":"https:\/\/marketac.eu\/es\/wp-json\/wp\/v2\/users\/2"}],"replies":[{"embeddable":true,"href":"https:\/\/marketac.eu\/es\/wp-json\/wp\/v2\/comments?post=43278"}],"version-history":[{"count":3,"href":"https:\/\/marketac.eu\/es\/wp-json\/wp\/v2\/pages\/43278\/revisions"}],"predecessor-version":[{"id":43285,"href":"https:\/\/marketac.eu\/es\/wp-json\/wp\/v2\/pages\/43278\/revisions\/43285"}],"up":[{"embeddable":true,"href":"https:\/\/marketac.eu\/es\/wp-json\/wp\/v2\/pages\/24377"}],"wp:attachment":[{"href":"https:\/\/marketac.eu\/es\/wp-json\/wp\/v2\/media?parent=43278"}],"curies":[{"name":"wp","href":"https:\/\/api.w.org\/{rel}","templated":true}]}}