
{"id":36270,"date":"2023-02-27T15:43:28","date_gmt":"2023-02-27T15:43:28","guid":{"rendered":"https:\/\/marketac.eu\/membership\/associacao-da-industria-alimentar-pelo-frio-alif\/"},"modified":"2026-03-19T10:24:55","modified_gmt":"2026-03-19T10:24:55","slug":"associacao-da-industria-alimentar-pelo-frio-alif","status":"publish","type":"page","link":"https:\/\/marketac.eu\/es\/membership\/associacao-da-industria-alimentar-pelo-frio-alif\/","title":{"rendered":"Associa\u00e7\u00e3o da Ind\u00fastria Alimentar pelo Frio (ALIF)"},"content":{"rendered":"\t\t<div data-elementor-type=\"wp-page\" data-elementor-id=\"36270\" class=\"elementor elementor-36270 elementor-36258\" data-elementor-post-type=\"page\">\n\t\t\t\t\t\t<section class=\"elementor-section elementor-top-section elementor-element elementor-element-38054e89 elementor-section-boxed elementor-section-height-default elementor-section-height-default\" data-id=\"38054e89\" data-element_type=\"section\" data-e-type=\"section\">\n\t\t\t\t\t\t<div class=\"elementor-container elementor-column-gap-default\">\n\t\t\t\t\t<div class=\"elementor-column elementor-col-100 elementor-top-column elementor-element elementor-element-59ca2fef\" data-id=\"59ca2fef\" data-element_type=\"column\" data-e-type=\"column\">\n\t\t\t<div class=\"elementor-widget-wrap elementor-element-populated\">\n\t\t\t\t\t\t<section class=\"elementor-section elementor-inner-section elementor-element elementor-element-2d3b86a0 bg-white shadow shadow-hover-lg fly-sm rounded-10 overflow-hidden elementor-section-boxed elementor-section-height-default elementor-section-height-default\" data-id=\"2d3b86a0\" data-element_type=\"section\" data-e-type=\"section\" data-settings=\"{&quot;animation&quot;:&quot;none&quot;}\">\n\t\t\t\t\t\t<div class=\"elementor-container elementor-column-gap-default\">\n\t\t\t\t\t<div class=\"elementor-column elementor-col-100 elementor-inner-column elementor-element elementor-element-4cbaf1a\" data-id=\"4cbaf1a\" data-element_type=\"column\" data-e-type=\"column\">\n\t\t\t<div class=\"elementor-widget-wrap elementor-element-populated\">\n\t\t\t\t\t\t<div class=\"elementor-element elementor-element-3b384830 elementor-widget elementor-widget-image\" data-id=\"3b384830\" data-element_type=\"widget\" data-e-type=\"widget\" data-widget_type=\"image.default\">\n\t\t\t\t<div class=\"elementor-widget-container\">\n\t\t\t\t\t\t\t\t\t\t\t\t\t\t\t<img decoding=\"async\" width=\"310\" height=\"63\" src=\"https:\/\/marketac.eu\/wp-content\/uploads\/2023\/02\/logo.png\" class=\"attachment-large size-large wp-image-36265\" alt=\"\" srcset=\"https:\/\/marketac.eu\/wp-content\/uploads\/2023\/02\/logo.png 310w, https:\/\/marketac.eu\/wp-content\/uploads\/2023\/02\/logo-300x61.png 300w\" sizes=\"(max-width: 310px) 100vw, 310px\" \/>\t\t\t\t\t\t\t\t\t\t\t\t\t\t\t<\/div>\n\t\t\t\t<\/div>\n\t\t\t\t\t<\/div>\n\t\t<\/div>\n\t\t\t\t\t<\/div>\n\t\t<\/section>\n\t\t\t\t<div class=\"elementor-element elementor-element-2931a4d4 elementor-widget elementor-widget-Table\" data-id=\"2931a4d4\" data-element_type=\"widget\" data-e-type=\"widget\" data-widget_type=\"Table.default\">\n\t\t\t\t<div class=\"elementor-widget-container\">\n\t\t\t\t\t\t\t<table class=\"tafe-table \">\n\t\t\t<thead  class=\"tafe-table-header\">\n\t\t\t\t<tr>\n\t\t\t\t\t<th class=\"elementor-inline-editing elementor-repeater-item-f7bb1ad\"   ><\/th><th class=\"elementor-inline-editing elementor-repeater-item-d1cf98c\"   >Associa\u00e7\u00e3o da Ind\u00fastria Alimentar pelo Frio (ALIF)<\/th>\t\t\t\t<\/tr>\n\t\t\t<\/thead>\n\t\t\t\t\t\t<tbody class=\"tafe-table-body\">\n\t\t\t\t<tr>\n\t\t\t\t\t<\/tr><tr><td data-label=\"\"   class=\"elementor-repeater-item-2b7c7c1 td-content-type-default\" >Responsible Person<\/td><td data-label=\"Associa\u00e7\u00e3o da Ind\u00fastria Alimentar pelo Frio (ALIF)\"   class=\"elementor-repeater-item-af50c1d td-content-type-default\" ><strong style=\"color: #3ca7a4\">President:<\/strong> <\/br>\nManuel Tarr\u00e9<\/td><\/tr><tr><td data-label=\"\"   class=\"elementor-repeater-item-4f2f51c td-content-type-default\" >Main Representative:<\/td><td data-label=\"Associa\u00e7\u00e3o da Ind\u00fastria Alimentar pelo Frio (ALIF)\"   class=\"elementor-repeater-item-2afe712 td-content-type-default\" >Lu\u00eds Sousa<\/td><\/tr><tr><td data-label=\"\"   class=\"elementor-repeater-item-eb525f4 td-content-type-default\" >Address:<\/td><td data-label=\"Associa\u00e7\u00e3o da Ind\u00fastria Alimentar pelo Frio (ALIF)\"   class=\"elementor-repeater-item-f4049b0 td-content-type-default\" >Largo de S\u00e3o Sebasti\u00e3o da Pedreira, 31, 4th Floor, 1050-205 Lisbon, Portugal<\/td><\/tr><tr><td data-label=\"\"   class=\"elementor-repeater-item-52861fe td-content-type-default\" >E-mail:<\/td><td data-label=\"Associa\u00e7\u00e3o da Ind\u00fastria Alimentar pelo Frio (ALIF)\"   class=\"elementor-repeater-item-2cb4cfe td-content-type-default\" ><a href=\"mailto:geral@alif.pt\">geral@alif.pt <\/a><\/br>\n<\/td><\/tr><tr><td data-label=\"\"   class=\"elementor-repeater-item-c21700f td-content-type-default\" >Website:<\/td><td data-label=\"Associa\u00e7\u00e3o da Ind\u00fastria Alimentar pelo Frio (ALIF)\"   class=\"elementor-repeater-item-cee8042 td-content-type-default\" ><a href=\"http:\/\/http:\/\/www.alif.pt\/\" rel=\"noopener\" target=\"_blank\">http:\/\/www.alif.pt\/<\/a><\/br>\n<\/td>\t\t\t\t<\/tr>\n\t\t\t<\/tbody>\n\t\t<\/table>\n\t\t\n\t\t\t\t\t\t<\/div>\n\t\t\t\t<\/div>\n\t\t\t\t<div class=\"elementor-element elementor-element-43607765 elementor-widget elementor-widget-pix-button\" data-id=\"43607765\" data-element_type=\"widget\" data-e-type=\"widget\" data-widget_type=\"pix-button.default\">\n\t\t\t\t<div class=\"elementor-widget-container\">\n\t\t\t\t\t<div class=\"d-block w-100 text-center\"><a  href=\"https:\/\/marketac.eu\/membership\/\" class=\"btn m-0      btn-primary d-inline-flex align-items-center      pix-btn-div btn-md\"     ><svg class=\"pixfort-icon font-weight-bold   mr-2\" width=\"24\" height=\"24\"  data-name=\"Line\/pixfort-icon-arrow-left-circle-1\" viewBox=\"2 2 20 20\"><path fill=\"none\" stroke=\"var(--pf-icon-color)\" stroke-linecap=\"round\" stroke-linejoin=\"round\" stroke-width=\"var(--pf-icon-stroke-width)\" d=\"M12,21 C16.9705627,21 21,16.9705627 21,12 C21,7.02943725 16.9705627,3 12,3 C7.02943725,3 3,7.02943725 3,12 C3,16.9705627 7.02943725,21 12,21 Z M8,12 L17,12 M12,17 L7,12 L12,7\"\/><\/svg><span class=\"font-weight-bold \" >Back to members<\/span><\/a><\/div>\t\t\t\t<\/div>\n\t\t\t\t<\/div>\n\t\t\t\t\t<\/div>\n\t\t<\/div>\n\t\t\t\t\t<\/div>\n\t\t<\/section>\n\t\t\t\t<\/div>\n\t\t","protected":false},"excerpt":{"rendered":"<p>Associa\u00e7\u00e3o da Ind\u00fastria Alimentar pelo Frio (ALIF) Responsible Person President: Manuel Tarr\u00e9 Main Representative: Lu\u00eds Sousa Address: Largo de S\u00e3o Sebasti\u00e3o da Pedreira, 31, 4th Floor, 1050-205 Lisbon, Portugal E-mail: geral@alif.pt Website: http:\/\/www.alif.pt\/ Back to members<\/p>\n","protected":false},"author":2,"featured_media":0,"parent":24377,"menu_order":0,"comment_status":"closed","ping_status":"closed","template":"","meta":{"footnotes":""},"class_list":["post-36270","page","type-page","status-publish","hentry"],"_links":{"self":[{"href":"https:\/\/marketac.eu\/es\/wp-json\/wp\/v2\/pages\/36270","targetHints":{"allow":["GET"]}}],"collection":[{"href":"https:\/\/marketac.eu\/es\/wp-json\/wp\/v2\/pages"}],"about":[{"href":"https:\/\/marketac.eu\/es\/wp-json\/wp\/v2\/types\/page"}],"author":[{"embeddable":true,"href":"https:\/\/marketac.eu\/es\/wp-json\/wp\/v2\/users\/2"}],"replies":[{"embeddable":true,"href":"https:\/\/marketac.eu\/es\/wp-json\/wp\/v2\/comments?post=36270"}],"version-history":[{"count":6,"href":"https:\/\/marketac.eu\/es\/wp-json\/wp\/v2\/pages\/36270\/revisions"}],"predecessor-version":[{"id":54646,"href":"https:\/\/marketac.eu\/es\/wp-json\/wp\/v2\/pages\/36270\/revisions\/54646"}],"up":[{"embeddable":true,"href":"https:\/\/marketac.eu\/es\/wp-json\/wp\/v2\/pages\/24377"}],"wp:attachment":[{"href":"https:\/\/marketac.eu\/es\/wp-json\/wp\/v2\/media?parent=36270"}],"curies":[{"name":"wp","href":"https:\/\/api.w.org\/{rel}","templated":true}]}}