
{"id":35896,"date":"2023-02-06T12:40:58","date_gmt":"2023-02-06T12:40:58","guid":{"rendered":"https:\/\/marketac.eu\/membership\/syndicat-national-du-commerce-exterieur-des-produits-congeles-et-surgeles-snce\/"},"modified":"2023-02-06T12:57:21","modified_gmt":"2023-02-06T12:57:21","slug":"syndicat-national-du-commerce-exterieur-des-produits-congeles-et-surgeles-snce","status":"publish","type":"page","link":"https:\/\/marketac.eu\/es\/membership\/syndicat-national-du-commerce-exterieur-des-produits-congeles-et-surgeles-snce\/","title":{"rendered":"Syndicat National du Commerce Ext\u00e9rieur des produits congel\u00e9s et surgel\u00e9s (SNCE)"},"content":{"rendered":"\t\t<div data-elementor-type=\"wp-page\" data-elementor-id=\"35896\" class=\"elementor elementor-35896 elementor-35880\" data-elementor-post-type=\"page\">\n\t\t\t\t\t\t<section class=\"elementor-section elementor-top-section elementor-element elementor-element-15b25a59 elementor-section-boxed elementor-section-height-default elementor-section-height-default\" data-id=\"15b25a59\" data-element_type=\"section\" data-e-type=\"section\">\n\t\t\t\t\t\t<div class=\"elementor-container elementor-column-gap-default\">\n\t\t\t\t\t<div class=\"elementor-column elementor-col-100 elementor-top-column elementor-element elementor-element-3cade973\" data-id=\"3cade973\" data-element_type=\"column\" data-e-type=\"column\">\n\t\t\t<div class=\"elementor-widget-wrap elementor-element-populated\">\n\t\t\t\t\t\t<section class=\"elementor-section elementor-inner-section elementor-element elementor-element-17fe880a bg-white shadow shadow-hover-lg fly-sm rounded-10 overflow-hidden elementor-section-boxed elementor-section-height-default elementor-section-height-default\" data-id=\"17fe880a\" data-element_type=\"section\" data-e-type=\"section\" data-settings=\"{&quot;animation&quot;:&quot;none&quot;}\">\n\t\t\t\t\t\t<div class=\"elementor-container elementor-column-gap-default\">\n\t\t\t\t\t<div class=\"elementor-column elementor-col-100 elementor-inner-column elementor-element elementor-element-276dc20c\" data-id=\"276dc20c\" data-element_type=\"column\" data-e-type=\"column\">\n\t\t\t<div class=\"elementor-widget-wrap elementor-element-populated\">\n\t\t\t\t\t\t<div class=\"elementor-element elementor-element-5a6bcb70 elementor-widget elementor-widget-image\" data-id=\"5a6bcb70\" data-element_type=\"widget\" data-e-type=\"widget\" data-widget_type=\"image.default\">\n\t\t\t\t<div class=\"elementor-widget-container\">\n\t\t\t\t\t\t\t\t\t\t\t\t\t\t\t<img fetchpriority=\"high\" decoding=\"async\" width=\"621\" height=\"130\" src=\"https:\/\/marketac.eu\/wp-content\/uploads\/2023\/02\/snce-logo-accueil.png\" class=\"attachment-large size-large wp-image-35884\" alt=\"\" srcset=\"https:\/\/marketac.eu\/wp-content\/uploads\/2023\/02\/snce-logo-accueil.png 621w, https:\/\/marketac.eu\/wp-content\/uploads\/2023\/02\/snce-logo-accueil-300x63.png 300w\" sizes=\"(max-width: 621px) 100vw, 621px\" \/>\t\t\t\t\t\t\t\t\t\t\t\t\t\t\t<\/div>\n\t\t\t\t<\/div>\n\t\t\t\t\t<\/div>\n\t\t<\/div>\n\t\t\t\t\t<\/div>\n\t\t<\/section>\n\t\t\t\t\t<\/div>\n\t\t<\/div>\n\t\t\t\t\t<\/div>\n\t\t<\/section>\n\t\t\t\t<section class=\"elementor-section elementor-top-section elementor-element elementor-element-6a49e18c elementor-section-boxed elementor-section-height-default elementor-section-height-default\" data-id=\"6a49e18c\" data-element_type=\"section\" data-e-type=\"section\">\n\t\t\t\t\t\t<div class=\"elementor-container elementor-column-gap-default\">\n\t\t\t\t\t<div class=\"elementor-column elementor-col-100 elementor-top-column elementor-element elementor-element-171ac3e6\" data-id=\"171ac3e6\" data-element_type=\"column\" data-e-type=\"column\">\n\t\t\t<div class=\"elementor-widget-wrap elementor-element-populated\">\n\t\t\t\t\t\t<div class=\"elementor-element elementor-element-36083dcc elementor-widget elementor-widget-Table\" data-id=\"36083dcc\" data-element_type=\"widget\" data-e-type=\"widget\" data-widget_type=\"Table.default\">\n\t\t\t\t<div class=\"elementor-widget-container\">\n\t\t\t\t\t\t\t<table class=\"tafe-table \">\n\t\t\t<thead  class=\"tafe-table-header\">\n\t\t\t\t<tr>\n\t\t\t\t\t<th class=\"elementor-inline-editing elementor-repeater-item-f7bb1ad\"   >Informacion<\/th><th class=\"elementor-inline-editing elementor-repeater-item-d1cf98c\"   >Syndicat National du Commerce Ext\u00e9rieur des produits congel\u00e9s et surgel\u00e9s (SNCE)<\/th>\t\t\t\t<\/tr>\n\t\t\t<\/thead>\n\t\t\t\t\t\t<tbody class=\"tafe-table-body\">\n\t\t\t\t<tr>\n\t\t\t\t\t<\/tr><tr><td data-label=\"Informacion\"   class=\"elementor-repeater-item-2b7c7c1 td-content-type-default\" >Persona responsable<\/td><td data-label=\"Syndicat National du Commerce Ext\u00e9rieur des produits congel\u00e9s et surgel\u00e9s (SNCE)\"   class=\"elementor-repeater-item-af50c1d td-content-type-default\" ><strong style=\"color: #3ca7a4\">Secretario general:<\/strong> <\/br>\nAlexandre Bonneau<\/td><\/tr><tr><td data-label=\"Informacion\"   class=\"elementor-repeater-item-4f2f51c td-content-type-default\" >Representante principal:<\/td><td data-label=\"Syndicat National du Commerce Ext\u00e9rieur des produits congel\u00e9s et surgel\u00e9s (SNCE)\"   class=\"elementor-repeater-item-2afe712 td-content-type-default\" >Alexandre Bonneau<\/td><\/tr><tr><td data-label=\"Informacion\"   class=\"elementor-repeater-item-eb525f4 td-content-type-default\" >Direcci\u00f3n:<\/td><td data-label=\"Syndicat National du Commerce Ext\u00e9rieur des produits congel\u00e9s et surgel\u00e9s (SNCE)\"   class=\"elementor-repeater-item-f4049b0 td-content-type-default\" >9. Boulevard Malesherbes \u2013 75008 Paris, France<\/td><\/tr><tr><td data-label=\"Informacion\"   class=\"elementor-repeater-item-52861fe td-content-type-default\" >Correo eletr\u00f3nico:<\/td><td data-label=\"Syndicat National du Commerce Ext\u00e9rieur des produits congel\u00e9s et surgel\u00e9s (SNCE)\"   class=\"elementor-repeater-item-2cb4cfe td-content-type-default\" ><a href=\"mailto:snce@snce.org\">snce@snce.org <\/a><\/br>\n<\/td><\/tr><tr><td data-label=\"Informacion\"   class=\"elementor-repeater-item-c21700f td-content-type-default\" >Sitio web:<\/td><td data-label=\"Syndicat National du Commerce Ext\u00e9rieur des produits congel\u00e9s et surgel\u00e9s (SNCE)\"   class=\"elementor-repeater-item-cee8042 td-content-type-default\" ><a href=\"https:\/\/www.snce.org\/;\" rel=\"noopener\" target=\"_blank\">https:\/\/www.snce.org\/<\/a><\/br><\/td>\t\t\t\t<\/tr>\n\t\t\t<\/tbody>\n\t\t<\/table>\n\t\t\n\t\t\t\t\t\t<\/div>\n\t\t\t\t<\/div>\n\t\t\t\t<div class=\"elementor-element elementor-element-56d16365 elementor-widget elementor-widget-pix-button\" data-id=\"56d16365\" data-element_type=\"widget\" data-e-type=\"widget\" data-widget_type=\"pix-button.default\">\n\t\t\t\t<div class=\"elementor-widget-container\">\n\t\t\t\t\t<div class=\"d-block w-100 text-center\"><a  href=\"https:\/\/marketac.eu\/es\/membership\/\" class=\"btn m-0      btn-primary d-inline-flex align-items-center      pix-btn-div btn-md\"     ><svg class=\"pixfort-icon font-weight-bold   mr-2\" width=\"24\" height=\"24\"  data-name=\"Line\/pixfort-icon-arrow-left-circle-1\" viewBox=\"2 2 20 20\"><path fill=\"none\" stroke=\"var(--pf-icon-color)\" stroke-linecap=\"round\" stroke-linejoin=\"round\" stroke-width=\"var(--pf-icon-stroke-width)\" d=\"M12,21 C16.9705627,21 21,16.9705627 21,12 C21,7.02943725 16.9705627,3 12,3 C7.02943725,3 3,7.02943725 3,12 C3,16.9705627 7.02943725,21 12,21 Z M8,12 L17,12 M12,17 L7,12 L12,7\"\/><\/svg><span class=\"font-weight-bold \" >Volver a miembros<\/span><\/a><\/div>\t\t\t\t<\/div>\n\t\t\t\t<\/div>\n\t\t\t\t\t<\/div>\n\t\t<\/div>\n\t\t\t\t\t<\/div>\n\t\t<\/section>\n\t\t\t\t<\/div>\n\t\t","protected":false},"excerpt":{"rendered":"<p>Informacion Syndicat National du Commerce Ext\u00e9rieur des produits congel\u00e9s et surgel\u00e9s (SNCE) Persona responsable Secretario general: Alexandre Bonneau Representante principal: Alexandre Bonneau Direcci\u00f3n: 9. Boulevard Malesherbes \u2013 75008 Paris, France Correo eletr\u00f3nico: snce@snce.org Sitio web: https:\/\/www.snce.org\/ Volver a miembros<\/p>\n","protected":false},"author":2,"featured_media":0,"parent":24377,"menu_order":0,"comment_status":"closed","ping_status":"closed","template":"","meta":{"footnotes":""},"class_list":["post-35896","page","type-page","status-publish","hentry"],"_links":{"self":[{"href":"https:\/\/marketac.eu\/es\/wp-json\/wp\/v2\/pages\/35896","targetHints":{"allow":["GET"]}}],"collection":[{"href":"https:\/\/marketac.eu\/es\/wp-json\/wp\/v2\/pages"}],"about":[{"href":"https:\/\/marketac.eu\/es\/wp-json\/wp\/v2\/types\/page"}],"author":[{"embeddable":true,"href":"https:\/\/marketac.eu\/es\/wp-json\/wp\/v2\/users\/2"}],"replies":[{"embeddable":true,"href":"https:\/\/marketac.eu\/es\/wp-json\/wp\/v2\/comments?post=35896"}],"version-history":[{"count":3,"href":"https:\/\/marketac.eu\/es\/wp-json\/wp\/v2\/pages\/35896\/revisions"}],"predecessor-version":[{"id":35907,"href":"https:\/\/marketac.eu\/es\/wp-json\/wp\/v2\/pages\/35896\/revisions\/35907"}],"up":[{"embeddable":true,"href":"https:\/\/marketac.eu\/es\/wp-json\/wp\/v2\/pages\/24377"}],"wp:attachment":[{"href":"https:\/\/marketac.eu\/es\/wp-json\/wp\/v2\/media?parent=35896"}],"curies":[{"name":"wp","href":"https:\/\/api.w.org\/{rel}","templated":true}]}}