
{"id":26827,"date":"2021-10-28T08:46:41","date_gmt":"2021-10-28T08:46:41","guid":{"rendered":"https:\/\/marketac.eu\/membership\/etf\/"},"modified":"2021-12-18T16:10:13","modified_gmt":"2021-12-18T16:10:13","slug":"etf","status":"publish","type":"page","link":"https:\/\/marketac.eu\/es\/membership\/etf\/","title":{"rendered":"ETF &#8211; European Transport Workers\u2019 Federation"},"content":{"rendered":"\t\t<div data-elementor-type=\"wp-page\" data-elementor-id=\"26827\" class=\"elementor elementor-26827 elementor-20261\" data-elementor-post-type=\"page\">\n\t\t\t\t\t\t<section class=\"elementor-section elementor-top-section elementor-element elementor-element-574ecd16 elementor-section-boxed elementor-section-height-default elementor-section-height-default\" data-id=\"574ecd16\" data-element_type=\"section\" data-e-type=\"section\">\n\t\t\t\t\t\t<div class=\"elementor-container elementor-column-gap-default\">\n\t\t\t\t\t<div class=\"elementor-column elementor-col-100 elementor-top-column elementor-element elementor-element-1a15249c\" data-id=\"1a15249c\" data-element_type=\"column\" data-e-type=\"column\">\n\t\t\t<div class=\"elementor-widget-wrap elementor-element-populated\">\n\t\t\t\t\t\t<section class=\"elementor-section elementor-inner-section elementor-element elementor-element-76999c8e bg-white shadow shadow-hover-lg fly-sm rounded-10 overflow-hidden elementor-section-boxed elementor-section-height-default elementor-section-height-default\" data-id=\"76999c8e\" data-element_type=\"section\" data-e-type=\"section\" data-settings=\"{&quot;animation&quot;:&quot;none&quot;}\">\n\t\t\t\t\t\t<div class=\"elementor-container elementor-column-gap-default\">\n\t\t\t\t\t<div class=\"elementor-column elementor-col-100 elementor-inner-column elementor-element elementor-element-1883b539\" data-id=\"1883b539\" data-element_type=\"column\" data-e-type=\"column\">\n\t\t\t<div class=\"elementor-widget-wrap elementor-element-populated\">\n\t\t\t\t\t\t<div class=\"elementor-element elementor-element-bb0ef73 elementor-widget elementor-widget-image\" data-id=\"bb0ef73\" data-element_type=\"widget\" data-e-type=\"widget\" data-widget_type=\"image.default\">\n\t\t\t\t<div class=\"elementor-widget-container\">\n\t\t\t\t\t\t\t\t\t\t\t\t\t\t\t<img decoding=\"async\" src=\"https:\/\/marketac.eu\/wp-content\/uploads\/elementor\/thumbs\/etf-q00ovhy0zq4x4gnbvtyrinjw39m42dakxznblk3nqa.png\" title=\"etf\" alt=\"etf\" loading=\"lazy\" \/>\t\t\t\t\t\t\t\t\t\t\t\t\t\t\t<\/div>\n\t\t\t\t<\/div>\n\t\t\t\t\t<\/div>\n\t\t<\/div>\n\t\t\t\t\t<\/div>\n\t\t<\/section>\n\t\t\t\t\t<\/div>\n\t\t<\/div>\n\t\t\t\t\t<\/div>\n\t\t<\/section>\n\t\t\t\t<section class=\"elementor-section elementor-top-section elementor-element elementor-element-590179e elementor-section-boxed elementor-section-height-default elementor-section-height-default\" data-id=\"590179e\" data-element_type=\"section\" data-e-type=\"section\">\n\t\t\t\t\t\t<div class=\"elementor-container elementor-column-gap-default\">\n\t\t\t\t\t<div class=\"elementor-column elementor-col-100 elementor-top-column elementor-element elementor-element-87e2a22\" data-id=\"87e2a22\" data-element_type=\"column\" data-e-type=\"column\">\n\t\t\t<div class=\"elementor-widget-wrap elementor-element-populated\">\n\t\t\t\t\t\t<div class=\"elementor-element elementor-element-065931b elementor-widget elementor-widget-Table\" data-id=\"065931b\" data-element_type=\"widget\" data-e-type=\"widget\" data-widget_type=\"Table.default\">\n\t\t\t\t<div class=\"elementor-widget-container\">\n\t\t\t\t\t\t\t<table class=\"tafe-table \">\n\t\t\t<thead  class=\"tafe-table-header\">\n\t\t\t\t<tr>\n\t\t\t\t\t<th class=\"elementor-inline-editing elementor-repeater-item-f7bb1ad\"   ><\/th><th class=\"elementor-inline-editing elementor-repeater-item-d1cf98c\"   >ETF - European Transport Workers\u2019 Federation <\/th>\t\t\t\t<\/tr>\n\t\t\t<\/thead>\n\t\t\t\t\t\t<tbody class=\"tafe-table-body\">\n\t\t\t\t<tr>\n\t\t\t\t\t<\/tr><tr><td data-label=\"\"   class=\"elementor-repeater-item-2b7c7c1 td-content-type-default\" >Persona responsable<\/td><td data-label=\"ETF - European Transport Workers\u2019 Federation\"   class=\"elementor-repeater-item-af50c1d td-content-type-default\" ><strong style=\"color: #3ca7a4\">Oficial de Pol\u00edticas de Pesca:<\/strong> <\/br>\nAndrea Albertazzi<\/td><\/tr><tr><td data-label=\"\"   class=\"elementor-repeater-item-4f2f51c td-content-type-default\" >Representante principal:<\/td><td data-label=\"ETF - European Transport Workers\u2019 Federation\"   class=\"elementor-repeater-item-2afe712 td-content-type-default\" >Juan Manuel Trujillo<\/td><\/tr><tr><td data-label=\"\"   class=\"elementor-repeater-item-eb525f4 td-content-type-default\" >Direcci\u00f3n:<\/td><td data-label=\"ETF - European Transport Workers\u2019 Federation\"   class=\"elementor-repeater-item-f4049b0 td-content-type-default\" >Galerie AGORA, Rue du March\u00e9 aux Herbes 105 Bo\u00eete 11 B, 1000 Bruxelles, Belgium<\/td><\/tr><tr><td data-label=\"\"   class=\"elementor-repeater-item-52861fe td-content-type-default\" >Correo eletr\u00f3nico:<\/td><td data-label=\"ETF - European Transport Workers\u2019 Federation\"   class=\"elementor-repeater-item-2cb4cfe td-content-type-default\" ><a href=\"mailto:a.albertazzi@etf-europe.org\">a.albertazzi@etf-europe.org<\/a><\/td><\/tr><tr><td data-label=\"\"   class=\"elementor-repeater-item-c21700f td-content-type-default\" >Sitio web:<\/td><td data-label=\"ETF - European Transport Workers\u2019 Federation\"   class=\"elementor-repeater-item-cee8042 td-content-type-default\" ><a href=\"https:\/\/www.etf-europe.org\" target=\"_blank\" rel=\"noopener\">www.etf-europe.org<\/a><\/td>\t\t\t\t<\/tr>\n\t\t\t<\/tbody>\n\t\t<\/table>\n\t\t\n\t\t\t\t\t\t<\/div>\n\t\t\t\t<\/div>\n\t\t\t\t<div class=\"elementor-element elementor-element-0dc2c51 elementor-widget elementor-widget-pix-button\" data-id=\"0dc2c51\" data-element_type=\"widget\" data-e-type=\"widget\" data-widget_type=\"pix-button.default\">\n\t\t\t\t<div class=\"elementor-widget-container\">\n\t\t\t\t\t<div class=\"d-block w-100 text-center\"><a  href=\"https:\/\/marketac.eu\/es\/membership\/\" class=\"btn m-0      btn-primary d-inline-flex align-items-center      pix-btn-div btn-md\"     ><svg class=\"pixfort-icon font-weight-bold   mr-2\" width=\"24\" height=\"24\"  data-name=\"Line\/pixfort-icon-arrow-left-circle-1\" viewBox=\"2 2 20 20\"><path fill=\"none\" stroke=\"var(--pf-icon-color)\" stroke-linecap=\"round\" stroke-linejoin=\"round\" stroke-width=\"var(--pf-icon-stroke-width)\" d=\"M12,21 C16.9705627,21 21,16.9705627 21,12 C21,7.02943725 16.9705627,3 12,3 C7.02943725,3 3,7.02943725 3,12 C3,16.9705627 7.02943725,21 12,21 Z M8,12 L17,12 M12,17 L7,12 L12,7\"\/><\/svg><span class=\"font-weight-bold \" >Volver a miembros<\/span><\/a><\/div>\t\t\t\t<\/div>\n\t\t\t\t<\/div>\n\t\t\t\t\t<\/div>\n\t\t<\/div>\n\t\t\t\t\t<\/div>\n\t\t<\/section>\n\t\t\t\t<\/div>\n\t\t","protected":false},"excerpt":{"rendered":"<p>ETF &#8211; European Transport Workers\u2019 Federation Persona responsable Oficial de Pol\u00edticas de Pesca: Andrea Albertazzi Representante principal: Juan Manuel Trujillo Direcci\u00f3n: Galerie AGORA, Rue du March\u00e9 aux Herbes 105 Bo\u00eete 11 B, 1000 Bruxelles, Belgium Correo eletr\u00f3nico: a.albertazzi@etf-europe.org Sitio web:&#8230;<\/p>\n","protected":false},"author":1,"featured_media":0,"parent":24377,"menu_order":7,"comment_status":"closed","ping_status":"closed","template":"","meta":{"footnotes":""},"class_list":["post-26827","page","type-page","status-publish","hentry"],"_links":{"self":[{"href":"https:\/\/marketac.eu\/es\/wp-json\/wp\/v2\/pages\/26827","targetHints":{"allow":["GET"]}}],"collection":[{"href":"https:\/\/marketac.eu\/es\/wp-json\/wp\/v2\/pages"}],"about":[{"href":"https:\/\/marketac.eu\/es\/wp-json\/wp\/v2\/types\/page"}],"author":[{"embeddable":true,"href":"https:\/\/marketac.eu\/es\/wp-json\/wp\/v2\/users\/1"}],"replies":[{"embeddable":true,"href":"https:\/\/marketac.eu\/es\/wp-json\/wp\/v2\/comments?post=26827"}],"version-history":[{"count":3,"href":"https:\/\/marketac.eu\/es\/wp-json\/wp\/v2\/pages\/26827\/revisions"}],"predecessor-version":[{"id":26856,"href":"https:\/\/marketac.eu\/es\/wp-json\/wp\/v2\/pages\/26827\/revisions\/26856"}],"up":[{"embeddable":true,"href":"https:\/\/marketac.eu\/es\/wp-json\/wp\/v2\/pages\/24377"}],"wp:attachment":[{"href":"https:\/\/marketac.eu\/es\/wp-json\/wp\/v2\/media?parent=26827"}],"curies":[{"name":"wp","href":"https:\/\/api.w.org\/{rel}","templated":true}]}}