
{"id":26764,"date":"2021-10-28T13:03:18","date_gmt":"2021-10-28T13:03:18","guid":{"rendered":"https:\/\/marketac.eu\/membership\/avocano\/"},"modified":"2021-12-17T23:39:54","modified_gmt":"2021-12-17T23:39:54","slug":"avocano","status":"publish","type":"page","link":"https:\/\/marketac.eu\/es\/membership\/avocano\/","title":{"rendered":"AVOCANO &#8211; Asociaci\u00f3n de Volanteros del Cant\u00e1brico Noroeste"},"content":{"rendered":"\t\t<div data-elementor-type=\"wp-page\" data-elementor-id=\"26764\" class=\"elementor elementor-26764\" data-elementor-post-type=\"page\">\n\t\t\t\t\t\t<section class=\"elementor-section elementor-top-section elementor-element elementor-element-b3541c7 elementor-section-boxed elementor-section-height-default elementor-section-height-default\" data-id=\"b3541c7\" data-element_type=\"section\" data-e-type=\"section\">\n\t\t\t\t\t\t<div class=\"elementor-container elementor-column-gap-default\">\n\t\t\t\t\t<div class=\"elementor-column elementor-col-100 elementor-top-column elementor-element elementor-element-9517540\" data-id=\"9517540\" data-element_type=\"column\" data-e-type=\"column\">\n\t\t\t<div class=\"elementor-widget-wrap elementor-element-populated\">\n\t\t\t\t\t\t<div class=\"elementor-element elementor-element-32df502 elementor-widget elementor-widget-Table\" data-id=\"32df502\" data-element_type=\"widget\" data-e-type=\"widget\" data-widget_type=\"Table.default\">\n\t\t\t\t<div class=\"elementor-widget-container\">\n\t\t\t\t\t\t\t<table class=\"tafe-table \">\n\t\t\t<thead  class=\"tafe-table-header\">\n\t\t\t\t<tr>\n\t\t\t\t\t<th class=\"elementor-inline-editing elementor-repeater-item-f7bb1ad\"   ><\/th><th class=\"elementor-inline-editing elementor-repeater-item-d1cf98c\"   >AVOCANO - Asociaci\u00f3n de Volanteros del Cant\u00e1brico Noroeste<\/th>\t\t\t\t<\/tr>\n\t\t\t<\/thead>\n\t\t\t\t\t\t<tbody class=\"tafe-table-body\">\n\t\t\t\t<tr>\n\t\t\t\t\t<\/tr><tr><td data-label=\"\"   class=\"elementor-repeater-item-2b7c7c1 td-content-type-default\" >Persona responsable<\/td><td data-label=\"AVOCANO - Asociaci\u00f3n de Volanteros del Cant\u00e1brico Noroeste\"   class=\"elementor-repeater-item-af50c1d td-content-type-default\" ><strong style=\"color: #3ca7a4\">Secretario General:<\/strong> <\/br>\nSantiago Folgar Gutierrez<\/td><\/tr><tr><td data-label=\"\"   class=\"elementor-repeater-item-4f2f51c td-content-type-default\" >Representante principal:<\/td><td data-label=\"AVOCANO - Asociaci\u00f3n de Volanteros del Cant\u00e1brico Noroeste\"   class=\"elementor-repeater-item-2afe712 td-content-type-default\" >Santiago Folgar Gutierrez<\/td><\/tr><tr><td data-label=\"\"   class=\"elementor-repeater-item-eb525f4 td-content-type-default\" >Direcci\u00f3n:<\/td><td data-label=\"AVOCANO - Asociaci\u00f3n de Volanteros del Cant\u00e1brico Noroeste\"   class=\"elementor-repeater-item-f4049b0 td-content-type-default\" >Calle Marqu\u00e9s de Argud\u00edn n\u00ba 24, 33125 San Juan de la Arena, Asturias, Spain<\/td><\/tr><tr><td data-label=\"\"   class=\"elementor-repeater-item-52861fe td-content-type-default\" >Correo eletr\u00f3nico:<\/td><td data-label=\"AVOCANO - Asociaci\u00f3n de Volanteros del Cant\u00e1brico Noroeste\"   class=\"elementor-repeater-item-2cb4cfe td-content-type-default\" ><a href=\"mailto:sfavocano@hotmail.com\">sfavocano@hotmail.com<\/a><\/td><\/tr><tr><td data-label=\"\"   class=\"elementor-repeater-item-c21700f td-content-type-default\" >Sitio web:<\/td><td data-label=\"AVOCANO - Asociaci\u00f3n de Volanteros del Cant\u00e1brico Noroeste\"   class=\"elementor-repeater-item-cee8042 td-content-type-default\" ><a href=\"https:\/\/avocano.wixsite.com\/avocano\" target=\"_blank\" rel=\"noopener\">www.avocano.wixsite.com<\/a><\/td>\t\t\t\t<\/tr>\n\t\t\t<\/tbody>\n\t\t<\/table>\n\t\t\n\t\t\t\t\t\t<\/div>\n\t\t\t\t<\/div>\n\t\t\t\t<div class=\"elementor-element elementor-element-c8a8ecd elementor-widget elementor-widget-pix-button\" data-id=\"c8a8ecd\" data-element_type=\"widget\" data-e-type=\"widget\" data-widget_type=\"pix-button.default\">\n\t\t\t\t<div class=\"elementor-widget-container\">\n\t\t\t\t\t<div class=\"d-block w-100 text-center\"><a  href=\"https:\/\/marketac.eu\/es\/membership\/\" class=\"btn m-0      btn-primary d-inline-flex align-items-center      pix-btn-div btn-md\"     ><svg class=\"pixfort-icon font-weight-bold   mr-2\" width=\"24\" height=\"24\"  data-name=\"Line\/pixfort-icon-arrow-left-circle-1\" viewBox=\"2 2 20 20\"><path fill=\"none\" stroke=\"var(--pf-icon-color)\" stroke-linecap=\"round\" stroke-linejoin=\"round\" stroke-width=\"var(--pf-icon-stroke-width)\" d=\"M12,21 C16.9705627,21 21,16.9705627 21,12 C21,7.02943725 16.9705627,3 12,3 C7.02943725,3 3,7.02943725 3,12 C3,16.9705627 7.02943725,21 12,21 Z M8,12 L17,12 M12,17 L7,12 L12,7\"\/><\/svg><span class=\"font-weight-bold \" >Volver a miembros<\/span><\/a><\/div>\t\t\t\t<\/div>\n\t\t\t\t<\/div>\n\t\t\t\t\t<\/div>\n\t\t<\/div>\n\t\t\t\t\t<\/div>\n\t\t<\/section>\n\t\t\t\t<\/div>\n\t\t","protected":false},"excerpt":{"rendered":"<p>AVOCANO &#8211; Asociaci\u00f3n de Volanteros del Cant\u00e1brico Noroeste Persona responsable Secretario General: Santiago Folgar Gutierrez Representante principal: Santiago Folgar Gutierrez Direcci\u00f3n: Calle Marqu\u00e9s de Argud\u00edn n\u00ba 24, 33125 San Juan de la Arena, Asturias, Spain Correo eletr\u00f3nico: sfavocano@hotmail.com Sitio web:&#8230;<\/p>\n","protected":false},"author":1,"featured_media":0,"parent":24377,"menu_order":7,"comment_status":"closed","ping_status":"closed","template":"","meta":{"footnotes":""},"class_list":["post-26764","page","type-page","status-publish","hentry"],"_links":{"self":[{"href":"https:\/\/marketac.eu\/es\/wp-json\/wp\/v2\/pages\/26764","targetHints":{"allow":["GET"]}}],"collection":[{"href":"https:\/\/marketac.eu\/es\/wp-json\/wp\/v2\/pages"}],"about":[{"href":"https:\/\/marketac.eu\/es\/wp-json\/wp\/v2\/types\/page"}],"author":[{"embeddable":true,"href":"https:\/\/marketac.eu\/es\/wp-json\/wp\/v2\/users\/1"}],"replies":[{"embeddable":true,"href":"https:\/\/marketac.eu\/es\/wp-json\/wp\/v2\/comments?post=26764"}],"version-history":[{"count":3,"href":"https:\/\/marketac.eu\/es\/wp-json\/wp\/v2\/pages\/26764\/revisions"}],"predecessor-version":[{"id":26782,"href":"https:\/\/marketac.eu\/es\/wp-json\/wp\/v2\/pages\/26764\/revisions\/26782"}],"up":[{"embeddable":true,"href":"https:\/\/marketac.eu\/es\/wp-json\/wp\/v2\/pages\/24377"}],"wp:attachment":[{"href":"https:\/\/marketac.eu\/es\/wp-json\/wp\/v2\/media?parent=26764"}],"curies":[{"name":"wp","href":"https:\/\/api.w.org\/{rel}","templated":true}]}}