
{"id":26725,"date":"2021-10-28T11:13:55","date_gmt":"2021-10-28T11:13:55","guid":{"rendered":"https:\/\/marketac.eu\/membership\/adepale\/"},"modified":"2024-04-11T09:35:22","modified_gmt":"2024-04-11T09:35:22","slug":"adepale","status":"publish","type":"page","link":"https:\/\/marketac.eu\/es\/membership\/adepale\/","title":{"rendered":"PACT\u2019ALIM"},"content":{"rendered":"\t\t<div data-elementor-type=\"wp-page\" data-elementor-id=\"26725\" class=\"elementor elementor-26725 elementor-20501\" data-elementor-post-type=\"page\">\n\t\t\t\t\t\t<section class=\"elementor-section elementor-top-section elementor-element elementor-element-574ecd16 elementor-section-boxed elementor-section-height-default elementor-section-height-default\" data-id=\"574ecd16\" data-element_type=\"section\" data-e-type=\"section\">\n\t\t\t\t\t\t<div class=\"elementor-container elementor-column-gap-default\">\n\t\t\t\t\t<div class=\"elementor-column elementor-col-100 elementor-top-column elementor-element elementor-element-1a15249c\" data-id=\"1a15249c\" data-element_type=\"column\" data-e-type=\"column\">\n\t\t\t<div class=\"elementor-widget-wrap elementor-element-populated\">\n\t\t\t\t\t\t<section class=\"elementor-section elementor-inner-section elementor-element elementor-element-76999c8e bg-white shadow shadow-hover-lg fly-sm rounded-10 overflow-hidden elementor-section-boxed elementor-section-height-default elementor-section-height-default\" data-id=\"76999c8e\" data-element_type=\"section\" data-e-type=\"section\" data-settings=\"{&quot;animation&quot;:&quot;none&quot;}\">\n\t\t\t\t\t\t<div class=\"elementor-container elementor-column-gap-default\">\n\t\t\t\t\t<div class=\"elementor-column elementor-col-100 elementor-inner-column elementor-element elementor-element-1883b539\" data-id=\"1883b539\" data-element_type=\"column\" data-e-type=\"column\">\n\t\t\t<div class=\"elementor-widget-wrap elementor-element-populated\">\n\t\t\t\t\t\t<div class=\"elementor-element elementor-element-bb0ef73 elementor-widget elementor-widget-image\" data-id=\"bb0ef73\" data-element_type=\"widget\" data-e-type=\"widget\" data-widget_type=\"image.default\">\n\t\t\t\t<div class=\"elementor-widget-container\">\n\t\t\t\t\t\t\t\t\t\t\t\t\t\t\t<img decoding=\"async\" width=\"150\" height=\"150\" src=\"https:\/\/marketac.eu\/wp-content\/uploads\/2024\/04\/logo-Pactalim-quadri-fond-blanc-150x150.jpg\" class=\"attachment-thumbnail size-thumbnail wp-image-43059\" alt=\"\" srcset=\"https:\/\/marketac.eu\/wp-content\/uploads\/2024\/04\/logo-Pactalim-quadri-fond-blanc-150x150.jpg 150w, https:\/\/marketac.eu\/wp-content\/uploads\/2024\/04\/logo-Pactalim-quadri-fond-blanc-300x300.jpg 300w, https:\/\/marketac.eu\/wp-content\/uploads\/2024\/04\/logo-Pactalim-quadri-fond-blanc-500x500.jpg 500w, https:\/\/marketac.eu\/wp-content\/uploads\/2024\/04\/logo-Pactalim-quadri-fond-blanc-400x400.jpg 400w, https:\/\/marketac.eu\/wp-content\/uploads\/2024\/04\/logo-Pactalim-quadri-fond-blanc-75x75.jpg 75w, https:\/\/marketac.eu\/wp-content\/uploads\/2024\/04\/logo-Pactalim-quadri-fond-blanc-460x460.jpg 460w, https:\/\/marketac.eu\/wp-content\/uploads\/2024\/04\/logo-Pactalim-quadri-fond-blanc-24x24.jpg 24w, https:\/\/marketac.eu\/wp-content\/uploads\/2024\/04\/logo-Pactalim-quadri-fond-blanc-48x48.jpg 48w, https:\/\/marketac.eu\/wp-content\/uploads\/2024\/04\/logo-Pactalim-quadri-fond-blanc-96x96.jpg 96w\" sizes=\"(max-width: 150px) 100vw, 150px\" \/>\t\t\t\t\t\t\t\t\t\t\t\t\t\t\t<\/div>\n\t\t\t\t<\/div>\n\t\t\t\t\t<\/div>\n\t\t<\/div>\n\t\t\t\t\t<\/div>\n\t\t<\/section>\n\t\t\t\t\t<\/div>\n\t\t<\/div>\n\t\t\t\t\t<\/div>\n\t\t<\/section>\n\t\t\t\t<section class=\"elementor-section elementor-top-section elementor-element elementor-element-6242fb2e elementor-section-boxed elementor-section-height-default elementor-section-height-default\" data-id=\"6242fb2e\" data-element_type=\"section\" data-e-type=\"section\">\n\t\t\t\t\t\t<div class=\"elementor-container elementor-column-gap-default\">\n\t\t\t\t\t<div class=\"elementor-column elementor-col-100 elementor-top-column elementor-element elementor-element-2a9bbd77\" data-id=\"2a9bbd77\" data-element_type=\"column\" data-e-type=\"column\">\n\t\t\t<div class=\"elementor-widget-wrap elementor-element-populated\">\n\t\t\t\t\t\t<div class=\"elementor-element elementor-element-50629b3d elementor-widget elementor-widget-Table\" data-id=\"50629b3d\" data-element_type=\"widget\" data-e-type=\"widget\" data-widget_type=\"Table.default\">\n\t\t\t\t<div class=\"elementor-widget-container\">\n\t\t\t\t\t\t\t<table class=\"tafe-table \">\n\t\t\t<thead  class=\"tafe-table-header\">\n\t\t\t\t<tr>\n\t\t\t\t\t<th class=\"elementor-inline-editing elementor-repeater-item-f7bb1ad\"   ><\/th><th class=\"elementor-inline-editing elementor-repeater-item-d1cf98c\"   >PACT\u2019ALIM<\/th>\t\t\t\t<\/tr>\n\t\t\t<\/thead>\n\t\t\t\t\t\t<tbody class=\"tafe-table-body\">\n\t\t\t\t<tr>\n\t\t\t\t\t<\/tr><tr><td data-label=\"\"   class=\"elementor-repeater-item-2b7c7c1 td-content-type-default\" >Persona responsable<\/td><td data-label=\"PACT\u2019ALIM\"   class=\"elementor-repeater-item-af50c1d td-content-type-default\" ><strong style=\"color: #3ca7a4\">Delegado General:<\/strong> <\/br>\nPierre Comm\u00e8re<\/td><\/tr><tr><td data-label=\"\"   class=\"elementor-repeater-item-4f2f51c td-content-type-default\" >Representante principal:<\/td><td data-label=\"PACT\u2019ALIM\"   class=\"elementor-repeater-item-2afe712 td-content-type-default\" >Pierre Comm\u00e8re<\/td><\/tr><tr><td data-label=\"\"   class=\"elementor-repeater-item-eb525f4 td-content-type-default\" >Direcci\u00f3n:<\/td><td data-label=\"PACT\u2019ALIM\"   class=\"elementor-repeater-item-f4049b0 td-content-type-default\" >44 rue d'Al\u00e9sia 75682 Paris cedex 14, France<\/td><\/tr><tr><td data-label=\"\"   class=\"elementor-repeater-item-52861fe td-content-type-default\" >Correo eletr\u00f3nico:<\/td><td data-label=\"PACT\u2019ALIM\"   class=\"elementor-repeater-item-2cb4cfe td-content-type-default\" ><\/td><\/tr><tr><td data-label=\"\"   class=\"elementor-repeater-item-c21700f td-content-type-default\" >Sitio web:<\/td><td data-label=\"PACT\u2019ALIM\"   class=\"elementor-repeater-item-cee8042 td-content-type-default\" ><a href=\"https:\/\/www.pactalim.fr\" target=\"_blank\" rel=\"noopener\">www.pactalim.fr<\/a><\/td>\t\t\t\t<\/tr>\n\t\t\t<\/tbody>\n\t\t<\/table>\n\t\t\n\t\t\t\t\t\t<\/div>\n\t\t\t\t<\/div>\n\t\t\t\t<div class=\"elementor-element elementor-element-69973d06 elementor-widget elementor-widget-pix-button\" data-id=\"69973d06\" data-element_type=\"widget\" data-e-type=\"widget\" data-widget_type=\"pix-button.default\">\n\t\t\t\t<div class=\"elementor-widget-container\">\n\t\t\t\t\t<div class=\"d-block w-100 text-center\"><a  href=\"https:\/\/marketac.eu\/es\/membership\/\" class=\"btn m-0      btn-primary d-inline-flex align-items-center      pix-btn-div btn-md\"     ><svg class=\"pixfort-icon font-weight-bold   mr-2\" width=\"24\" height=\"24\"  data-name=\"Line\/pixfort-icon-arrow-left-circle-1\" viewBox=\"2 2 20 20\"><path fill=\"none\" stroke=\"var(--pf-icon-color)\" stroke-linecap=\"round\" stroke-linejoin=\"round\" stroke-width=\"var(--pf-icon-stroke-width)\" d=\"M12,21 C16.9705627,21 21,16.9705627 21,12 C21,7.02943725 16.9705627,3 12,3 C7.02943725,3 3,7.02943725 3,12 C3,16.9705627 7.02943725,21 12,21 Z M8,12 L17,12 M12,17 L7,12 L12,7\"\/><\/svg><span class=\"font-weight-bold \" >Volver a miembros<\/span><\/a><\/div>\t\t\t\t<\/div>\n\t\t\t\t<\/div>\n\t\t\t\t\t<\/div>\n\t\t<\/div>\n\t\t\t\t\t<\/div>\n\t\t<\/section>\n\t\t\t\t<\/div>\n\t\t","protected":false},"excerpt":{"rendered":"<p>PACT\u2019ALIM Persona responsable Delegado General: Pierre Comm\u00e8re Representante principal: Pierre Comm\u00e8re Direcci\u00f3n: 44 rue d&#8217;Al\u00e9sia 75682 Paris cedex 14, France Correo eletr\u00f3nico: Sitio web: www.pactalim.fr Volver a miembros<\/p>\n","protected":false},"author":1,"featured_media":0,"parent":24377,"menu_order":7,"comment_status":"closed","ping_status":"closed","template":"","meta":{"footnotes":""},"class_list":["post-26725","page","type-page","status-publish","hentry"],"_links":{"self":[{"href":"https:\/\/marketac.eu\/es\/wp-json\/wp\/v2\/pages\/26725","targetHints":{"allow":["GET"]}}],"collection":[{"href":"https:\/\/marketac.eu\/es\/wp-json\/wp\/v2\/pages"}],"about":[{"href":"https:\/\/marketac.eu\/es\/wp-json\/wp\/v2\/types\/page"}],"author":[{"embeddable":true,"href":"https:\/\/marketac.eu\/es\/wp-json\/wp\/v2\/users\/1"}],"replies":[{"embeddable":true,"href":"https:\/\/marketac.eu\/es\/wp-json\/wp\/v2\/comments?post=26725"}],"version-history":[{"count":11,"href":"https:\/\/marketac.eu\/es\/wp-json\/wp\/v2\/pages\/26725\/revisions"}],"predecessor-version":[{"id":43073,"href":"https:\/\/marketac.eu\/es\/wp-json\/wp\/v2\/pages\/26725\/revisions\/43073"}],"up":[{"embeddable":true,"href":"https:\/\/marketac.eu\/es\/wp-json\/wp\/v2\/pages\/24377"}],"wp:attachment":[{"href":"https:\/\/marketac.eu\/es\/wp-json\/wp\/v2\/media?parent=26725"}],"curies":[{"name":"wp","href":"https:\/\/api.w.org\/{rel}","templated":true}]}}