
{"id":26691,"date":"2021-09-23T22:33:07","date_gmt":"2021-09-23T22:33:07","guid":{"rendered":"https:\/\/marketac.eu\/cookie-policy\/"},"modified":"2021-12-15T16:13:46","modified_gmt":"2021-12-15T16:13:46","slug":"cookie-policy","status":"publish","type":"page","link":"https:\/\/marketac.eu\/es\/cookie-policy\/","title":{"rendered":"Pol\u00edtica de cookies"},"content":{"rendered":"\t\t<div data-elementor-type=\"wp-page\" data-elementor-id=\"26691\" class=\"elementor elementor-26691 elementor-14724\" data-elementor-post-type=\"page\">\n\t\t\t\t\t\t<section class=\"elementor-section elementor-top-section elementor-element elementor-element-48fe9ac6 elementor-section-boxed elementor-section-height-default elementor-section-height-default\" data-id=\"48fe9ac6\" data-element_type=\"section\" data-e-type=\"section\">\n\t\t\t\t\t\t<div class=\"elementor-container elementor-column-gap-default\">\n\t\t\t\t\t<div class=\"elementor-column elementor-col-100 elementor-top-column elementor-element elementor-element-6c2da88e\" data-id=\"6c2da88e\" data-element_type=\"column\" data-e-type=\"column\">\n\t\t\t<div class=\"elementor-widget-wrap elementor-element-populated\">\n\t\t\t\t\t\t<div class=\"elementor-element elementor-element-167e6539 elementor-widget elementor-widget-pix-badge\" data-id=\"167e6539\" data-element_type=\"widget\" data-e-type=\"widget\" data-widget_type=\"pix-badge.default\">\n\t\t\t\t<div class=\"elementor-widget-container\">\n\t\t\t\t\t<div class=\"pix-element-div w-100 text-center\"><span class=\"pix-badge-element h6 d-inline-flex mr-1 \"  ><span class=\"badge font-weight-bold  bg-secondary  \" style=\" \"><span class=\"text-white\" style=\"\">Consejo Consultivo de Mercados<\/span><\/span><\/span><\/div>\t\t\t\t<\/div>\n\t\t\t\t<\/div>\n\t\t\t\t<div class=\"elementor-element elementor-element-7d6e9220 elementor-widget elementor-widget-pix-sliding-text\" data-id=\"7d6e9220\" data-element_type=\"widget\" data-e-type=\"widget\" data-settings=\"{&quot;_animation&quot;:&quot;none&quot;}\" data-widget_type=\"pix-sliding-text.default\">\n\t\t\t\t<div class=\"elementor-widget-container\">\n\t\t\t\t\t<div id=\"el-7d6e9220\" class=\"mb-3 text-center \"><div class=\"d-inline-block\" style=\"max-width:600px;\"><h3 class=\"mb-32 pix-sliding-headline-2 animate-in font-weight-bold secondary-font \" data-anim-type=\"pix-sliding-text\" pix-anim-delay=\"500\" data-class=\"secondary-font text-gradient-primary\" style=\"\"><span class=\"slide-in-container \"><span class=\"pix-sliding-item secondary-font text-gradient-primary\" style=\"transition-delay: 0ms;\">Pol\u00edtica&#32;<\/span><\/span> <span class=\"slide-in-container \"><span class=\"pix-sliding-item secondary-font text-gradient-primary\" style=\"transition-delay: 150ms;\">de&#32;<\/span><\/span> <span class=\"slide-in-container \"><span class=\"pix-sliding-item secondary-font text-gradient-primary\" style=\"transition-delay: 300ms;\">cookies&#32;<\/span><\/span> <\/h3><\/div><\/div>\t\t\t\t<\/div>\n\t\t\t\t<\/div>\n\t\t\t\t<div class=\"elementor-element elementor-element-7ba87b4f elementor-widget elementor-widget-pix-text\" data-id=\"7ba87b4f\" data-element_type=\"widget\" data-e-type=\"widget\" data-widget_type=\"pix-text.default\">\n\t\t\t\t<div class=\"elementor-widget-container\">\n\t\t\t\t\t<div class=\"pix-el-text w-100 text-center \" ><div class=\"d-inline-block\" style=\"max-width:600px;\"><p class=\"text-18 resp-option text-body-default text-center \" >Lea atentamente nuestra pol\u00edtica de cookies<\/p><\/div><\/div>\t\t\t\t<\/div>\n\t\t\t\t<\/div>\n\t\t\t\t\t<\/div>\n\t\t<\/div>\n\t\t\t\t\t<\/div>\n\t\t<\/section>\n\t\t\t\t<section class=\"elementor-section elementor-top-section elementor-element elementor-element-fb89e2a elementor-section-stretched elementor-section-boxed elementor-section-height-default elementor-section-height-default\" data-id=\"fb89e2a\" data-element_type=\"section\" data-e-type=\"section\" data-settings=\"{&quot;stretch_section&quot;:&quot;section-stretched&quot;,&quot;background_background&quot;:&quot;classic&quot;}\">\n\t\t\t\t\t\t<div class=\"elementor-container elementor-column-gap-default\">\n\t\t\t\t\t<div class=\"elementor-column elementor-col-100 elementor-top-column elementor-element elementor-element-f65f7fb\" data-id=\"f65f7fb\" data-element_type=\"column\" data-e-type=\"column\">\n\t\t\t<div class=\"elementor-widget-wrap elementor-element-populated\">\n\t\t\t\t\t\t<div class=\"elementor-element elementor-element-f7bc8ce elementor-widget elementor-widget-pix-text\" data-id=\"f7bc8ce\" data-element_type=\"widget\" data-e-type=\"widget\" data-widget_type=\"pix-text.default\">\n\t\t\t\t<div class=\"elementor-widget-container\">\n\t\t\t\t\t<div class=\"pix-el-text w-100 text-left \" ><p class=\"text-18 resp-option text-gray-6 text-left \" >Nuestro sitio web Marketac.eu (el \"Sitio Web\") utiliza tecnolog\u00eda conocida como cookies con el fin de capturar informaci\u00f3n sobre el uso que se hace del Sitio Web. Le informamos que utilizamos cookies con el fin de facilitar su navegaci\u00f3n en nuestro Sitio Web, para identificarle de otros usuarios, proporcionarle una mejor experiencia en su uso, o para identificar problemas con el fin de mejorar nuestro Sitio Web. <br><br>Adem\u00e1s, si usted lo consiente, utilizaremos cookies que nos permitir\u00e1n obtener m\u00e1s informaci\u00f3n sobre sus preferencias y personalizar nuestro Sitio Web de acuerdo con sus intereses individuales. La finalidad de esta pol\u00edtica de cookies es informarle de forma clara y concisa sobre las cookies utilizadas en nuestro Sitio Web (la \"Pol\u00edtica de Cookies\"). <br><br>Le informamos que el presente documento se complementa con el Aviso Legal, la Pol\u00edtica de Privacidad y las Condiciones Generales de Contrataci\u00f3n, que en su totalidad comprenden los textos legales que rigen el Sitio Web. Si desea recibir m\u00e1s informaci\u00f3n sobre las cookies que utilizamos en el Sitio Web, puede enviar un correo electr\u00f3nico a la siguiente direcci\u00f3n: secretary@marketac.eu.<\/p><\/div>\t\t\t\t<\/div>\n\t\t\t\t<\/div>\n\t\t\t\t<div class=\"elementor-element elementor-element-3fbef37 elementor-invisible elementor-widget elementor-widget-pix-badge\" data-id=\"3fbef37\" data-element_type=\"widget\" data-e-type=\"widget\" data-widget_type=\"pix-badge.default\">\n\t\t\t\t<div class=\"elementor-widget-container\">\n\t\t\t\t\t<span class=\"pix-badge-element h5 d-inline-flex mr-1 animate-in\" data-anim-type=\"fade-in-left\" data-anim-delay=\"600\"><span class=\"badge font-weight-bold shadow bg-primary  pix-px-10\" style=\" \"><span class=\"text-white\" style=\"\">QU\u00c9 SON LAS COOKIES?<\/span><\/span><\/span>\t\t\t\t<\/div>\n\t\t\t\t<\/div>\n\t\t\t\t<div class=\"elementor-element elementor-element-9ef1aea elementor-widget elementor-widget-pix-text\" data-id=\"9ef1aea\" data-element_type=\"widget\" data-e-type=\"widget\" data-widget_type=\"pix-text.default\">\n\t\t\t\t<div class=\"elementor-widget-container\">\n\t\t\t\t\t<div class=\"pix-el-text w-100 text-left \" ><p class=\"text-18 resp-option text-gray-6 text-left \" >Una cookie es un fichero que se descarga en su ordenador con la finalidad de almacenar datos que pueden ser actualizados y recuperados por la entidad responsable de su instalaci\u00f3n. La informaci\u00f3n recopilada mediante las cookies puede incluir la fecha y hora de las visitas al sitio web, los productos consultados, las p\u00e1ginas visitadas, el tiempo pasado en nuestro sitio web y los sitios web visitados inmediatamente antes y despu\u00e9s. Mediante el uso de esta informaci\u00f3n podemos enfocar y ajustar los servicios de la manera m\u00e1s efectiva con el fin de proporcionarle una mejor experiencia como usuario.<\/p><\/div>\t\t\t\t<\/div>\n\t\t\t\t<\/div>\n\t\t\t\t<div class=\"elementor-element elementor-element-83d7f84 elementor-invisible elementor-widget elementor-widget-pix-badge\" data-id=\"83d7f84\" data-element_type=\"widget\" data-e-type=\"widget\" data-widget_type=\"pix-badge.default\">\n\t\t\t\t<div class=\"elementor-widget-container\">\n\t\t\t\t\t<span class=\"pix-badge-element h5 d-inline-flex mr-1 animate-in\" data-anim-type=\"fade-in-left\" data-anim-delay=\"600\"><span class=\"badge font-weight-bold shadow bg-primary  pix-px-10\" style=\" \"><span class=\"text-white\" style=\"\">TIPOS Y FINALIDADES DE LAS COOKIES<\/span><\/span><\/span>\t\t\t\t<\/div>\n\t\t\t\t<\/div>\n\t\t\t\t<div class=\"elementor-element elementor-element-c63db1b elementor-widget elementor-widget-pix-text\" data-id=\"c63db1b\" data-element_type=\"widget\" data-e-type=\"widget\" data-widget_type=\"pix-text.default\">\n\t\t\t\t<div class=\"elementor-widget-container\">\n\t\t\t\t\t<div class=\"pix-el-text w-100 text-left \" ><p class=\"text-18 resp-option text-gray-6 text-left \" >Las cookies se pueden clasificar en una variedad de categor\u00edas dependiendo de sus caracter\u00edsticas. Nuestro Sitio Web utiliza las cookies que se describen a continuaci\u00f3n:<br><br>\n\n<b>Cookies propias<\/b><br><br>\n\nSon cookies que se env\u00edan a su ordenador y son gestionadas exclusivamente por nosotros mismos con la finalidad de mejorar el funcionamiento del Sitio Web. La informaci\u00f3n que recopilamos se utiliza para mejorar la calidad de nuestro servicio y su experiencia como usuario. <br><br>\n\n<b>Cookies de terceros<\/b><br><br>\n\nSi interact\u00faa con el contenido del Sitio Web, tambi\u00e9n se pueden instalar cookies de terceros. Las cookies de terceros son aquellas instaladas por un dominio distinto a nuestro sitio web. No podemos acceder a los datos almacenados en las cookies de otros sitios web cuando navega por dichos sitios web. En nuestro sitio web tambi\u00e9n utilizamos el sistema de medici\u00f3n de audiencia de Google Analytics, una herramienta de an\u00e1lisis web de Google que nos permite conocer c\u00f3mo interact\u00faan los usuarios con nuestro sitio web. <br><br>\n\n<b>Cookies \"anal\u00edticas\"<\/b><br><br>\n\nSon cookies que, junto con nuestros archivos de registro del servidor, nos permiten conocer el n\u00famero total de usuarios que visitan nuestro sitio web y qu\u00e9 partes son las m\u00e1s populares. As\u00ed somos capaces de obtener informaci\u00f3n que nos puede ayudar a mejorar la navegaci\u00f3n y prestar un mejor servicio a los usuarios y clientes. Este tipo de cookies nos permiten mejorar la usabilidad y la experiencia al utilizar nuestro sitio web. <br><br>\n\n<b>Cookies de personalizaci\u00f3n<\/b><br><br>\n\nPermiten al usuario acceder a los servicios con algunas caracter\u00edsticas predefinidas de car\u00e1cter general en funci\u00f3n de una serie de criterios en el terminal del usuario, como la configuraci\u00f3n del idioma al crear su cuenta.<br><br>\n\n<b>Cookies de sesi\u00f3n<\/b><br><br>\n\nEste tipo de cookies recopilan y almacenan datos \u00fanicamente mientras el Usuario visita el Sitio Web, como la lista de productos que componen su pedido. A continuaci\u00f3n se muestra una lista de cookies que puede encontrar en nuestro sitio web y una breve descripci\u00f3n de su prop\u00f3sito. Al navegar y permanecer en nuestro Sitio Web usted consiente el uso de las cookies mencionadas anteriormente, los plazos detallados y las condiciones contenidas en esta Pol\u00edtica de Cookies.<\/p><\/div>\t\t\t\t<\/div>\n\t\t\t\t<\/div>\n\t\t\t\t<div class=\"elementor-element elementor-element-4f14cc1 elementor-invisible elementor-widget elementor-widget-pix-badge\" data-id=\"4f14cc1\" data-element_type=\"widget\" data-e-type=\"widget\" data-widget_type=\"pix-badge.default\">\n\t\t\t\t<div class=\"elementor-widget-container\">\n\t\t\t\t\t<span class=\"pix-badge-element h5 d-inline-flex mr-1 animate-in\" data-anim-type=\"fade-in-left\" data-anim-delay=\"600\"><span class=\"badge font-weight-bold shadow bg-primary  pix-px-10\" style=\" \"><span class=\"text-white\" style=\"\">DESHABILITAR Y BLOQUEAR LAS COOKIES<\/span><\/span><\/span>\t\t\t\t<\/div>\n\t\t\t\t<\/div>\n\t\t\t\t<div class=\"elementor-element elementor-element-2fe4674 elementor-widget elementor-widget-pix-text\" data-id=\"2fe4674\" data-element_type=\"widget\" data-e-type=\"widget\" data-widget_type=\"pix-text.default\">\n\t\t\t\t<div class=\"elementor-widget-container\">\n\t\t\t\t\t<div class=\"pix-el-text w-100 text-left \" ><p class=\"text-18 resp-option text-gray-6 text-left \" >En cualquier caso, le informamos que dado que las cookies no son necesarias para el uso de nuestro Sitio Web, puede bloquearlas o deshabilitarlas activando la configuraci\u00f3n en su navegador que le permitir\u00e1 rechazar la instalaci\u00f3n de todas las cookies o algunas de ellas. La mayor\u00eda de los navegadores advierten de la presencia de cookies o las rechazan autom\u00e1ticamente. Si son rechazados, podr\u00e1 seguir utilizando nuestro Sitio Web, aunque el uso de algunos de sus servicios puede ser limitado y por tanto su experiencia en nuestro Sitio Web ser\u00e1 menos satisfactoria.<\/p><\/div>\t\t\t\t<\/div>\n\t\t\t\t<\/div>\n\t\t\t\t<div class=\"elementor-element elementor-element-5e0b647 elementor-invisible elementor-widget elementor-widget-pix-badge\" data-id=\"5e0b647\" data-element_type=\"widget\" data-e-type=\"widget\" data-widget_type=\"pix-badge.default\">\n\t\t\t\t<div class=\"elementor-widget-container\">\n\t\t\t\t\t<span class=\"pix-badge-element h5 d-inline-flex mr-1 animate-in\" data-anim-type=\"fade-in-left\" data-anim-delay=\"600\"><span class=\"badge font-weight-bold shadow bg-primary  pix-px-10\" style=\" \"><span class=\"text-white\" style=\"\">RETIRAR MI CONSENTIMIENTO<\/span><\/span><\/span>\t\t\t\t<\/div>\n\t\t\t\t<\/div>\n\t\t\t\t<div class=\"elementor-element elementor-element-4fd1827 elementor-widget elementor-widget-pix-text\" data-id=\"4fd1827\" data-element_type=\"widget\" data-e-type=\"widget\" data-widget_type=\"pix-text.default\">\n\t\t\t\t<div class=\"elementor-widget-container\">\n\t\t\t\t\t<div class=\"pix-el-text w-100 text-left \" ><p class=\"text-18 resp-option text-gray-6 text-left \" >Si en alg\u00fan momento desea retirar su consentimiento con respecto a esta Pol\u00edtica de Cookies, debe eliminar las cookies almacenadas en su computadora utilizando los ajustes y configuraciones de su navegador de Internet.<\/p><\/div>\t\t\t\t<\/div>\n\t\t\t\t<\/div>\n\t\t\t\t<div class=\"elementor-element elementor-element-d5be678 elementor-invisible elementor-widget elementor-widget-pix-badge\" data-id=\"d5be678\" data-element_type=\"widget\" data-e-type=\"widget\" data-widget_type=\"pix-badge.default\">\n\t\t\t\t<div class=\"elementor-widget-container\">\n\t\t\t\t\t<span class=\"pix-badge-element h5 d-inline-flex mr-1 animate-in\" data-anim-type=\"fade-in-left\" data-anim-delay=\"600\"><span class=\"badge font-weight-bold shadow bg-primary  pix-px-10\" style=\" \"><span class=\"text-white\" style=\"\">CAMBIAR LA CONFIGURACI\u00d3N Y LA CONFIGURACI\u00d3N DE LAS COOKIES<\/span><\/span><\/span>\t\t\t\t<\/div>\n\t\t\t\t<\/div>\n\t\t\t\t<div class=\"elementor-element elementor-element-35f3695 elementor-widget elementor-widget-pix-text\" data-id=\"35f3695\" data-element_type=\"widget\" data-e-type=\"widget\" data-widget_type=\"pix-text.default\">\n\t\t\t\t<div class=\"elementor-widget-container\">\n\t\t\t\t\t<div class=\"pix-el-text w-100 text-left \" ><p class=\"text-18 resp-option text-gray-6 text-left \" >A menos que haya alterado la configuraci\u00f3n de su navegador, nuestro sistema crear\u00e1 cookies cada vez que visite nuestro sitio web. Tenga en cuenta que todos los navegadores de Internet permiten cambiar la configuraci\u00f3n. Para obtener m\u00e1s informaci\u00f3n sobre c\u00f3mo modificar su configuraci\u00f3n de cookies en los siguientes navegadores, hemos proporcionado el enlace correspondiente:<br><br>\nChrome:https:\/\/support.google.com\/chrome\/answer\/95647?hl=en<br>\nExplorer:https:\/\/support.microsoft.com\/en-us\/help\/17442\/windows-internet-explorer-delete-manage-cookies<br>\nFirefox:https:\/\/support.mozilla.org\/en-US\/kb\/cookies-information-websites-store-on-your-computer\n<\/p><\/div>\t\t\t\t<\/div>\n\t\t\t\t<\/div>\n\t\t\t\t<div class=\"elementor-element elementor-element-e2baa40 elementor-invisible elementor-widget elementor-widget-pix-badge\" data-id=\"e2baa40\" data-element_type=\"widget\" data-e-type=\"widget\" data-widget_type=\"pix-badge.default\">\n\t\t\t\t<div class=\"elementor-widget-container\">\n\t\t\t\t\t<span class=\"pix-badge-element h5 d-inline-flex mr-1 animate-in\" data-anim-type=\"fade-in-left\" data-anim-delay=\"600\"><span class=\"badge font-weight-bold shadow bg-primary  pix-px-10\" style=\" \"><span class=\"text-white\" style=\"\">CAMBIOS EN LA POL\u00cdTICA DE COOKIES<\/span><\/span><\/span>\t\t\t\t<\/div>\n\t\t\t\t<\/div>\n\t\t\t\t<div class=\"elementor-element elementor-element-894858b elementor-widget elementor-widget-pix-text\" data-id=\"894858b\" data-element_type=\"widget\" data-e-type=\"widget\" data-widget_type=\"pix-text.default\">\n\t\t\t\t<div class=\"elementor-widget-container\">\n\t\t\t\t\t<div class=\"pix-el-text w-100 text-left \" ><p class=\"text-18 resp-option text-gray-6 text-left \" >Es posible que podamos actualizar la Pol\u00edtica de Cookies de nuestro Sitio Web; por ello, le recomendamos revisar esta pol\u00edtica cada vez que acceda a nuestro Sitio Web con el fin de estar adecuadamente informado sobre c\u00f3mo y por qu\u00e9 utilizamos las cookies.<\/p><\/div>\t\t\t\t<\/div>\n\t\t\t\t<\/div>\n\t\t\t\t\t<\/div>\n\t\t<\/div>\n\t\t\t\t\t<\/div>\n\t\t<\/section>\n\t\t\t\t<\/div>\n\t\t","protected":false},"excerpt":{"rendered":"<p>Consejo Consultivo de Mercados Pol\u00edtica de cookies Lea atentamente nuestra pol\u00edtica de cookies Nuestro sitio web Marketac.eu (el \u00abSitio Web\u00bb) utiliza tecnolog\u00eda conocida como cookies con el fin de capturar informaci\u00f3n sobre el uso que se hace del Sitio Web&#8230;.<\/p>\n","protected":false},"author":1,"featured_media":0,"parent":0,"menu_order":5,"comment_status":"closed","ping_status":"closed","template":"","meta":{"footnotes":""},"class_list":["post-26691","page","type-page","status-publish","hentry"],"_links":{"self":[{"href":"https:\/\/marketac.eu\/es\/wp-json\/wp\/v2\/pages\/26691","targetHints":{"allow":["GET"]}}],"collection":[{"href":"https:\/\/marketac.eu\/es\/wp-json\/wp\/v2\/pages"}],"about":[{"href":"https:\/\/marketac.eu\/es\/wp-json\/wp\/v2\/types\/page"}],"author":[{"embeddable":true,"href":"https:\/\/marketac.eu\/es\/wp-json\/wp\/v2\/users\/1"}],"replies":[{"embeddable":true,"href":"https:\/\/marketac.eu\/es\/wp-json\/wp\/v2\/comments?post=26691"}],"version-history":[{"count":4,"href":"https:\/\/marketac.eu\/es\/wp-json\/wp\/v2\/pages\/26691\/revisions"}],"predecessor-version":[{"id":26695,"href":"https:\/\/marketac.eu\/es\/wp-json\/wp\/v2\/pages\/26691\/revisions\/26695"}],"wp:attachment":[{"href":"https:\/\/marketac.eu\/es\/wp-json\/wp\/v2\/media?parent=26691"}],"curies":[{"name":"wp","href":"https:\/\/api.w.org\/{rel}","templated":true}]}}