
{"id":26677,"date":"2021-09-23T22:23:39","date_gmt":"2021-09-23T22:23:39","guid":{"rendered":"https:\/\/marketac.eu\/privacy-policy\/"},"modified":"2021-12-15T15:54:09","modified_gmt":"2021-12-15T15:54:09","slug":"privacy-policy","status":"publish","type":"page","link":"https:\/\/marketac.eu\/es\/privacy-policy\/","title":{"rendered":"Pol\u00edtica de Privacidad"},"content":{"rendered":"\t\t<div data-elementor-type=\"wp-page\" data-elementor-id=\"26677\" class=\"elementor elementor-26677 elementor-14709\" data-elementor-post-type=\"page\">\n\t\t\t\t\t\t<section class=\"elementor-section elementor-top-section elementor-element elementor-element-48fe9ac6 elementor-section-boxed elementor-section-height-default elementor-section-height-default\" data-id=\"48fe9ac6\" data-element_type=\"section\" data-e-type=\"section\">\n\t\t\t\t\t\t<div class=\"elementor-container elementor-column-gap-default\">\n\t\t\t\t\t<div class=\"elementor-column elementor-col-100 elementor-top-column elementor-element elementor-element-6c2da88e\" data-id=\"6c2da88e\" data-element_type=\"column\" data-e-type=\"column\">\n\t\t\t<div class=\"elementor-widget-wrap elementor-element-populated\">\n\t\t\t\t\t\t<div class=\"elementor-element elementor-element-167e6539 elementor-widget elementor-widget-pix-badge\" data-id=\"167e6539\" data-element_type=\"widget\" data-e-type=\"widget\" data-widget_type=\"pix-badge.default\">\n\t\t\t\t<div class=\"elementor-widget-container\">\n\t\t\t\t\t<div class=\"pix-element-div w-100 text-center\"><span class=\"pix-badge-element h6 d-inline-flex mr-1 \"  ><span class=\"badge font-weight-bold  bg-secondary  \" style=\" \"><span class=\"text-white\" style=\"\">Consejo Consultivo de Mercados<\/span><\/span><\/span><\/div>\t\t\t\t<\/div>\n\t\t\t\t<\/div>\n\t\t\t\t<div class=\"elementor-element elementor-element-7d6e9220 elementor-widget elementor-widget-pix-sliding-text\" data-id=\"7d6e9220\" data-element_type=\"widget\" data-e-type=\"widget\" data-settings=\"{&quot;_animation&quot;:&quot;none&quot;}\" data-widget_type=\"pix-sliding-text.default\">\n\t\t\t\t<div class=\"elementor-widget-container\">\n\t\t\t\t\t<div id=\"el-7d6e9220\" class=\"mb-3 text-center \"><div class=\"d-inline-block\" style=\"max-width:600px;\"><h3 class=\"mb-32 pix-sliding-headline-2 animate-in font-weight-bold secondary-font \" data-anim-type=\"pix-sliding-text\" pix-anim-delay=\"500\" data-class=\"secondary-font text-gradient-primary\" style=\"\"><span class=\"slide-in-container \"><span class=\"pix-sliding-item secondary-font text-gradient-primary\" style=\"transition-delay: 0ms;\">Pol\u00edtica&#32;<\/span><\/span> <span class=\"slide-in-container \"><span class=\"pix-sliding-item secondary-font text-gradient-primary\" style=\"transition-delay: 150ms;\">de&#32;<\/span><\/span> <span class=\"slide-in-container \"><span class=\"pix-sliding-item secondary-font text-gradient-primary\" style=\"transition-delay: 300ms;\">Privacidad&#32;<\/span><\/span> <\/h3><\/div><\/div>\t\t\t\t<\/div>\n\t\t\t\t<\/div>\n\t\t\t\t<div class=\"elementor-element elementor-element-7ba87b4f elementor-widget elementor-widget-pix-text\" data-id=\"7ba87b4f\" data-element_type=\"widget\" data-e-type=\"widget\" data-widget_type=\"pix-text.default\">\n\t\t\t\t<div class=\"elementor-widget-container\">\n\t\t\t\t\t<div class=\"pix-el-text w-100 text-center \" ><div class=\"d-inline-block\" style=\"max-width:600px;\"><p class=\"text-18 resp-option text-body-default text-center \" >Lea atentamente nuestra pol\u00edtica de privacidad<\/p><\/div><\/div>\t\t\t\t<\/div>\n\t\t\t\t<\/div>\n\t\t\t\t\t<\/div>\n\t\t<\/div>\n\t\t\t\t\t<\/div>\n\t\t<\/section>\n\t\t\t\t<section class=\"elementor-section elementor-top-section elementor-element elementor-element-88669fb elementor-section-stretched elementor-section-boxed elementor-section-height-default elementor-section-height-default\" data-id=\"88669fb\" data-element_type=\"section\" data-e-type=\"section\" data-settings=\"{&quot;stretch_section&quot;:&quot;section-stretched&quot;,&quot;background_background&quot;:&quot;classic&quot;}\">\n\t\t\t\t\t\t<div class=\"elementor-container elementor-column-gap-default\">\n\t\t\t\t\t<div class=\"elementor-column elementor-col-100 elementor-top-column elementor-element elementor-element-b33b1e5\" data-id=\"b33b1e5\" data-element_type=\"column\" data-e-type=\"column\">\n\t\t\t<div class=\"elementor-widget-wrap elementor-element-populated\">\n\t\t\t\t\t\t<div class=\"elementor-element elementor-element-5c3126a elementor-invisible elementor-widget elementor-widget-pix-badge\" data-id=\"5c3126a\" data-element_type=\"widget\" data-e-type=\"widget\" data-widget_type=\"pix-badge.default\">\n\t\t\t\t<div class=\"elementor-widget-container\">\n\t\t\t\t\t<span class=\"pix-badge-element h5 d-inline-flex mr-1 animate-in\" data-anim-type=\"fade-in-left\" data-anim-delay=\"600\"><span class=\"badge font-weight-bold shadow bg-primary  pix-px-10\" style=\" \"><span class=\"text-white\" style=\"\">Recopilaci\u00f3n y uso de datos<\/span><\/span><\/span>\t\t\t\t<\/div>\n\t\t\t\t<\/div>\n\t\t\t\t<div class=\"elementor-element elementor-element-9d30f86 elementor-widget elementor-widget-pix-text\" data-id=\"9d30f86\" data-element_type=\"widget\" data-e-type=\"widget\" data-widget_type=\"pix-text.default\">\n\t\t\t\t<div class=\"elementor-widget-container\">\n\t\t\t\t\t<div class=\"pix-el-text w-100 text-left \" ><p class=\"text-18 resp-option text-gray-6 text-left \" >MAC recopila la informaci\u00f3n personal que usted proporciona para ofrecer diferentes servicios, como boletines informativos e informaci\u00f3n sobre eventos.  Los datos se recopilan en funci\u00f3n de los intereses leg\u00edtimos de MAC para mantenerlo actualizado de las actividades de MAC y \/ o en funci\u00f3n del contrato establecido entre usted y MAC (el contrato de asociaci\u00f3n). MAC se esfuerza por limitar la cantidad de informaci\u00f3n personal recopilada para respaldar el prop\u00f3sito previsto de la recopilaci\u00f3n. La informaci\u00f3n personal recopilada podr\u00eda utilizarse para contactarlo por correo electr\u00f3nico, tel\u00e9fono o correo postal.<\/p><\/div>\t\t\t\t<\/div>\n\t\t\t\t<\/div>\n\t\t\t\t<div class=\"elementor-element elementor-element-8894536 elementor-invisible elementor-widget elementor-widget-pix-badge\" data-id=\"8894536\" data-element_type=\"widget\" data-e-type=\"widget\" data-widget_type=\"pix-badge.default\">\n\t\t\t\t<div class=\"elementor-widget-container\">\n\t\t\t\t\t<span class=\"pix-badge-element h5 d-inline-flex mr-1 animate-in\" data-anim-type=\"fade-in-left\" data-anim-delay=\"600\"><span class=\"badge font-weight-bold shadow bg-primary  pix-px-10\" style=\" \"><span class=\"text-white\" style=\"\">Cookies<\/span><\/span><\/span>\t\t\t\t<\/div>\n\t\t\t\t<\/div>\n\t\t\t\t<div class=\"elementor-element elementor-element-dd7751c elementor-widget elementor-widget-pix-text\" data-id=\"dd7751c\" data-element_type=\"widget\" data-e-type=\"widget\" data-widget_type=\"pix-text.default\">\n\t\t\t\t<div class=\"elementor-widget-container\">\n\t\t\t\t\t<div class=\"pix-el-text w-100 text-left \" ><p class=\"text-18 resp-option text-gray-6 text-left \" >El sitio web de MAC utiliza cookies: peque\u00f1os archivos de texto que se colocan en su m\u00e1quina para ayudar al sitio a proporcionar una mejor experiencia de usuario. En general, las cookies se utilizan para conservar las preferencias del usuario y proporcionar datos de seguimiento an\u00f3nimos a aplicaciones de terceros como Google Analytics.<br> <br>Dicha informaci\u00f3n no lo identificar\u00e1 personalmente, se trata de datos estad\u00edsticos sobre nuestros visitantes y su uso de nuestro sitio. Estos datos estad\u00edsticos no identifican ning\u00fan dato personal. De manera similar a lo anterior, podemos recopilar informaci\u00f3n sobre su uso general de Internet mediante el uso de un archivo de cookies. Cuando se utilizan, estas cookies se descargan autom\u00e1ticamente en su ordenador. Este archivo de cookies se almacena en el disco duro de su computadora, ya que las cookies contienen informaci\u00f3n que se transfiere al disco duro de su computadora. Nos ayudan a mejorar nuestro sitio web y el servicio que le brindamos. <br><br>Como regla general, las cookies mejorar\u00e1n su experiencia de navegaci\u00f3n. Sin embargo, es posible que prefiera deshabilitar las cookies en este sitio y en otros. La forma m\u00e1s efectiva de hacerlo es deshabilitar las cookies en su navegador. Le sugerimos que consulte la secci\u00f3n de Ayuda de su navegador o que eche un vistazo al sitio web Acerca de las cookies, que ofrece orientaci\u00f3n para todos los navegadores modernos. MAC se esfuerza por limitar la cantidad de informaci\u00f3n personal recopilada para respaldar el prop\u00f3sito previsto de la recopilaci\u00f3n. La informaci\u00f3n personal recopilada podr\u00eda utilizarse para contactarlo por correo electr\u00f3nico, tel\u00e9fono o correo postal.<\/p><\/div>\t\t\t\t<\/div>\n\t\t\t\t<\/div>\n\t\t\t\t<div class=\"elementor-element elementor-element-3a7945e elementor-invisible elementor-widget elementor-widget-pix-badge\" data-id=\"3a7945e\" data-element_type=\"widget\" data-e-type=\"widget\" data-widget_type=\"pix-badge.default\">\n\t\t\t\t<div class=\"elementor-widget-container\">\n\t\t\t\t\t<span class=\"pix-badge-element h5 d-inline-flex mr-1 animate-in\" data-anim-type=\"fade-in-left\" data-anim-delay=\"600\"><span class=\"badge font-weight-bold shadow bg-primary  pix-px-10\" style=\" \"><span class=\"text-white\" style=\"\">Transferencia de datos<\/span><\/span><\/span>\t\t\t\t<\/div>\n\t\t\t\t<\/div>\n\t\t\t\t<div class=\"elementor-element elementor-element-d58835a elementor-widget elementor-widget-pix-text\" data-id=\"d58835a\" data-element_type=\"widget\" data-e-type=\"widget\" data-widget_type=\"pix-text.default\">\n\t\t\t\t<div class=\"elementor-widget-container\">\n\t\t\t\t\t<div class=\"pix-el-text w-100 text-left \" ><p class=\"text-18 resp-option text-gray-6 text-left \" >MAC will not use, share, rent or sell your information with anyone except as described in this Privacy Policy. No data is stored or transferred outside Europe.For auditing purposes we may show attendee lists obtained at events to donors for the sole purpose of verifying that funded events took place.<\/p><\/div>\t\t\t\t<\/div>\n\t\t\t\t<\/div>\n\t\t\t\t<div class=\"elementor-element elementor-element-861bf16 elementor-invisible elementor-widget elementor-widget-pix-badge\" data-id=\"861bf16\" data-element_type=\"widget\" data-e-type=\"widget\" data-widget_type=\"pix-badge.default\">\n\t\t\t\t<div class=\"elementor-widget-container\">\n\t\t\t\t\t<span class=\"pix-badge-element h5 d-inline-flex mr-1 animate-in\" data-anim-type=\"fade-in-left\" data-anim-delay=\"600\"><span class=\"badge font-weight-bold shadow bg-primary  pix-px-10\" style=\" \"><span class=\"text-white\" style=\"\">Proveedores de servicios<\/span><\/span><\/span>\t\t\t\t<\/div>\n\t\t\t\t<\/div>\n\t\t\t\t<div class=\"elementor-element elementor-element-32c2e24 elementor-widget elementor-widget-pix-text\" data-id=\"32c2e24\" data-element_type=\"widget\" data-e-type=\"widget\" data-widget_type=\"pix-text.default\">\n\t\t\t\t<div class=\"elementor-widget-container\">\n\t\t\t\t\t<div class=\"pix-el-text w-100 text-left \" ><p class=\"text-18 resp-option text-gray-6 text-left \" >MAC puede emplear a empresas e individuos de terceros debido a las siguientes razones:\n<ul>\n \t<li>Para facilitar nuestro Servicio<\/li>\n \t<li>Para proporcionar el Servicio en nuestro nombre<\/li>\n \t<li>Para realizar servicios relacionados con el servicio<\/li>\n \t<li>Para ayudarnos a analizar c\u00f3mo se utiliza nuestro Servicio.<\/li>\n \t<li>Estos proveedores de servicios incluyen: Microsoft, Mailchimp, Dropbox, etc. Solo elegimos empresas de terceros que cumplan con el RGPD.<\/li>\n<\/ul><\/p><\/div>\t\t\t\t<\/div>\n\t\t\t\t<\/div>\n\t\t\t\t<div class=\"elementor-element elementor-element-317c374 elementor-invisible elementor-widget elementor-widget-pix-badge\" data-id=\"317c374\" data-element_type=\"widget\" data-e-type=\"widget\" data-widget_type=\"pix-badge.default\">\n\t\t\t\t<div class=\"elementor-widget-container\">\n\t\t\t\t\t<span class=\"pix-badge-element h5 d-inline-flex mr-1 animate-in\" data-anim-type=\"fade-in-left\" data-anim-delay=\"600\"><span class=\"badge font-weight-bold shadow bg-primary  pix-px-10\" style=\" \"><span class=\"text-white\" style=\"\">Control de su informaci\u00f3n personal<\/span><\/span><\/span>\t\t\t\t<\/div>\n\t\t\t\t<\/div>\n\t\t\t\t<div class=\"elementor-element elementor-element-ee6c8e4 elementor-widget elementor-widget-pix-text\" data-id=\"ee6c8e4\" data-element_type=\"widget\" data-e-type=\"widget\" data-widget_type=\"pix-text.default\">\n\t\t\t\t<div class=\"elementor-widget-container\">\n\t\t\t\t\t<div class=\"pix-el-text w-100 text-left \" ><p class=\"text-18 resp-option text-gray-6 text-left \" >Su informaci\u00f3n personal es totalmente accesible poni\u00e9ndose en contacto con MAC. Tambi\u00e9n podemos transferir los datos recopilados de conformidad con el contrato de asociaci\u00f3n a otra asociaci\u00f3n (portabilidad de datos). Si cree que cualquier informaci\u00f3n que tenemos sobre usted es incorrecta o incompleta, escr\u00edbanos o env\u00edenos un correo electr\u00f3nico lo antes posible a la direcci\u00f3n: secretary@marketac.eu . <br><br>Corregiremos de inmediato cualquier informaci\u00f3n que se encuentre incorrecta.  Si desea ser eliminado por completo de nuestra base de datos o si desea una restricci\u00f3n de su procesamiento de datos, env\u00ede un correo electr\u00f3nico a secretary@marketac.eu o, alternativamente, puede usar el bot\u00f3n de cancelaci\u00f3n de suscripci\u00f3n que puede estar contenido en la comunicaci\u00f3n. Si usted es miembro de la asociaci\u00f3n, tenga en cuenta que el hecho de que solicite ser eliminado de nuestra base de datos o limitar nuestro acceso a sus datos, nos hace que no podamos convocarlo a las reuniones u otras actividades de la asociaci\u00f3n.  <br><br>Si le preocupa que no hayamos cumplido con sus derechos legales o las leyes de privacidad aplicables, puede ponerse en contacto con la CPP (Comisi\u00f3n para la Protecci\u00f3n de la Privacidad www.privacycommission.be) (que es el regulador responsable de la protecci\u00f3n de datos en B\u00e9lgica, donde se encuentra MAC). Alternativamente, si se encuentra fuera de B\u00e9lgica, puede ponerse en contacto con su autoridad local de protecci\u00f3n de datos.<\/p><\/div>\t\t\t\t<\/div>\n\t\t\t\t<\/div>\n\t\t\t\t<div class=\"elementor-element elementor-element-6c4dfdd elementor-invisible elementor-widget elementor-widget-pix-badge\" data-id=\"6c4dfdd\" data-element_type=\"widget\" data-e-type=\"widget\" data-widget_type=\"pix-badge.default\">\n\t\t\t\t<div class=\"elementor-widget-container\">\n\t\t\t\t\t<span class=\"pix-badge-element h5 d-inline-flex mr-1 animate-in\" data-anim-type=\"fade-in-left\" data-anim-delay=\"600\"><span class=\"badge font-weight-bold shadow bg-primary  pix-px-10\" style=\" \"><span class=\"text-white\" style=\"\">Per\u00edodo de almacenamiento<\/span><\/span><\/span>\t\t\t\t<\/div>\n\t\t\t\t<\/div>\n\t\t\t\t<div class=\"elementor-element elementor-element-d1a3678 elementor-widget elementor-widget-pix-text\" data-id=\"d1a3678\" data-element_type=\"widget\" data-e-type=\"widget\" data-widget_type=\"pix-text.default\">\n\t\t\t\t<div class=\"elementor-widget-container\">\n\t\t\t\t\t<div class=\"pix-el-text w-100 text-left \" ><p class=\"text-18 resp-option text-gray-6 text-left \" >MAC almacenar\u00e1 su informaci\u00f3n mientras utilice nuestros Servicios o sea miembro de nuestra red.<\/p><\/div>\t\t\t\t<\/div>\n\t\t\t\t<\/div>\n\t\t\t\t<div class=\"elementor-element elementor-element-19ae30d elementor-invisible elementor-widget elementor-widget-pix-badge\" data-id=\"19ae30d\" data-element_type=\"widget\" data-e-type=\"widget\" data-widget_type=\"pix-badge.default\">\n\t\t\t\t<div class=\"elementor-widget-container\">\n\t\t\t\t\t<span class=\"pix-badge-element h5 d-inline-flex mr-1 animate-in\" data-anim-type=\"fade-in-left\" data-anim-delay=\"600\"><span class=\"badge font-weight-bold shadow bg-primary  pix-px-10\" style=\" \"><span class=\"text-white\" style=\"\">Privacidad de los ni\u00f1os<\/span><\/span><\/span>\t\t\t\t<\/div>\n\t\t\t\t<\/div>\n\t\t\t\t<div class=\"elementor-element elementor-element-00756d6 elementor-widget elementor-widget-pix-text\" data-id=\"00756d6\" data-element_type=\"widget\" data-e-type=\"widget\" data-widget_type=\"pix-text.default\">\n\t\t\t\t<div class=\"elementor-widget-container\">\n\t\t\t\t\t<div class=\"pix-el-text w-100 text-left \" ><p class=\"text-18 resp-option text-gray-6 text-left \" >Nuestros Servicios no se dirigen a ninguna persona menor de 16 a\u00f1os. No recopilamos a sabiendas informaci\u00f3n de identificaci\u00f3n personal de ni\u00f1os menores de 16 a\u00f1os. En el caso de que descubramos que un ni\u00f1o menor de 16 a\u00f1os nos ha proporcionado informaci\u00f3n personal, la eliminamos inmediatamente de nuestros servidores. Si usted es un padre o tutor y sabe que su hijo nos ha proporcionado informaci\u00f3n personal, comun\u00edquese con nosotros para que podamos tomar las medidas necesarias.<\/p><\/div>\t\t\t\t<\/div>\n\t\t\t\t<\/div>\n\t\t\t\t<div class=\"elementor-element elementor-element-97ef6ac elementor-invisible elementor-widget elementor-widget-pix-badge\" data-id=\"97ef6ac\" data-element_type=\"widget\" data-e-type=\"widget\" data-widget_type=\"pix-badge.default\">\n\t\t\t\t<div class=\"elementor-widget-container\">\n\t\t\t\t\t<span class=\"pix-badge-element h5 d-inline-flex mr-1 animate-in\" data-anim-type=\"fade-in-left\" data-anim-delay=\"600\"><span class=\"badge font-weight-bold shadow bg-primary  pix-px-10\" style=\" \"><span class=\"text-white\" style=\"\">Seguridad<\/span><\/span><\/span>\t\t\t\t<\/div>\n\t\t\t\t<\/div>\n\t\t\t\t<div class=\"elementor-element elementor-element-8a7f39b elementor-widget elementor-widget-pix-text\" data-id=\"8a7f39b\" data-element_type=\"widget\" data-e-type=\"widget\" data-widget_type=\"pix-text.default\">\n\t\t\t\t<div class=\"elementor-widget-container\">\n\t\t\t\t\t<div class=\"pix-el-text w-100 text-left \" ><p class=\"text-18 resp-option text-gray-6 text-left \" >Tomamos precauciones para proteger su informaci\u00f3n tanto en l\u00ednea como fuera de l\u00ednea. Solo los empleados que necesitan la informaci\u00f3n para realizar acciones espec\u00edficas tienen acceso a la informaci\u00f3n de identificaci\u00f3n personal. Las computadoras \/ servidores en los que almacenamos informaci\u00f3n de identificaci\u00f3n personal est\u00e1n protegidos y se mantienen en un entorno seguro.<\/p><\/div>\t\t\t\t<\/div>\n\t\t\t\t<\/div>\n\t\t\t\t<div class=\"elementor-element elementor-element-c4d7c37 elementor-invisible elementor-widget elementor-widget-pix-badge\" data-id=\"c4d7c37\" data-element_type=\"widget\" data-e-type=\"widget\" data-widget_type=\"pix-badge.default\">\n\t\t\t\t<div class=\"elementor-widget-container\">\n\t\t\t\t\t<span class=\"pix-badge-element h5 d-inline-flex mr-1 animate-in\" data-anim-type=\"fade-in-left\" data-anim-delay=\"600\"><span class=\"badge font-weight-bold shadow bg-primary  pix-px-10\" style=\" \"><span class=\"text-white\" style=\"\">Datos del solicitante<\/span><\/span><\/span>\t\t\t\t<\/div>\n\t\t\t\t<\/div>\n\t\t\t\t<div class=\"elementor-element elementor-element-745e80b elementor-widget elementor-widget-pix-text\" data-id=\"745e80b\" data-element_type=\"widget\" data-e-type=\"widget\" data-widget_type=\"pix-text.default\">\n\t\t\t\t<div class=\"elementor-widget-container\">\n\t\t\t\t\t<div class=\"pix-el-text w-100 text-left \" ><p class=\"text-18 resp-option text-gray-6 text-left \" >MAC se compromete a proteger la privacidad y los datos personales de los datos de los solicitantes de empleo.<\/p><\/div>\t\t\t\t<\/div>\n\t\t\t\t<\/div>\n\t\t\t\t<div class=\"elementor-element elementor-element-604aa25 elementor-invisible elementor-widget elementor-widget-pix-badge\" data-id=\"604aa25\" data-element_type=\"widget\" data-e-type=\"widget\" data-widget_type=\"pix-badge.default\">\n\t\t\t\t<div class=\"elementor-widget-container\">\n\t\t\t\t\t<span class=\"pix-badge-element h5 d-inline-flex mr-1 animate-in\" data-anim-type=\"fade-in-left\" data-anim-delay=\"600\"><span class=\"badge font-weight-bold shadow bg-primary  pix-px-10\" style=\" \"><span class=\"text-white\" style=\"\">Actualizar<\/span><\/span><\/span>\t\t\t\t<\/div>\n\t\t\t\t<\/div>\n\t\t\t\t<div class=\"elementor-element elementor-element-aec9ff9 elementor-widget elementor-widget-pix-text\" data-id=\"aec9ff9\" data-element_type=\"widget\" data-e-type=\"widget\" data-widget_type=\"pix-text.default\">\n\t\t\t\t<div class=\"elementor-widget-container\">\n\t\t\t\t\t<div class=\"pix-el-text w-100 text-left \" ><p class=\"text-18 resp-option text-gray-6 text-left \" >Esta pol\u00edtica se actualiza de vez en cuando. La \u00faltima versi\u00f3n est\u00e1 disponible en esta p\u00e1gina. Le recomendamos que revise esta p\u00e1gina peri\u00f3dicamente para cualquier cambio. Estos cambios son efectivos inmediatamente, despu\u00e9s de que se publiquen en esta p\u00e1gina.\n<br><br>\nSi tiene alguna pregunta sobre esta pol\u00edtica, env\u00ede un correo electr\u00f3nico a <strong>secretary@marketac.eu.<\/strong><\/p><\/div>\t\t\t\t<\/div>\n\t\t\t\t<\/div>\n\t\t\t\t\t<\/div>\n\t\t<\/div>\n\t\t\t\t\t<\/div>\n\t\t<\/section>\n\t\t\t\t<\/div>\n\t\t","protected":false},"excerpt":{"rendered":"<p>Consejo Consultivo de Mercados Pol\u00edtica de Privacidad Lea atentamente nuestra pol\u00edtica de privacidad Recopilaci\u00f3n y uso de datos MAC recopila la informaci\u00f3n personal que usted proporciona para ofrecer diferentes servicios, como boletines informativos e informaci\u00f3n sobre eventos. Los datos se&#8230;<\/p>\n","protected":false},"author":1,"featured_media":0,"parent":0,"menu_order":13,"comment_status":"closed","ping_status":"closed","template":"","meta":{"footnotes":""},"class_list":["post-26677","page","type-page","status-publish","hentry"],"_links":{"self":[{"href":"https:\/\/marketac.eu\/es\/wp-json\/wp\/v2\/pages\/26677","targetHints":{"allow":["GET"]}}],"collection":[{"href":"https:\/\/marketac.eu\/es\/wp-json\/wp\/v2\/pages"}],"about":[{"href":"https:\/\/marketac.eu\/es\/wp-json\/wp\/v2\/types\/page"}],"author":[{"embeddable":true,"href":"https:\/\/marketac.eu\/es\/wp-json\/wp\/v2\/users\/1"}],"replies":[{"embeddable":true,"href":"https:\/\/marketac.eu\/es\/wp-json\/wp\/v2\/comments?post=26677"}],"version-history":[{"count":10,"href":"https:\/\/marketac.eu\/es\/wp-json\/wp\/v2\/pages\/26677\/revisions"}],"predecessor-version":[{"id":26687,"href":"https:\/\/marketac.eu\/es\/wp-json\/wp\/v2\/pages\/26677\/revisions\/26687"}],"wp:attachment":[{"href":"https:\/\/marketac.eu\/es\/wp-json\/wp\/v2\/media?parent=26677"}],"curies":[{"name":"wp","href":"https:\/\/api.w.org\/{rel}","templated":true}]}}